{"id":1022,"date":"2020-01-29T14:46:53","date_gmt":"2020-01-29T14:46:53","guid":{"rendered":"https:\/\/klassenlotterie.com\/?page_id=1022"},"modified":"2021-03-23T13:41:11","modified_gmt":"2021-03-23T13:41:11","slug":"luxusreisen-2","status":"publish","type":"page","link":"https:\/\/klassenlotterie.com\/de\/kln\/neuigkeiten\/luxusreisen-2\/","title":{"rendered":"LUXUSREISEN"},"content":{"rendered":"\n<p>Tr\u00e4ume werden zu Luxus! Z\u00f6gern Sie nie, weit fortzugehen, hinter alle Meere, alle Grenzen, alle L\u00e4nder, mit all dem erdenklichen Luxus, den das Reisen zum sch\u00f6nsten Moment werden l\u00e4sst.<\/p>\n\n\n\n<p>Am&nbsp;<em><strong>7. Mai 2021<\/strong><\/em>&nbsp;verlost KLN 330 Luxusreisen im Gesamtwert von&nbsp;<strong>4.9 Millionen Euro<\/strong>&nbsp;(Wert pro Luxusreise 15.000 Euro f\u00fcr 2 Personen).<\/p>\n","protected":false},"excerpt":{"rendered":"<p>Tr\u00e4ume werden zu Luxus! Z\u00f6gern Sie nie, weit fortzugehen, hinter<\/p>\n","protected":false},"author":2,"featured_media":1442,"parent":115,"menu_order":0,"comment_status":"closed","ping_status":"closed","template":"page-news.php","meta":{"footnotes":""},"class_list":["post-1022","page","type-page","status-publish","has-post-thumbnail","hentry"],"_links":{"self":[{"href":"https:\/\/klassenlotterie.com\/de\/wp-json\/wp\/v2\/pages\/1022","targetHints":{"allow":["GET"]}}],"collection":[{"href":"https:\/\/klassenlotterie.com\/de\/wp-json\/wp\/v2\/pages"}],"about":[{"href":"https:\/\/klassenlotterie.com\/de\/wp-json\/wp\/v2\/types\/page"}],"author":[{"embeddable":true,"href":"https:\/\/klassenlotterie.com\/de\/wp-json\/wp\/v2\/users\/2"}],"replies":[{"embeddable":true,"href":"https:\/\/klassenlotterie.com\/de\/wp-json\/wp\/v2\/comments?post=1022"}],"version-history":[{"count":3,"href":"https:\/\/klassenlotterie.com\/de\/wp-json\/wp\/v2\/pages\/1022\/revisions"}],"predecessor-version":[{"id":1762,"href":"https:\/\/klassenlotterie.com\/de\/wp-json\/wp\/v2\/pages\/1022\/revisions\/1762"}],"up":[{"embeddable":true,"href":"https:\/\/klassenlotterie.com\/de\/wp-json\/wp\/v2\/pages\/115"}],"wp:featuredmedia":[{"embeddable":true,"href":"https:\/\/klassenlotterie.com\/de\/wp-json\/wp\/v2\/media\/1442"}],"wp:attachment":[{"href":"https:\/\/klassenlotterie.com\/de\/wp-json\/wp\/v2\/media?parent=1022"}],"curies":[{"name":"wp","href":"https:\/\/api.w.org\/{rel}","templated":true}]}}