{"id":1048,"date":"2020-01-29T16:04:04","date_gmt":"2020-01-29T16:04:04","guid":{"rendered":"https:\/\/klassenlotterie.com\/?page_id=1048"},"modified":"2021-03-23T14:57:16","modified_gmt":"2021-03-23T14:57:16","slug":"dethleffs-globetrotter-xl-i-wohnmobil-2","status":"publish","type":"page","link":"https:\/\/klassenlotterie.com\/de\/kln\/neuigkeiten\/dethleffs-globetrotter-xl-i-wohnmobil-2\/","title":{"rendered":"DETHLEFFS WOHNMOBIL"},"content":{"rendered":"\n<p>Die Summe perfekter Details. Luxus bedeutet auch, nicht an Ideen zu sparen. Der Dethleffs Wohnmobile \u00f6ffnet das Tor zur mobilen Luxusklasse. Er bietet alles, was anspruchsvolle Reisemobilisten erwarten. Er vereint Qualit\u00e4t und Robustheit der Oberklasse mit der spielerischen Leichtigkeit des modernen Reisemobilbaus. Der komplett verrottungssichere Aufbau von Seitenwand, Dach und Boden wird innen erg\u00e4nzt durch Leichtbau-M\u00f6bel im zeitgem\u00e4\u00dfen Design. Die GourmetPlus-K\u00fcche, das hochwertig ausgestattete Raumbad und die gem\u00fctliche Sitzgruppe mit serienm\u00e4\u00dfigem Panorama-Seitenfenster suchen ihresgleichen.<\/p>\n\n\n\n<p>Am\u00a0<em><strong>5. August 2021<\/strong><\/em>\u00a0verlost KLN 60 Dethleffs Wohnmobile im Gesamtwert von <strong>6,3 Millionen Euro<\/strong> (Wert pro Dethleffs Wohnmobile 105.000 Euro).<\/p>\n","protected":false},"excerpt":{"rendered":"<p>Die Summe perfekter Details. Luxus bedeutet auch, nicht an Ideen<\/p>\n","protected":false},"author":2,"featured_media":393,"parent":115,"menu_order":0,"comment_status":"closed","ping_status":"closed","template":"page-news.php","meta":{"footnotes":""},"class_list":["post-1048","page","type-page","status-publish","has-post-thumbnail","hentry"],"_links":{"self":[{"href":"https:\/\/klassenlotterie.com\/de\/wp-json\/wp\/v2\/pages\/1048","targetHints":{"allow":["GET"]}}],"collection":[{"href":"https:\/\/klassenlotterie.com\/de\/wp-json\/wp\/v2\/pages"}],"about":[{"href":"https:\/\/klassenlotterie.com\/de\/wp-json\/wp\/v2\/types\/page"}],"author":[{"embeddable":true,"href":"https:\/\/klassenlotterie.com\/de\/wp-json\/wp\/v2\/users\/2"}],"replies":[{"embeddable":true,"href":"https:\/\/klassenlotterie.com\/de\/wp-json\/wp\/v2\/comments?post=1048"}],"version-history":[{"count":2,"href":"https:\/\/klassenlotterie.com\/de\/wp-json\/wp\/v2\/pages\/1048\/revisions"}],"predecessor-version":[{"id":1775,"href":"https:\/\/klassenlotterie.com\/de\/wp-json\/wp\/v2\/pages\/1048\/revisions\/1775"}],"up":[{"embeddable":true,"href":"https:\/\/klassenlotterie.com\/de\/wp-json\/wp\/v2\/pages\/115"}],"wp:featuredmedia":[{"embeddable":true,"href":"https:\/\/klassenlotterie.com\/de\/wp-json\/wp\/v2\/media\/393"}],"wp:attachment":[{"href":"https:\/\/klassenlotterie.com\/de\/wp-json\/wp\/v2\/media?parent=1048"}],"curies":[{"name":"wp","href":"https:\/\/api.w.org\/{rel}","templated":true}]}}