{"id":122,"date":"2019-09-23T22:01:08","date_gmt":"2019-09-23T22:01:08","guid":{"rendered":"https:\/\/qa.klassenlotterie.com\/?page_id=122"},"modified":"2019-09-23T22:01:09","modified_gmt":"2019-09-23T22:01:09","slug":"bmw-i8","status":"publish","type":"page","link":"https:\/\/klassenlotterie.com\/de\/kln\/neuigkeiten\/bmw-i8\/","title":{"rendered":"BMW i8"},"content":{"rendered":"\n<p>Die Zukunft ist jetzt und aufregend wie nie: in Form des neuen BMW i8 Coup\u00e9. Begeisternd, faszinierend und bereit, Mobilit\u00e4t neu zu interpretieren. F\u00fcr innovative Freude am Fahren, soweit die Stra\u00dfe reicht. Schon allein der Anblick l\u00e4sst den Adrenalinspiegel steigen. Ebenso rasant schie\u00dft auch der Drehzahlmesser nach oben: der innovative Plug-in-Hybridantrieb erzeugt 275 kW (374 PS) und beschleunigt das neue BMW i8 Coup\u00e9 in 4,4 Sekunden von 0 auf 100 km\/h. Das BMW i8 Coup\u00e9 pr\u00e4sentiert sich futuristisch bis ins kleinste Detail. Seine progressive Linienf\u00fchrung spricht eine Formensprache, die kaum dynamischer sein kann. Das markanteste Merkmal: die imposanten Fl\u00fcgelt\u00fcren aus leichtem Carbon, die sich komfortabel \u00f6ffnen lassen. Die athletische Front f\u00fchrt den individuellen Charakter weiter und pr\u00e4sentiert eindrucksvoll die BMW Doppelniere, flankiert von Voll-LED-Scheinwerfern und neu konzipierten Air Curtains.<\/p>\n\n\n\n<p>Am 2. August 2019 verlosen wir 45 BMW i8 im Gesamtwert von 6.5 Millionen Euro (Wert pro BMW i8 145.000 Euro).<\/p>\n","protected":false},"excerpt":{"rendered":"<p>Die Zukunft ist jetzt und aufregend wie nie: in Form<\/p>\n","protected":false},"author":1,"featured_media":125,"parent":115,"menu_order":0,"comment_status":"closed","ping_status":"closed","template":"page-news.php","meta":{"footnotes":""},"class_list":["post-122","page","type-page","status-publish","has-post-thumbnail","hentry"],"_links":{"self":[{"href":"https:\/\/klassenlotterie.com\/de\/wp-json\/wp\/v2\/pages\/122","targetHints":{"allow":["GET"]}}],"collection":[{"href":"https:\/\/klassenlotterie.com\/de\/wp-json\/wp\/v2\/pages"}],"about":[{"href":"https:\/\/klassenlotterie.com\/de\/wp-json\/wp\/v2\/types\/page"}],"author":[{"embeddable":true,"href":"https:\/\/klassenlotterie.com\/de\/wp-json\/wp\/v2\/users\/1"}],"replies":[{"embeddable":true,"href":"https:\/\/klassenlotterie.com\/de\/wp-json\/wp\/v2\/comments?post=122"}],"version-history":[{"count":1,"href":"https:\/\/klassenlotterie.com\/de\/wp-json\/wp\/v2\/pages\/122\/revisions"}],"predecessor-version":[{"id":129,"href":"https:\/\/klassenlotterie.com\/de\/wp-json\/wp\/v2\/pages\/122\/revisions\/129"}],"up":[{"embeddable":true,"href":"https:\/\/klassenlotterie.com\/de\/wp-json\/wp\/v2\/pages\/115"}],"wp:featuredmedia":[{"embeddable":true,"href":"https:\/\/klassenlotterie.com\/de\/wp-json\/wp\/v2\/media\/125"}],"wp:attachment":[{"href":"https:\/\/klassenlotterie.com\/de\/wp-json\/wp\/v2\/media?parent=122"}],"curies":[{"name":"wp","href":"https:\/\/api.w.org\/{rel}","templated":true}]}}