{"id":130,"date":"2019-09-23T22:02:14","date_gmt":"2019-09-23T22:02:14","guid":{"rendered":"https:\/\/qa.klassenlotterie.com\/?page_id=130"},"modified":"2019-09-23T22:02:15","modified_gmt":"2019-09-23T22:02:15","slug":"bmw-x1","status":"publish","type":"page","link":"https:\/\/klassenlotterie.com\/de\/kln\/neuigkeiten\/bmw-x1\/","title":{"rendered":"BMW X1"},"content":{"rendered":"\n<p>Freiheit ist seine Natur. Ob zum Wandern in die Berge oder zum Entspannen an den Strand \u2013 der neue BMW X1 ist f\u00fcr alles zu haben und zu allem bereit. Der Allrounder strahlt in jedem Detail pure Tatkraft aus und begeistert durch innovative Technologien, die Sie bei all Ihren Pl\u00e4nen perfekt unterst\u00fctzten. Die X-typische Entschlossenheit ist dem neuen BMW X1 ins Gesicht geschrieben: Mit der markanten Doppelniere und den gro\u00dfen Lufteinl\u00e4ssen strahlt er in jeder Situation pures Selbstbewusstsein aus. Die auf Wunsch erh\u00e4ltlichen LED-Scheinwerfer unterstreichen seinen souver\u00e4nen Ausdruck. Noch mehr Sicherheit bieten sie in Kombination mit der optionalen adaptiven Lichtfunktion. Der Lichtstrahl wird an den Stra\u00dfenverlauf angepasst und die Fahrbahn immer optimal ausgeleuchtet. Erleben Sie ein neues Gef\u00fchl von Freiheit.<\/p>\n\n\n\n<p>Am 7. Juni 2019 k\u00f6nnen Sie 160 BMW X1 im Gesamtwert von 6.2 Millionen Euro (Wert pro BMW X1 39.000 Euro) gewinnen.<\/p>\n","protected":false},"excerpt":{"rendered":"<p>Freiheit ist seine Natur. Ob zum Wandern in die Berge<\/p>\n","protected":false},"author":1,"featured_media":123,"parent":115,"menu_order":0,"comment_status":"closed","ping_status":"closed","template":"page-news.php","meta":{"footnotes":""},"class_list":["post-130","page","type-page","status-publish","has-post-thumbnail","hentry"],"_links":{"self":[{"href":"https:\/\/klassenlotterie.com\/de\/wp-json\/wp\/v2\/pages\/130","targetHints":{"allow":["GET"]}}],"collection":[{"href":"https:\/\/klassenlotterie.com\/de\/wp-json\/wp\/v2\/pages"}],"about":[{"href":"https:\/\/klassenlotterie.com\/de\/wp-json\/wp\/v2\/types\/page"}],"author":[{"embeddable":true,"href":"https:\/\/klassenlotterie.com\/de\/wp-json\/wp\/v2\/users\/1"}],"replies":[{"embeddable":true,"href":"https:\/\/klassenlotterie.com\/de\/wp-json\/wp\/v2\/comments?post=130"}],"version-history":[{"count":1,"href":"https:\/\/klassenlotterie.com\/de\/wp-json\/wp\/v2\/pages\/130\/revisions"}],"predecessor-version":[{"id":131,"href":"https:\/\/klassenlotterie.com\/de\/wp-json\/wp\/v2\/pages\/130\/revisions\/131"}],"up":[{"embeddable":true,"href":"https:\/\/klassenlotterie.com\/de\/wp-json\/wp\/v2\/pages\/115"}],"wp:featuredmedia":[{"embeddable":true,"href":"https:\/\/klassenlotterie.com\/de\/wp-json\/wp\/v2\/media\/123"}],"wp:attachment":[{"href":"https:\/\/klassenlotterie.com\/de\/wp-json\/wp\/v2\/media?parent=130"}],"curies":[{"name":"wp","href":"https:\/\/api.w.org\/{rel}","templated":true}]}}