{"id":136,"date":"2019-09-24T06:40:33","date_gmt":"2019-09-24T06:40:33","guid":{"rendered":"https:\/\/qa.klassenlotterie.com\/?page_id=136"},"modified":"2025-10-23T11:14:37","modified_gmt":"2025-10-23T11:14:37","slug":"kls","status":"publish","type":"page","link":"https:\/\/klassenlotterie.com\/de\/kls\/","title":{"rendered":"KLS"},"content":{"rendered":"\n\t\t\t\t<section class=\"contentCarousel\">\n\t\t\t\t\t<div class=\"contentCarousel__container swiper-container\">\n\t\t                <div class=\"contentCarousel__list contentCarousel__list--count5 swiper-wrapper\">\n\t\t\t\t\t<div class=\"contentCarousel__item swiper-slide\">\n\t\t\t\t\t\t<div class=\"contentCarousel__media\">\n\t\t\t\t\t\t\t<div class=\"contentCarousel__blur\" style=\"background-image: url('https:\/\/klassenlotterie.com\/wp-content\/uploads\/TJ-Slideshow-Christmas-2025-1-300x94.jpg')\"><\/div>\n\t\t\t\t\t\t\t<img decoding=\"async\" src=\"https:\/\/klassenlotterie.com\/wp-content\/uploads\/TJ-Slideshow-Christmas-2025-1-1024x322.jpg\" srcset=\"https:\/\/klassenlotterie.com\/wp-content\/uploads\/TJ-Slideshow-Christmas-2025-1.jpg 3815w, https:\/\/klassenlotterie.com\/wp-content\/uploads\/TJ-Slideshow-Christmas-2025-1-300x94.jpg 300w, https:\/\/klassenlotterie.com\/wp-content\/uploads\/TJ-Slideshow-Christmas-2025-1-1024x322.jpg 1024w, https:\/\/klassenlotterie.com\/wp-content\/uploads\/TJ-Slideshow-Christmas-2025-1-768x242.jpg 768w, https:\/\/klassenlotterie.com\/wp-content\/uploads\/TJ-Slideshow-Christmas-2025-1-1536x483.jpg 1536w, https:\/\/klassenlotterie.com\/wp-content\/uploads\/TJ-Slideshow-Christmas-2025-1-2048x644.jpg 2048w, https:\/\/klassenlotterie.com\/wp-content\/uploads\/TJ-Slideshow-Christmas-2025-1-1920x604.jpg 1920w, https:\/\/klassenlotterie.com\/wp-content\/uploads\/TJ-Slideshow-Christmas-2025-1-2560x805.jpg 2560w\" sizes=\"(max-width: 3815px) 100vw, 3815px\" alt=\"\">\n\t\t\t\t\t\t<\/div>\n\t\t\t\t\t\t<div class=\"contentCarousel__panel\"><div class=\"contentCarousel__title\">TRAUMJOKER: GEWINNE W\u00d6CHENTLICH <\/div><a href=\"https:\/\/klassenlotterie.com\/de\/kls\/neuigkeiten\/weihnacht-traumjoker-2025\/\" class=\"contentCarousel__button button button--invert button--arrow\"><span class=\"button__title\">Weiterlesen<\/span><\/a><\/div>\n\t\t\t\t\t<\/div>\n\t\t\t\t\t\n\t\t\t\t\t<div class=\"contentCarousel__item swiper-slide\">\n\t\t\t\t\t\t<div class=\"contentCarousel__media\">\n\t\t\t\t\t\t\t<div class=\"contentCarousel__blur\" style=\"background-image: url('https:\/\/klassenlotterie.com\/wp-content\/uploads\/EJ-Slideshow-Summer-2025-alternative-300x94.jpg')\"><\/div>\n\t\t\t\t\t\t\t<img decoding=\"async\" src=\"https:\/\/klassenlotterie.com\/wp-content\/uploads\/EJ-Slideshow-Summer-2025-alternative-1024x322.jpg\" srcset=\"https:\/\/klassenlotterie.com\/wp-content\/uploads\/EJ-Slideshow-Summer-2025-alternative.jpg 3815w, https:\/\/klassenlotterie.com\/wp-content\/uploads\/EJ-Slideshow-Summer-2025-alternative-300x94.jpg 300w, https:\/\/klassenlotterie.com\/wp-content\/uploads\/EJ-Slideshow-Summer-2025-alternative-1024x322.jpg 1024w, https:\/\/klassenlotterie.com\/wp-content\/uploads\/EJ-Slideshow-Summer-2025-alternative-768x242.jpg 768w, https:\/\/klassenlotterie.com\/wp-content\/uploads\/EJ-Slideshow-Summer-2025-alternative-1536x483.jpg 1536w, https:\/\/klassenlotterie.com\/wp-content\/uploads\/EJ-Slideshow-Summer-2025-alternative-2048x644.jpg 2048w, https:\/\/klassenlotterie.com\/wp-content\/uploads\/EJ-Slideshow-Summer-2025-alternative-1920x604.jpg 1920w, https:\/\/klassenlotterie.com\/wp-content\/uploads\/EJ-Slideshow-Summer-2025-alternative-2560x805.jpg 2560w\" sizes=\"(max-width: 3815px) 100vw, 3815px\" alt=\"\">\n\t\t\t\t\t\t<\/div>\n\t\t\t\t\t\t<div class=\"contentCarousel__panel\"><div class=\"contentCarousel__title\">EUROJOKER<\/div><div class=\"contentCarousel__description\">HURRA DIE ZIEHUNGEN IN 2025 SIND DA!<\/div><a href=\"https:\/\/klassenlotterie.com\/de\/kls\/neuigkeiten\/eurojoker-die-zusaetzlichen-ziehungen-in-2025\/\" class=\"contentCarousel__button button button--invert button--arrow\"><span class=\"button__title\">Weiterlesen<\/span><\/a><\/div>\n\t\t\t\t\t<\/div>\n\t\t\t\t\t\n\t\t\t\t\t<a href=\"https:\/\/klassenlotterie.com\/de\/kls\/spiel\/\" class=\"contentCarousel__item swiper-slide\">\n\t\t\t\t\t\t<div class=\"contentCarousel__media\">\n\t\t\t\t\t\t\t<div class=\"contentCarousel__blur\" style=\"background-image: url('https:\/\/klassenlotterie.com\/wp-content\/uploads\/index-3-1-300x82.jpg')\"><\/div>\n\t\t\t\t\t\t\t<img decoding=\"async\" src=\"https:\/\/klassenlotterie.com\/wp-content\/uploads\/index-3-1-1024x281.jpg\" srcset=\"https:\/\/klassenlotterie.com\/wp-content\/uploads\/index-3-1-scaled.jpg 2560w, https:\/\/klassenlotterie.com\/wp-content\/uploads\/index-3-1-300x82.jpg 300w, https:\/\/klassenlotterie.com\/wp-content\/uploads\/index-3-1-1024x281.jpg 1024w, https:\/\/klassenlotterie.com\/wp-content\/uploads\/index-3-1-768x211.jpg 768w, https:\/\/klassenlotterie.com\/wp-content\/uploads\/index-3-1-1536x421.jpg 1536w, https:\/\/klassenlotterie.com\/wp-content\/uploads\/index-3-1-2048x562.jpg 2048w, https:\/\/klassenlotterie.com\/wp-content\/uploads\/index-3-1-1920x527.jpg 1920w\" sizes=\"(max-width: 2560px) 100vw, 2560px\" alt=\"\">\n\t\t\t\t\t\t<\/div>\n\t\t\t\t\t\t<div class=\"contentCarousel__panel\"><div class=\"contentCarousel__title\">Ausnahmslos das beste Los!<\/div><\/div>\n\t\t\t\t\t<\/a>\n\t\t\t\t\t\n\t\t\t\t\t<a href=\"https:\/\/klassenlotterie.com\/de\/kls\/spiel\/\" class=\"contentCarousel__item swiper-slide\">\n\t\t\t\t\t\t<div class=\"contentCarousel__media\">\n\t\t\t\t\t\t\t<div class=\"contentCarousel__blur\" style=\"background-image: url('https:\/\/klassenlotterie.com\/wp-content\/uploads\/index-1-1-300x82.jpg')\"><\/div>\n\t\t\t\t\t\t\t<img decoding=\"async\" src=\"https:\/\/klassenlotterie.com\/wp-content\/uploads\/index-1-1-1024x281.jpg\" srcset=\"https:\/\/klassenlotterie.com\/wp-content\/uploads\/index-1-1-scaled.jpg 2560w, https:\/\/klassenlotterie.com\/wp-content\/uploads\/index-1-1-300x82.jpg 300w, https:\/\/klassenlotterie.com\/wp-content\/uploads\/index-1-1-1024x281.jpg 1024w, https:\/\/klassenlotterie.com\/wp-content\/uploads\/index-1-1-768x211.jpg 768w, https:\/\/klassenlotterie.com\/wp-content\/uploads\/index-1-1-1536x421.jpg 1536w, https:\/\/klassenlotterie.com\/wp-content\/uploads\/index-1-1-2048x562.jpg 2048w, https:\/\/klassenlotterie.com\/wp-content\/uploads\/index-1-1-1920x527.jpg 1920w\" sizes=\"(max-width: 2560px) 100vw, 2560px\" alt=\"\">\n\t\t\t\t\t\t<\/div>\n\t\t\t\t\t\t<div class=\"contentCarousel__panel\"><div class=\"contentCarousel__title\">Ein St\u00fcck vom Gl\u00fcck!<\/div><\/div>\n\t\t\t\t\t<\/a>\n\t\t\t\t\t\n\t\t\t\t\t<a href=\"https:\/\/klassenlotterie.com\/de\/kls\/spiel\/\" class=\"contentCarousel__item swiper-slide\">\n\t\t\t\t\t\t<div class=\"contentCarousel__media\">\n\t\t\t\t\t\t\t<div class=\"contentCarousel__blur\" style=\"background-image: url('https:\/\/klassenlotterie.com\/wp-content\/uploads\/index-2-1-300x82.jpg')\"><\/div>\n\t\t\t\t\t\t\t<img decoding=\"async\" src=\"https:\/\/klassenlotterie.com\/wp-content\/uploads\/index-2-1-1024x281.jpg\" srcset=\"https:\/\/klassenlotterie.com\/wp-content\/uploads\/index-2-1-scaled.jpg 2560w, https:\/\/klassenlotterie.com\/wp-content\/uploads\/index-2-1-300x82.jpg 300w, https:\/\/klassenlotterie.com\/wp-content\/uploads\/index-2-1-1024x281.jpg 1024w, https:\/\/klassenlotterie.com\/wp-content\/uploads\/index-2-1-768x211.jpg 768w, https:\/\/klassenlotterie.com\/wp-content\/uploads\/index-2-1-1536x421.jpg 1536w, https:\/\/klassenlotterie.com\/wp-content\/uploads\/index-2-1-2048x562.jpg 2048w, https:\/\/klassenlotterie.com\/wp-content\/uploads\/index-2-1-1920x527.jpg 1920w\" sizes=\"(max-width: 2560px) 100vw, 2560px\" alt=\"\">\n\t\t\t\t\t\t<\/div>\n\t\t\t\t\t\t<div class=\"contentCarousel__panel\"><div class=\"contentCarousel__title\">Momente, die Ihnen Freude bereiten!<\/div><\/div>\n\t\t\t\t\t<\/a>\n\t\t\t\t\t<\/div>\n\t\t                <div class=\"contentCarousel__pagination swiper-pagination\"><\/div>\n\t                    <div class=\"contentCarousel__next swiper-button-next\"><\/div>\n\t                    <div class=\"contentCarousel__prev swiper-button-prev\"><\/div>\n\t                <\/div>\n\t            <\/section>\n\t            \n\n<section class=\"contentSection\">\n\t\t\t\t<div class=\"contentSection__text\">\n\t\t\t\t\t<div class=\"contentSection__title\">Das 158. KLS-Spiel<\/div>\n\t\t\t\t\t<p class=\"contentSection__description\">Gewinnen Sie ein Leben, von dem Sie keinen Urlaub brauchen. Das 158. KLS-Spiel erm\u00f6glicht Ihnen jeden Tag die Chance auf einen Millionengewinn, um schon morgen das Leben eines Million\u00e4rs zu f\u00fchren. Gewinnen Sie an einem der 6 Millionen-Montage, mit einer Ausspielung von bis zu 25 x 1 Million Euro. Insgesamt gibt es an den Millionen-Montagen 90 x 1 Million \u20ac zu gewinnen! \u00dcber\u00a0<strong>3,2 Millionen Gewinne<\/strong>\u00a0warten auf gl\u00fcckliche Gewinnerinnen und Gewinner, und der\u00a0<strong>H\u00f6chstgewinn in der 6. Klasse<\/strong>\u00a0betr\u00e4gt sagenhafte\u00a0<strong>20 Millionen Euro<\/strong>. Die Gesamtgewinnsumme des KLS-Spiels beziffert sich auf sage und schreibe 1,9 Mrd. Euro! Nutzen Sie also Ihre Chance und erwerben Sie umgehend Ihr Los zum Gl\u00fcck <a href=\"https:\/\/klassenlotterie.com\/de\/kls\/spiel\/\">Weiterlesen<\/a><\/p>\n\t\t\t\t<\/div>\n\t\t\t\t<div class=\"contentSection__media\">\n\t\t\t\t\t<a href=\"https:\/\/klassenlotterie.com\/de\/kls\/spiel\/\"><img loading=\"lazy\" decoding=\"async\" width=\"1024\" height=\"1024\" src=\"https:\/\/klassenlotterie.com\/wp-content\/uploads\/index-4-1.jpg\" class=\"contentSection__image\" alt=\"Das 158. KLS-Spiel\" srcset=\"https:\/\/klassenlotterie.com\/wp-content\/uploads\/index-4-1.jpg 1024w, https:\/\/klassenlotterie.com\/wp-content\/uploads\/index-4-1-300x300.jpg 300w, https:\/\/klassenlotterie.com\/wp-content\/uploads\/index-4-1-150x150.jpg 150w, https:\/\/klassenlotterie.com\/wp-content\/uploads\/index-4-1-768x768.jpg 768w\" sizes=\"auto, (max-width: 1024px) 100vw, 1024px\" \/><\/a>\n\t\t\t\t<\/div>\n\t\t\t<\/section>\n\n<section class=\"contentSection\">\n\t\t\t\t<div class=\"contentSection__text\">\n\t\t\t\t\t<div class=\"contentSection__title\">TraumJoker<\/div>\n\t\t\t\t\t<p class=\"contentSection__description\">Alles neu beim Traum-Joker!<br>Mit diesem Los gibt es Autos, Gold oder ein Tiny House zu gewinnen! Jeden Monat gibt es \u00fcber 3,2 Millionen Geldgewinne mit einer Gesamgewinnsumme von 11.370.000 \u20ac \u2013 f\u00fcr nur 5\u20ac.<br>Und im Dezember wird der TraumJoker wird zum Weihnachts-Joker: P\u00fcnktlich zum Fest wird der H\u00f6chstgewinn auf <strong>1 Million \u20ac<\/strong> verdoppelt! Tr\u00e4ume sind gro\u00df, wir haben das Los!\u00a0 <a href=\"https:\/\/klassenlotterie.com\/de\/kls\/traumjoker\/\">Weiterlesen<\/a><\/p>\n\t\t\t\t<\/div>\n\t\t\t\t<div class=\"contentSection__media\">\n\t\t\t\t\t<a href=\"https:\/\/klassenlotterie.com\/de\/kls\/traumjoker\/\"><img loading=\"lazy\" decoding=\"async\" width=\"1024\" height=\"1024\" src=\"https:\/\/klassenlotterie.com\/wp-content\/uploads\/index-5-1.jpg\" class=\"contentSection__image\" alt=\"TraumJoker\" srcset=\"https:\/\/klassenlotterie.com\/wp-content\/uploads\/index-5-1.jpg 1024w, https:\/\/klassenlotterie.com\/wp-content\/uploads\/index-5-1-300x300.jpg 300w, https:\/\/klassenlotterie.com\/wp-content\/uploads\/index-5-1-150x150.jpg 150w, https:\/\/klassenlotterie.com\/wp-content\/uploads\/index-5-1-768x768.jpg 768w\" sizes=\"auto, (max-width: 1024px) 100vw, 1024px\" \/><\/a>\n\t\t\t\t<\/div>\n\t\t\t<\/section>\n\n<section class=\"contentSection\">\n\t\t\t\t<div class=\"contentSection__text\">\n\t\t\t\t\t<div class=\"contentSection__title\">EuroJoker<\/div>\n\t\t\t\t\t<p class=\"contentSection__description\">Leben ist nicht genug, sagte der Schmetterling. Sonnenschein, Freiheit und ein KLS EuroJoker Los geh\u00f6ren auch dazu. Jeden Monat werden 1 x 750.000 \u20ac verlost! \u00a0Au\u00dferdem haben Sie f\u00fcr nur 10 Euro Einsatz jede Stunde die Chance auf einen Gewinn von 10.000 Euro und somit die M\u00f6glichkeit, Ihre Freiheit selbst zu gestalten. Der KLS EuroJoker erwartet Sie monatlich mit einem H\u00f6chstgewinn von 1 x 10.000 Euro Rente pro Monat \u00fcber 10 Jahre\u00a0und au\u00dferdem\u00a01 x 750.000 Euro. W\u00f6chentlich gibt es 1 x 2.000 Euro Rente pro Monat (10 Jahre) und 75.000 x 20 Euro zu gewinnen. Den Tag rundet der KLS EuroJoker mit einer Gewinnaussicht von 1 x 1.000 Euro Rente pro Monat (10 Jahre) und 1 x 50.000 Euro ab.<br>Im Dezember (07.12.2025) warten 5.000 x 1.000 \u20ac Weihnachtsgeld auf gl\u00fcckliche Gewinner, am Valentinstag 24 x 75.000 \u20ac (14.02.2026) und zu Ostern werden 20 x 100.000 \u20ac (05.04.26) verlost. Jetzt mitspielen und Los sichern. <a href=\"https:\/\/klassenlotterie.com\/de\/kls\/eurojoker\/\">Weiterlesen<\/a><\/p>\n\t\t\t\t<\/div>\n\t\t\t\t<div class=\"contentSection__media\">\n\t\t\t\t\t<a href=\"https:\/\/klassenlotterie.com\/de\/kls\/eurojoker\/\"><img loading=\"lazy\" decoding=\"async\" width=\"1024\" height=\"1024\" src=\"https:\/\/klassenlotterie.com\/wp-content\/uploads\/index-6-1.jpg\" class=\"contentSection__image\" alt=\"EuroJoker\" srcset=\"https:\/\/klassenlotterie.com\/wp-content\/uploads\/index-6-1.jpg 1024w, https:\/\/klassenlotterie.com\/wp-content\/uploads\/index-6-1-300x300.jpg 300w, https:\/\/klassenlotterie.com\/wp-content\/uploads\/index-6-1-150x150.jpg 150w, https:\/\/klassenlotterie.com\/wp-content\/uploads\/index-6-1-768x768.jpg 768w\" sizes=\"auto, (max-width: 1024px) 100vw, 1024px\" \/><\/a>\n\t\t\t\t<\/div>\n\t\t\t<\/section>\n\n\n<hr class=\"wp-block-separator has-css-opacity\"\/>\n\n\n\n<h2 class=\"wp-block-heading h1\">Neuigkeiten<\/h2>\n\n\n\n            <section class=\"contentSlider contentSlider--news swiper-container\">\n                <div class=\"contentSlider__list swiper-wrapper\">\n\t\t\t\t\t<div class=\"contentSlider__item swiper-slide\">\n\t\t\t\t\t\t<a href=\"https:\/\/klassenlotterie.com\/de\/kls\/neuigkeiten\/eurojoker-die-zusaetzlichen-ziehungen-in-2025\/\" class=\"contentSlider__image\"><img loading=\"lazy\" decoding=\"async\" width=\"1344\" height=\"898\" src=\"https:\/\/klassenlotterie.com\/wp-content\/uploads\/EJ-News-Summer-2025.jpg\" class=\"attachment- size- wp-post-image\" alt=\"EUROJOKER &#8211; DIE ZUS\u00c4TZLICHEN ZIEHUNGEN IN 2025\" srcset=\"https:\/\/klassenlotterie.com\/wp-content\/uploads\/EJ-News-Summer-2025.jpg 1344w, https:\/\/klassenlotterie.com\/wp-content\/uploads\/EJ-News-Summer-2025-300x200.jpg 300w, https:\/\/klassenlotterie.com\/wp-content\/uploads\/EJ-News-Summer-2025-1024x684.jpg 1024w, https:\/\/klassenlotterie.com\/wp-content\/uploads\/EJ-News-Summer-2025-768x513.jpg 768w\" sizes=\"auto, (max-width: 1344px) 100vw, 1344px\" \/><\/a>\n\t\t\t\t\t\t<div class=\"contentSlider__title\">EUROJOKER &#8211; DIE ZUS\u00c4TZLICHEN ZIEHUNGEN IN 2025<\/div>\n\t\t\t\t\t\t<div class=\"contentSlider__description\">Der KLS EUROJOKER ist die einzige Lotterie mit st\u00fcndlichen Geldgewinnen<\/div>\n\t\t\t\t\t\t<a href=\"https:\/\/klassenlotterie.com\/de\/kls\/neuigkeiten\/eurojoker-die-zusaetzlichen-ziehungen-in-2025\/\" class=\"contentSlider__link\" aria-label=\"EUROJOKER &#8211; DIE ZUS\u00c4TZLICHEN ZIEHUNGEN IN 2025, Weiterlesen\">Weiterlesen<\/a>\n\t\t\t\t\t<\/div>\n\t\t\t\t\t\n\t\t\t\t\t<div class=\"contentSlider__item swiper-slide\">\n\t\t\t\t\t\t<a href=\"https:\/\/klassenlotterie.com\/de\/kls\/neuigkeiten\/weihnacht-traumjoker-2025\/\" class=\"contentSlider__image\"><img loading=\"lazy\" decoding=\"async\" width=\"1344\" height=\"898\" src=\"https:\/\/klassenlotterie.com\/wp-content\/uploads\/TJ-News-Christmas-2025-1.jpg\" class=\"attachment- size- wp-post-image\" alt=\"Weihnacht TraumJoker  2025\" srcset=\"https:\/\/klassenlotterie.com\/wp-content\/uploads\/TJ-News-Christmas-2025-1.jpg 1344w, https:\/\/klassenlotterie.com\/wp-content\/uploads\/TJ-News-Christmas-2025-1-300x200.jpg 300w, https:\/\/klassenlotterie.com\/wp-content\/uploads\/TJ-News-Christmas-2025-1-1024x684.jpg 1024w, https:\/\/klassenlotterie.com\/wp-content\/uploads\/TJ-News-Christmas-2025-1-768x513.jpg 768w\" sizes=\"auto, (max-width: 1344px) 100vw, 1344px\" \/><\/a>\n\t\t\t\t\t\t<div class=\"contentSlider__title\">Weihnacht TraumJoker  2025<\/div>\n\t\t\t\t\t\t<div class=\"contentSlider__description\">NEUER SPIELPLAN, NEUE M\u00d6GLICHKEITEN! 4 w\u00f6chentliche Dienstags-Ziehungen mit insgesamt 3.344.449<\/div>\n\t\t\t\t\t\t<a href=\"https:\/\/klassenlotterie.com\/de\/kls\/neuigkeiten\/weihnacht-traumjoker-2025\/\" class=\"contentSlider__link\" aria-label=\"Weihnacht TraumJoker  2025, Weiterlesen\">Weiterlesen<\/a>\n\t\t\t\t\t<\/div>\n\t\t\t\t\t\n\t\t\t\t\t<div class=\"contentSlider__item swiper-slide\">\n\t\t\t\t\t\t<a href=\"https:\/\/klassenlotterie.com\/de\/kls\/neuigkeiten\/millionen-montag\/\" class=\"contentSlider__image\"><img loading=\"lazy\" decoding=\"async\" width=\"672\" height=\"377\" src=\"https:\/\/klassenlotterie.com\/wp-content\/uploads\/KLS_monday_million.jpg\" class=\"attachment- size- wp-post-image\" alt=\"Millionen-Montag\" srcset=\"https:\/\/klassenlotterie.com\/wp-content\/uploads\/KLS_monday_million.jpg 672w, https:\/\/klassenlotterie.com\/wp-content\/uploads\/KLS_monday_million-300x168.jpg 300w\" sizes=\"auto, (max-width: 672px) 100vw, 672px\" \/><\/a>\n\t\t\t\t\t\t<div class=\"contentSlider__title\">Millionen-Montag<\/div>\n\t\t\t\t\t\t<div class=\"contentSlider__description\">Immer wieder montags! Jeder Mensch hat Tr\u00e4ume, wie zum Beispiel<\/div>\n\t\t\t\t\t\t<a href=\"https:\/\/klassenlotterie.com\/de\/kls\/neuigkeiten\/millionen-montag\/\" class=\"contentSlider__link\" aria-label=\"Millionen-Montag, Weiterlesen\">Weiterlesen<\/a>\n\t\t\t\t\t<\/div>\n\t\t\t\t\t<\/div>\n                <div class=\"contentSlider__pagination swiper-pagination\"><\/div>\n                <div class=\"contentSlider__next swiper-button-next\"><\/div>\n                <div class=\"contentSlider__prev swiper-button-prev\"><\/div>\n            <\/section>\n\t\t\t","protected":false},"excerpt":{"rendered":"<p>Neuigkeiten<\/p>\n","protected":false},"author":1,"featured_media":0,"parent":0,"menu_order":0,"comment_status":"closed","ping_status":"closed","template":"page-home.php","meta":{"footnotes":""},"class_list":["post-136","page","type-page","status-publish","hentry"],"_links":{"self":[{"href":"https:\/\/klassenlotterie.com\/de\/wp-json\/wp\/v2\/pages\/136","targetHints":{"allow":["GET"]}}],"collection":[{"href":"https:\/\/klassenlotterie.com\/de\/wp-json\/wp\/v2\/pages"}],"about":[{"href":"https:\/\/klassenlotterie.com\/de\/wp-json\/wp\/v2\/types\/page"}],"author":[{"embeddable":true,"href":"https:\/\/klassenlotterie.com\/de\/wp-json\/wp\/v2\/users\/1"}],"replies":[{"embeddable":true,"href":"https:\/\/klassenlotterie.com\/de\/wp-json\/wp\/v2\/comments?post=136"}],"version-history":[{"count":27,"href":"https:\/\/klassenlotterie.com\/de\/wp-json\/wp\/v2\/pages\/136\/revisions"}],"predecessor-version":[{"id":3753,"href":"https:\/\/klassenlotterie.com\/de\/wp-json\/wp\/v2\/pages\/136\/revisions\/3753"}],"wp:attachment":[{"href":"https:\/\/klassenlotterie.com\/de\/wp-json\/wp\/v2\/media?parent=136"}],"curies":[{"name":"wp","href":"https:\/\/api.w.org\/{rel}","templated":true}]}}