{"id":138,"date":"2019-09-24T06:41:16","date_gmt":"2019-09-24T06:41:16","guid":{"rendered":"https:\/\/qa.klassenlotterie.com\/?page_id=138"},"modified":"2026-02-20T12:44:21","modified_gmt":"2026-02-20T12:44:21","slug":"rl","status":"publish","type":"page","link":"https:\/\/klassenlotterie.com\/de\/rl\/","title":{"rendered":"RL"},"content":{"rendered":"\n\t\t\t\t<section class=\"contentCarousel\">\n\t\t\t\t\t<div class=\"contentCarousel__container swiper-container\">\n\t\t                <div class=\"contentCarousel__list contentCarousel__list--count3 swiper-wrapper\">\n\t\t\t\t\t<a href=\"https:\/\/klassenlotterie.com\/de\/rl\/spielsystem\/\" class=\"contentCarousel__item swiper-slide\">\n\t\t\t\t\t\t<div class=\"contentCarousel__media\">\n\t\t\t\t\t\t\t<div class=\"contentCarousel__blur\" style=\"background-image: url('https:\/\/klassenlotterie.com\/wp-content\/uploads\/RL-Website-Homepage-1-hero-300x82.jpg')\"><\/div>\n\t\t\t\t\t\t\t<img decoding=\"async\" src=\"https:\/\/klassenlotterie.com\/wp-content\/uploads\/RL-Website-Homepage-1-hero-1024x281.jpg\" srcset=\"https:\/\/klassenlotterie.com\/wp-content\/uploads\/RL-Website-Homepage-1-hero.jpg 3060w, https:\/\/klassenlotterie.com\/wp-content\/uploads\/RL-Website-Homepage-1-hero-300x82.jpg 300w, https:\/\/klassenlotterie.com\/wp-content\/uploads\/RL-Website-Homepage-1-hero-1024x281.jpg 1024w, https:\/\/klassenlotterie.com\/wp-content\/uploads\/RL-Website-Homepage-1-hero-768x211.jpg 768w, https:\/\/klassenlotterie.com\/wp-content\/uploads\/RL-Website-Homepage-1-hero-1536x422.jpg 1536w, https:\/\/klassenlotterie.com\/wp-content\/uploads\/RL-Website-Homepage-1-hero-2048x562.jpg 2048w, https:\/\/klassenlotterie.com\/wp-content\/uploads\/RL-Website-Homepage-1-hero-1920x527.jpg 1920w, https:\/\/klassenlotterie.com\/wp-content\/uploads\/RL-Website-Homepage-1-hero-2560x703.jpg 2560w\" sizes=\"(max-width: 3060px) 100vw, 3060px\" alt=\"\">\n\t\t\t\t\t\t<\/div>\n\t\t\t\t\t\t<div class=\"contentCarousel__panel\"><div class=\"contentCarousel__title\">Die sch\u00f6nsten Momente f\u00fcr die Rente!<\/div><\/div>\n\t\t\t\t\t<\/a>\n\t\t\t\t\t\n\t\t\t\t\t<a href=\"https:\/\/klassenlotterie.com\/de\/rl\/spielsystem\/\" class=\"contentCarousel__item swiper-slide\">\n\t\t\t\t\t\t<div class=\"contentCarousel__media\">\n\t\t\t\t\t\t\t<div class=\"contentCarousel__blur\" style=\"background-image: url('https:\/\/klassenlotterie.com\/wp-content\/uploads\/RL-Website-Homepage-2-hero-300x82.jpg')\"><\/div>\n\t\t\t\t\t\t\t<img decoding=\"async\" src=\"https:\/\/klassenlotterie.com\/wp-content\/uploads\/RL-Website-Homepage-2-hero-1024x281.jpg\" srcset=\"https:\/\/klassenlotterie.com\/wp-content\/uploads\/RL-Website-Homepage-2-hero.jpg 3060w, https:\/\/klassenlotterie.com\/wp-content\/uploads\/RL-Website-Homepage-2-hero-300x82.jpg 300w, https:\/\/klassenlotterie.com\/wp-content\/uploads\/RL-Website-Homepage-2-hero-1024x281.jpg 1024w, https:\/\/klassenlotterie.com\/wp-content\/uploads\/RL-Website-Homepage-2-hero-768x211.jpg 768w, https:\/\/klassenlotterie.com\/wp-content\/uploads\/RL-Website-Homepage-2-hero-1536x422.jpg 1536w, https:\/\/klassenlotterie.com\/wp-content\/uploads\/RL-Website-Homepage-2-hero-2048x562.jpg 2048w, https:\/\/klassenlotterie.com\/wp-content\/uploads\/RL-Website-Homepage-2-hero-1920x527.jpg 1920w, https:\/\/klassenlotterie.com\/wp-content\/uploads\/RL-Website-Homepage-2-hero-2560x703.jpg 2560w\" sizes=\"(max-width: 3060px) 100vw, 3060px\" alt=\"\">\n\t\t\t\t\t\t<\/div>\n\t\t\t\t\t\t<div class=\"contentCarousel__panel\"><div class=\"contentCarousel__title\">Pension\u00e4r und Million\u00e4r!<\/div><\/div>\n\t\t\t\t\t<\/a>\n\t\t\t\t\t\n\t\t\t\t\t<a href=\"https:\/\/klassenlotterie.com\/de\/rl\/spielsystem\/\" class=\"contentCarousel__item swiper-slide\">\n\t\t\t\t\t\t<div class=\"contentCarousel__media\">\n\t\t\t\t\t\t\t<div class=\"contentCarousel__blur\" style=\"background-image: url('https:\/\/klassenlotterie.com\/wp-content\/uploads\/RL-Website-Homepage-3-hero-300x82.jpg')\"><\/div>\n\t\t\t\t\t\t\t<img decoding=\"async\" src=\"https:\/\/klassenlotterie.com\/wp-content\/uploads\/RL-Website-Homepage-3-hero-1024x281.jpg\" srcset=\"https:\/\/klassenlotterie.com\/wp-content\/uploads\/RL-Website-Homepage-3-hero.jpg 3060w, https:\/\/klassenlotterie.com\/wp-content\/uploads\/RL-Website-Homepage-3-hero-300x82.jpg 300w, https:\/\/klassenlotterie.com\/wp-content\/uploads\/RL-Website-Homepage-3-hero-1024x281.jpg 1024w, https:\/\/klassenlotterie.com\/wp-content\/uploads\/RL-Website-Homepage-3-hero-768x211.jpg 768w, https:\/\/klassenlotterie.com\/wp-content\/uploads\/RL-Website-Homepage-3-hero-1536x422.jpg 1536w, https:\/\/klassenlotterie.com\/wp-content\/uploads\/RL-Website-Homepage-3-hero-2048x562.jpg 2048w, https:\/\/klassenlotterie.com\/wp-content\/uploads\/RL-Website-Homepage-3-hero-1920x527.jpg 1920w, https:\/\/klassenlotterie.com\/wp-content\/uploads\/RL-Website-Homepage-3-hero-2560x703.jpg 2560w\" sizes=\"(max-width: 3060px) 100vw, 3060px\" alt=\"\">\n\t\t\t\t\t\t<\/div>\n\t\t\t\t\t\t<div class=\"contentCarousel__panel\"><div class=\"contentCarousel__title\">Wir setzen Akzente f\u00fcr die Rente!<\/div><\/div>\n\t\t\t\t\t<\/a>\n\t\t\t\t\t<\/div>\n\t\t                <div class=\"contentCarousel__pagination swiper-pagination\"><\/div>\n\t                    <div class=\"contentCarousel__next swiper-button-next\"><\/div>\n\t                    <div class=\"contentCarousel__prev swiper-button-prev\"><\/div>\n\t                <\/div>\n\t            <\/section>\n\t            \n\n<section class=\"contentSection\">\n\t\t\t\t<div class=\"contentSection__text\">\n\t\t\t\t\t<div class=\"contentSection__title\"><strong>Montags-Gute-Laune-Garantie: Die RentenLotterie<\/strong><\/div>\n\t\t\t\t\t<p class=\"contentSection__description\">Warum auf die Rente warten, wenn sie schon heute kommen kann? Mit nur 10 \u20ac sind Sie dabei und spielen um monatliche Sofort-Renten von bis zu 10.000 \u20ac. Ein monatliches Volumen von 16,8 Millionen \u20ac und stolze 900.000 Bonuslose machen die RentenLotterie zu einer der attraktivsten M\u00f6glichkeiten f\u00fcr Ihre finanzielle Unabh\u00e4ngigkeit. G\u00f6nnen Sie sich das Upgrade f\u00fcr Ihr Leben! <a href=\"https:\/\/klassenlotterie.com\/de\/rl\/spielsystem\/\">Weiterlesen<\/a><\/p>\n\t\t\t\t<\/div>\n\t\t\t\t<div class=\"contentSection__media\">\n\t\t\t\t\t<a href=\"https:\/\/klassenlotterie.com\/de\/rl\/spielsystem\/\"><img loading=\"lazy\" decoding=\"async\" width=\"1024\" height=\"1024\" src=\"https:\/\/klassenlotterie.com\/wp-content\/uploads\/RL-Website-Homepage-1-content-1.jpg\" class=\"contentSection__image\" alt=\"&lt;strong&gt;Montags-Gute-Laune-Garantie: Die RentenLotterie&lt;\/strong&gt;\" srcset=\"https:\/\/klassenlotterie.com\/wp-content\/uploads\/RL-Website-Homepage-1-content-1.jpg 1024w, https:\/\/klassenlotterie.com\/wp-content\/uploads\/RL-Website-Homepage-1-content-1-300x300.jpg 300w, https:\/\/klassenlotterie.com\/wp-content\/uploads\/RL-Website-Homepage-1-content-1-150x150.jpg 150w, https:\/\/klassenlotterie.com\/wp-content\/uploads\/RL-Website-Homepage-1-content-1-768x768.jpg 768w\" sizes=\"auto, (max-width: 1024px) 100vw, 1024px\" \/><\/a>\n\t\t\t\t<\/div>\n\t\t\t<\/section>\n\n<section class=\"contentSection\">\n\t\t\t\t<div class=\"contentSection__text\">\n\t\t\t\t\t<div class=\"contentSection__title\"><strong>Die Gewinne: Maximale Freiheit sichern!<\/strong><\/div>\n\t\t\t\t\t<p class=\"contentSection__description\">Mehr Rente ist kaum m\u00f6glich: Sichern Sie sich bei der RentenLotterie den H\u00f6chstgewinn von 10.000 \u20ac monatlich.<br>  &#8211; Mit dem Superlos (20 \u20ac): Genie\u00dfen Sie die volle monatliche Rente \u00fcber stolze 10 Jahre.<br>  &#8211; Mit dem Basislos (10 \u20ac): Sichern Sie sich Ihre Zusatzrente \u00fcber eine Laufzeit von 5 Jahren.<br>Jeden Monat warten <strong>insgesamt 400 Rentengewinne<\/strong> zwischen 100 \u20ac und 10.000 \u20ac auf Sie! Keine Lotterie verlost mehr Rentengewinne pro Monat auf eine Losauflage von 3 Millionen Losen! <a href=\"https:\/\/klassenlotterie.com\/de\/rl\/gewinnplan\/\">Weiterlesen<\/a><\/p>\n\t\t\t\t<\/div>\n\t\t\t\t<div class=\"contentSection__media\">\n\t\t\t\t\t<a href=\"https:\/\/klassenlotterie.com\/de\/rl\/gewinnplan\/\"><img loading=\"lazy\" decoding=\"async\" width=\"1024\" height=\"1024\" src=\"https:\/\/klassenlotterie.com\/wp-content\/uploads\/RL-Website-Homepage-2-content-1.jpg\" class=\"contentSection__image\" alt=\"&lt;strong&gt;Die Gewinne: Maximale Freiheit sichern!&lt;\/strong&gt;\" srcset=\"https:\/\/klassenlotterie.com\/wp-content\/uploads\/RL-Website-Homepage-2-content-1.jpg 1024w, https:\/\/klassenlotterie.com\/wp-content\/uploads\/RL-Website-Homepage-2-content-1-300x300.jpg 300w, https:\/\/klassenlotterie.com\/wp-content\/uploads\/RL-Website-Homepage-2-content-1-150x150.jpg 150w, https:\/\/klassenlotterie.com\/wp-content\/uploads\/RL-Website-Homepage-2-content-1-768x768.jpg 768w\" sizes=\"auto, (max-width: 1024px) 100vw, 1024px\" \/><\/a>\n\t\t\t\t<\/div>\n\t\t\t<\/section>\n\n<section class=\"contentSection\">\n\t\t\t\t<div class=\"contentSection__text\">\n\t\t\t\t\t<div class=\"contentSection__title\"><strong>Ihre Gewinnzahlen: T\u00e4glich neue Chancen<\/strong>!<\/div>\n\t\t\t\t\t<p class=\"contentSection__description\">Wir ziehen jeden Tag neue Gewinner. Pr\u00fcfen Sie jetzt ganz einfach, ob Ihre Losnummer dabei ist \u2013 egal ob Renten- oder Bonuslos-Gewinn.<br>  &#8211; Ihr Extra-Vorteil: Mit einem Bonuslos nehmen Sie im Folgemonat vollkommen gratis an allen Ziehungen teil und erh\u00f6hen so Ihre Gewinnchancen zus\u00e4tzlich!<br>  &#8211; Einfache Abfrage: W\u00e4hlen Sie einfach das gew\u00fcnschte Datum (Tag, Monat, Jahr) aus, um die Gewinnzahlen f\u00fcr Ihr Spiel anzuzeigen. <a href=\"https:\/\/klassenlotterie.com\/de\/rl\/gewinnzahlen\/\">Weiterlesen<\/a><\/p>\n\t\t\t\t<\/div>\n\t\t\t\t<div class=\"contentSection__media\">\n\t\t\t\t\t<a href=\"https:\/\/klassenlotterie.com\/de\/rl\/gewinnzahlen\/\"><img loading=\"lazy\" decoding=\"async\" width=\"1024\" height=\"1024\" src=\"https:\/\/klassenlotterie.com\/wp-content\/uploads\/RL-Website-Homepage-3-content-1.jpg\" class=\"contentSection__image\" alt=\"&lt;strong&gt;Ihre Gewinnzahlen: T\u00e4glich neue Chancen&lt;\/strong&gt;!\" srcset=\"https:\/\/klassenlotterie.com\/wp-content\/uploads\/RL-Website-Homepage-3-content-1.jpg 1024w, https:\/\/klassenlotterie.com\/wp-content\/uploads\/RL-Website-Homepage-3-content-1-300x300.jpg 300w, https:\/\/klassenlotterie.com\/wp-content\/uploads\/RL-Website-Homepage-3-content-1-150x150.jpg 150w, https:\/\/klassenlotterie.com\/wp-content\/uploads\/RL-Website-Homepage-3-content-1-768x768.jpg 768w\" sizes=\"auto, (max-width: 1024px) 100vw, 1024px\" \/><\/a>\n\t\t\t\t<\/div>\n\t\t\t<\/section>","protected":false},"excerpt":{"rendered":"","protected":false},"author":1,"featured_media":0,"parent":0,"menu_order":0,"comment_status":"closed","ping_status":"closed","template":"page-home.php","meta":{"footnotes":""},"class_list":["post-138","page","type-page","status-publish","hentry"],"_links":{"self":[{"href":"https:\/\/klassenlotterie.com\/de\/wp-json\/wp\/v2\/pages\/138","targetHints":{"allow":["GET"]}}],"collection":[{"href":"https:\/\/klassenlotterie.com\/de\/wp-json\/wp\/v2\/pages"}],"about":[{"href":"https:\/\/klassenlotterie.com\/de\/wp-json\/wp\/v2\/types\/page"}],"author":[{"embeddable":true,"href":"https:\/\/klassenlotterie.com\/de\/wp-json\/wp\/v2\/users\/1"}],"replies":[{"embeddable":true,"href":"https:\/\/klassenlotterie.com\/de\/wp-json\/wp\/v2\/comments?post=138"}],"version-history":[{"count":6,"href":"https:\/\/klassenlotterie.com\/de\/wp-json\/wp\/v2\/pages\/138\/revisions"}],"predecessor-version":[{"id":3929,"href":"https:\/\/klassenlotterie.com\/de\/wp-json\/wp\/v2\/pages\/138\/revisions\/3929"}],"wp:attachment":[{"href":"https:\/\/klassenlotterie.com\/de\/wp-json\/wp\/v2\/media?parent=138"}],"curies":[{"name":"wp","href":"https:\/\/api.w.org\/{rel}","templated":true}]}}