{"id":2058,"date":"2022-02-25T01:07:03","date_gmt":"2022-02-25T01:07:03","guid":{"rendered":"https:\/\/klassenlotterie.com\/?page_id=2058"},"modified":"2023-06-23T12:10:30","modified_gmt":"2023-06-23T12:10:30","slug":"rentenjoker-mit-noch-mehr-preisen","status":"publish","type":"page","link":"https:\/\/klassenlotterie.com\/de\/kln\/neuigkeiten\/rentenjoker-mit-noch-mehr-preisen\/","title":{"rendered":"OSTERSONDERZIEHUNG"},"content":{"rendered":"\n<p><strong>Fr\u00f6hliches Gewinne-Finden zu Ostern!<\/strong><\/p>\n\n\n\n<p>Beachten Sie die Sonderziehung am 15. April: Es werden 1.000 x 1.000 \u20ac verlost! Und das zus\u00e4tzlich zu den \u00fcber 35 x 10-Jahresrenten jeden Monat! Jetzt f\u00fcr nur 5 Euro je Monat Gewinnchancen sichern.<\/p>\n\n\n\n<h3 class=\"wp-block-heading\">RENTENJOKER PLUS<\/h3>\n\n\n\n<p>Monatliche Sofort-Renten jetzt doppelt so lange! F\u00fcr nur 5 Euro Plus im Monat haben Sie die Chance auf 1 x 5.000 \u20ac, 1 x 2.500 \u20ac und 1 x 1.000 \u20ac Sofort-Rente monatlich \u2013 f\u00fcr 20 Jahre!<\/p>\n\n\n\n<p><\/p>\n","protected":false},"excerpt":{"rendered":"<p>Fr\u00f6hliches Gewinne-Finden zu Ostern! Beachten Sie die Sonderziehung am 15.<\/p>\n","protected":false},"author":2,"featured_media":2090,"parent":115,"menu_order":0,"comment_status":"closed","ping_status":"closed","template":"page-news.php","meta":{"footnotes":""},"class_list":["post-2058","page","type-page","status-publish","has-post-thumbnail","hentry"],"_links":{"self":[{"href":"https:\/\/klassenlotterie.com\/de\/wp-json\/wp\/v2\/pages\/2058","targetHints":{"allow":["GET"]}}],"collection":[{"href":"https:\/\/klassenlotterie.com\/de\/wp-json\/wp\/v2\/pages"}],"about":[{"href":"https:\/\/klassenlotterie.com\/de\/wp-json\/wp\/v2\/types\/page"}],"author":[{"embeddable":true,"href":"https:\/\/klassenlotterie.com\/de\/wp-json\/wp\/v2\/users\/2"}],"replies":[{"embeddable":true,"href":"https:\/\/klassenlotterie.com\/de\/wp-json\/wp\/v2\/comments?post=2058"}],"version-history":[{"count":5,"href":"https:\/\/klassenlotterie.com\/de\/wp-json\/wp\/v2\/pages\/2058\/revisions"}],"predecessor-version":[{"id":2787,"href":"https:\/\/klassenlotterie.com\/de\/wp-json\/wp\/v2\/pages\/2058\/revisions\/2787"}],"up":[{"embeddable":true,"href":"https:\/\/klassenlotterie.com\/de\/wp-json\/wp\/v2\/pages\/115"}],"wp:featuredmedia":[{"embeddable":true,"href":"https:\/\/klassenlotterie.com\/de\/wp-json\/wp\/v2\/media\/2090"}],"wp:attachment":[{"href":"https:\/\/klassenlotterie.com\/de\/wp-json\/wp\/v2\/media?parent=2058"}],"curies":[{"name":"wp","href":"https:\/\/api.w.org\/{rel}","templated":true}]}}