{"id":232,"date":"2019-09-24T08:42:04","date_gmt":"2019-09-24T08:42:04","guid":{"rendered":"https:\/\/qa.klassenlotterie.com\/?page_id=232"},"modified":"2023-10-25T09:17:08","modified_gmt":"2023-10-25T09:17:08","slug":"haeufige-fragen","status":"publish","type":"page","link":"https:\/\/klassenlotterie.com\/de\/kls\/haeufige-fragen\/","title":{"rendered":"H\u00e4ufige Fragen"},"content":{"rendered":"\n<h2 class=\"wp-block-heading\">Wir sind hier, um zu helfen\u2026<\/h2>\n\n\n\n<p>H\u00e4ufig gestelle Fragen ansehen<strong>.<\/strong><\/p>\n\n\n<div class=\"faqItem\" id=\"editor-content_6365\"><input id=\"faq-6365\" class=\"faqItem__input\" type=\"checkbox\"><label for=\"faq-6365\" class=\"faqItem__label\">Was bedeutet eigentlich &#8222;Klassenspiel&#8220; ?<\/label><div class=\"faqItem__value\"><p><br>Das KLS-Spiel ist in mehrere, zeitliche Spielabschnitte eingeteilt, die so genannten Klassen. Jeder Spielabschnitt besteht aus sechs Klassen. Jede Klasse besitzt eine G\u00fcltigkeitsdauer von 1 Monat, d.h. das KLS-Spiel l\u00e4uft genau sechs Monate.<br><br>Das KLS-Spiel l\u00e4uft stets vom 1. Dezember bis 30. Mai und 1. Juni bis 30. November eines Jahres.<\/p><\/div><\/div>\n\n<div class=\"faqItem\" id=\"editor-content_6417\"><input id=\"faq-6417\" class=\"faqItem__input\" type=\"checkbox\"><label for=\"faq-6417\" class=\"faqItem__label\">Worin unterscheidet sich das KLS-Spiel von Lotto oder Toto?<\/label><div class=\"faqItem__value\"><p><br>Garantiertes Gl\u00fcck: die Anzahl und die H\u00f6he der Gewinne sind immer garantiert. Sie sind unabh\u00e4ngig von der Zahl der verkauften Lose. <br><br>F\u00fcr jedes neue Gewinnspiel werden Gewinnsumme, Einzelgewinne und Zahl der Lose in einem Gewinnplan exakt festgelegt.<\/p><\/div><\/div>\n\n<div class=\"faqItem\" id=\"editor-content_9342\"><input id=\"faq-9342\" class=\"faqItem__input\" type=\"checkbox\"><label for=\"faq-9342\" class=\"faqItem__label\">Wie hoch sind meine Gewinnchancen?<\/label><div class=\"faqItem__value\"><p><br>Ohne Los kein Moos: bei der Teilnahme an allen sechs Klassen liegt Ihre Gewinnchance auf mind. einen Gewinn &#8211; unter Ber\u00fccksichtigung der Einsatz- und Kleinstaussch\u00fcttungen &#8211; bei 1 : 1,87 bzw. 53,26 %. Bei Einsatz von zwei Losnummern steigt die Aussicht, im Laufe des Spiels mind. einen Treffer zu erzielen, auf 78,58 % &#8211; mit drei Losnummern auf 90,40 %, mit vier Losnummern auf 95,82 % und mit f\u00fcnf Losnummern auf 98,24 %. Bei zehn Losnummern mit unterschiedlichen Endziffern betr\u00e4gt die Trefferwahrscheinlichkeit sage und schreibe 100 %.<\/p><\/div><\/div>\n\n<div class=\"faqItem\" id=\"editor-content_1025\"><input id=\"faq-1025\" class=\"faqItem__input\" type=\"checkbox\"><label for=\"faq-1025\" class=\"faqItem__label\">Welche Lose bzw. Losteilungen gibt es?<\/label><div class=\"faqItem__value\"><p><br>Hier kann weniger auch mehr sein: ein KLS-Los besteht aus 10 Anteilen. Sie k\u00f6nnen ein ganzes Los oder einen oder mehrere Anteile erwerben. <br><br>Ihr Gewinn richtet sich entsprechend Ihres Anteils der gespielten Anteile, d.h., wenn Sie 1 Los-Anteil spielen, bekommen Sie 10% des Gewinns, bei 3 Los-Anteilen 30%, bei 5 Los-Anteilen 50% usw. Dies gilt auch f\u00fcr die Rentengewinne, die immer zum 1. jeden Monats der jeweiligen Klasse beim Millionenspiel ausgesch\u00fcttet werden. Der in den Ziehungspl\u00e4nen genannte Gewinn bezieht sich immer auf ein ganzes Los. KLS EuroJoker-Lose sind nicht unterteilt.<\/p><\/div><\/div>\n\n<div class=\"faqItem\" id=\"editor-content_8503\"><input id=\"faq-8503\" class=\"faqItem__input\" type=\"checkbox\"><label for=\"faq-8503\" class=\"faqItem__label\">Wie hoch ist der Mindesteinsatz bzw. was kostet ein Los?<\/label><div class=\"faqItem__value\"><p><br>Der Mindesteinsatz betr\u00e4gt 15,- Euro pro Klasse (entspricht einem Monat), daf\u00fcr erhalten Sie 1 Los-Anteil. <br><br>Jedes ganze Los besteht aus 10 Los-Anteilen. Gewinnen Sie mit 1 Los-Anteil, bekommen Sie 1\/10 der ausgeschriebenen Gewinn-Summe. Fallen z.B. 1 Million Euro auf Ihre Los-Nummer, gewinnen Sie 100.000 Euro. <br><br>Beim KLS EuroJoker betr\u00e4gt der Mindesteinsatz 10 Euro pro Runde, beim TraumJoker 5 Euro pro Runde (1 Runde entspricht jeweils einem Monat). Daf\u00fcr erwerben Sie 1 ganzes Los, da es bei den Jokerspielen keine Anteile gibt.<\/p><\/div><\/div>\n\n<div class=\"faqItem\" id=\"editor-content_4119\"><input id=\"faq-4119\" class=\"faqItem__input\" type=\"checkbox\"><label for=\"faq-4119\" class=\"faqItem__label\">Wann sollte ich ins Spiel einsteigen?<\/label><div class=\"faqItem__value\"><p><br>Der ideale Zeitpunkt zum Starten ist die erste Klasse gleich zu Beginn des Spiels, denn Sie nutzen nur dann alle Gewinnchancen, wenn Sie ein Spiel von Anfang bis Ende durchspielen.<br><br>Sie k\u00f6nnen zwar auch sp\u00e4ter einsteigen, dann m\u00fcssen aber die vorangegangenen Klassen mitbezahlt werden, um die Gleichstellung aller Mitspieler zu sichern.<br><br>Ohne diese Regel w\u00fcrde es Spieler geben, die nur in der 6. und gewinnreichsten Klasse mitspielen und sich so einen Vorteil gegen\u00fcber allen anderen Spielern verschaffen w\u00fcrden.<\/p><\/div><\/div>\n\n<div class=\"faqItem\" id=\"editor-content_9004\"><input id=\"faq-9004\" class=\"faqItem__input\" type=\"checkbox\"><label for=\"faq-9004\" class=\"faqItem__label\">Warum sollte ich 6 Klassen spielen?<\/label><div class=\"faqItem__value\"><p><br>Wer wagt, gewinnt: Ihre Gewinn-Chancen sowie die Anzahl der Gewinne steigen von Klasse zu Klasse auf enorme H\u00f6hen. Au\u00dferdem gibt es in der 6. Klasse den sagenhaften H\u00f6chstgewinn von 16 Millionen Euro.<\/p><\/div><\/div>\n\n<div class=\"faqItem\" id=\"editor-content_7750\"><input id=\"faq-7750\" class=\"faqItem__input\" type=\"checkbox\"><label for=\"faq-7750\" class=\"faqItem__label\">Wie lange dauert eine KLS Joker-Runde?<\/label><div class=\"faqItem__value\"><p><br>Zun\u00e4chst unterscheiden wir zwischen dem EuroJoker und dem TraumJoker Mit dem EuroJoker Los haben Sie t\u00e4glich die Chance auf eine Sofort-Rente bis zu 10.000 Euro und k\u00f6nnen t\u00e4glich 24 Barpreise im Wert von 10.000 Euro gewinnen. 1 Preis pro Stunde f\u00fcr einen ganzen Monat f\u00fcr nur 10 Euro.<br><br>Das TraumJoker-Los kostet hingegen nur 5 Euro und nimmt einen ganzen Monat (1 Monat entspricht einer Runde) an t\u00e4glichen Ziehungen teil. Jeden Tag werden 19.111\u00a0Gewinne\u00a0in 6\u00a0Gewinnstufen ausgespielt.\u00a0Jeder Gewinner hat in seiner Kategorie die Wahl zwischen vielen unterschiedlichen Gewinnen in der entsprechenden Sachgewinnstufe oder den entsprechenden Gewinnrang als Geldgewinn in Euro.<br><br>Jeder Kalendermonat ist eine in sich abgeschlossene Joker-Runde, somit nimmt jedes KLS Joker-Los einen ganzen Monat an allen Ziehungen teil. Sie k\u00f6nnen dann zu jedem 1. des Monats aufs Neue entscheiden, ob Sie wieder mitspielen oder aussteigen wollen. <\/p><\/div><\/div>\n\n<div class=\"faqItem\" id=\"editor-content_5674\"><input id=\"faq-5674\" class=\"faqItem__input\" type=\"checkbox\"><label for=\"faq-5674\" class=\"faqItem__label\">Wie viele richtige Endziffern brauche ich f\u00fcr einen Treffer?<\/label><div class=\"faqItem__value\"><p><br>Das Ende ist erst der Anfang: bei dem KLS-Spiel werden die Gewinne durch ein Endziffern-Ziehungssystem ermittelt. D.h., dass 7-stellige Gewinnzahlen (entspricht vollst\u00e4ndigen Los-Nummern) sowie 5-, 4-, 3-, 2- und 1-stellige Endziffern gezogen werden. Sie k\u00f6nnen also bereits mit einer einzigen richtigen Endziffer gewinnen. Sobald Sie 10 Los-Anteile mit verschiedenen Endziffern spielen, erzielen Sie auf jeden Fall &#8211; unter Ber\u00fccksichtigung der Einsatz- und Kleinstaussch\u00fcttungen &#8211; einen Gewinn im Laufe des Spiels.<\/p><\/div><\/div>\n\n<div class=\"faqItem\" id=\"editor-content_2434\"><input id=\"faq-2434\" class=\"faqItem__input\" type=\"checkbox\"><label for=\"faq-2434\" class=\"faqItem__label\">Kann ich h\u00e4ufiger gewinnen?<\/label><div class=\"faqItem__value\"><p><br>Das einzige Limit sind Sie selbst: mit einem rechtzeitig pro Klasse bezahlten und damit g\u00fcltigen Los bzw. Losanteil des KLS-Spiels kann man prinzipiell t\u00e4glich in der betreffenden Klasse &#8211; samstags sogar mehrfach &#8211; gewinnen, denn auch Lose, auf die an einem vorangegangenen Tag dieser Klasse schon einmal ein Gewinn entfallen ist, bleiben bis zum Ende dieser Klasse (Folgelosregelung) im Spiel und k\u00f6nnen an den nachfolgenden Tagen erneut gewinnen.<\/p><\/div><\/div>\n\n<div class=\"faqItem\" id=\"editor-content_8667\"><input id=\"faq-8667\" class=\"faqItem__input\" type=\"checkbox\"><label for=\"faq-8667\" class=\"faqItem__label\">Wie verteilen sich die Gewinne auf die Endziffern?<br><\/label><div class=\"faqItem__value\"><p>\u2022    7-stellige Losnummer entf\u00e4llt ein Gewinn (Hauptgewinn)<br>\u2022    5-stellige Endziffern entfallen 30 Gewinne<br>\u2022    4-stellige Endziffern entfallen 300 Gewinne<br>\u2022    3-stellige Endziffern entfallen 3.000 Gewinne<br>\u2022    2-stellige Endziffern entfallen 30.000 Gewinne<br>\u2022    1-stellige Endziffern entfallen 300.000 Gewinne<\/p><\/div><\/div>\n\n<div class=\"faqItem\" id=\"editor-content_9300\"><input id=\"faq-9300\" class=\"faqItem__input\" type=\"checkbox\"><label for=\"faq-9300\" class=\"faqItem__label\">Wie oft finden die Ziehungen statt?<br><\/label><div class=\"faqItem__value\"><p>Beim KLS-Millionenspiel der KLS finden die Ziehungen t\u00e4glich statt, beim EuroJoker st\u00fcndlich und beim TraumJoker t\u00e4glich.<\/p><\/div><\/div>\n\n<div class=\"faqItem\" id=\"editor-content_9719\"><input id=\"faq-9719\" class=\"faqItem__input\" type=\"checkbox\"><label for=\"faq-9719\" class=\"faqItem__label\">Wer kann an dem KLS-Spiel teilnehmen?<\/label><div class=\"faqItem__value\"><p><br>Leider k\u00f6nnen Spieler innerhalb Deutschlands nicht teilnehmen.<\/p><\/div><\/div>\n\n\n<div style=\"height:21px\" aria-hidden=\"true\" class=\"wp-block-spacer\"><\/div>\n\n\n\n<p>Ben\u00f6tigst du Hilfe? Kontaktiere uns.<\/p>\n","protected":false},"excerpt":{"rendered":"<p>Wir sind hier, um zu helfen\u2026 H\u00e4ufig gestelle Fragen ansehen.<\/p>\n","protected":false},"author":1,"featured_media":1716,"parent":136,"menu_order":0,"comment_status":"closed","ping_status":"closed","template":"page-contact.php","meta":{"footnotes":""},"class_list":["post-232","page","type-page","status-publish","has-post-thumbnail","hentry"],"_links":{"self":[{"href":"https:\/\/klassenlotterie.com\/de\/wp-json\/wp\/v2\/pages\/232","targetHints":{"allow":["GET"]}}],"collection":[{"href":"https:\/\/klassenlotterie.com\/de\/wp-json\/wp\/v2\/pages"}],"about":[{"href":"https:\/\/klassenlotterie.com\/de\/wp-json\/wp\/v2\/types\/page"}],"author":[{"embeddable":true,"href":"https:\/\/klassenlotterie.com\/de\/wp-json\/wp\/v2\/users\/1"}],"replies":[{"embeddable":true,"href":"https:\/\/klassenlotterie.com\/de\/wp-json\/wp\/v2\/comments?post=232"}],"version-history":[{"count":3,"href":"https:\/\/klassenlotterie.com\/de\/wp-json\/wp\/v2\/pages\/232\/revisions"}],"predecessor-version":[{"id":2936,"href":"https:\/\/klassenlotterie.com\/de\/wp-json\/wp\/v2\/pages\/232\/revisions\/2936"}],"up":[{"embeddable":true,"href":"https:\/\/klassenlotterie.com\/de\/wp-json\/wp\/v2\/pages\/136"}],"wp:featuredmedia":[{"embeddable":true,"href":"https:\/\/klassenlotterie.com\/de\/wp-json\/wp\/v2\/media\/1716"}],"wp:attachment":[{"href":"https:\/\/klassenlotterie.com\/de\/wp-json\/wp\/v2\/media?parent=232"}],"curies":[{"name":"wp","href":"https:\/\/api.w.org\/{rel}","templated":true}]}}