{"id":240,"date":"2019-09-24T08:46:52","date_gmt":"2019-09-24T08:46:52","guid":{"rendered":"https:\/\/qa.klassenlotterie.com\/?page_id=240"},"modified":"2025-10-23T11:15:53","modified_gmt":"2025-10-23T11:15:53","slug":"spiel","status":"publish","type":"page","link":"https:\/\/klassenlotterie.com\/de\/kls\/spiel\/","title":{"rendered":"KLS-Spiel"},"content":{"rendered":"\n<h2 class=\"wp-block-heading h1 preheading\"><em>Milloneneschwer und fassungslos : <\/em>Ausnahmslos das beste Los!<\/h2>\n\n\n\n<p>Los geht\u2018s: Jedes 2. Los ein Gl\u00fcckstreffer!<br><br><strong><em>Das 158. KLS-Spiel<\/em><\/strong> bietet jede Menge Chancen auf ph\u00e4nomenale Volltreffer: <strong>\u00dcber 268 Gewinne im Wert von 1 Million Euro<\/strong> und mehr bieten die Aussicht auf ein Leben voller Freude. Zus\u00e4tzlich gibt es noch \u00fcber 2 Millionen weitere attraktive Preise! Alle Gewinnm\u00f6glichkeiten finden Sie hier auf einen Blick:<\/p>\n\n\n\n<p><strong>Das KLS-Millionenspiel<\/strong> &#8211; T\u00e4glich mindestens 1 Million Euro zu gewinnen!<\/p>\n\n\n\n<ul class=\"wp-block-list\">\n<li>\u00dcber <strong>268<\/strong> Geldgewinne in Millionenh\u00f6he<\/li>\n\n\n\n<li>Millionen-Montage: 6 Montage winken mit 90 x <strong>1 Million<\/strong> Euro<\/li>\n\n\n\n<li>H\u00f6chstgewinn in der 6. Klasse <strong>20 Millionen Euro<\/strong><\/li>\n\n\n\n<li>Gesamtgewinnsumme: <strong><em>1,9 Mrd Euro<\/em><\/strong><\/li>\n<\/ul>\n\n\n\n<p><strong>MillionenMontage<\/strong> &#8211; Jeden Monat machen wir Million\u00e4re. Im KLS-Millionenspiel werden \u2013 neben den gewohnten attraktiven Gewinnen \u2013 <strong>90 Millionen Euro <\/strong>bei besonderen Eventziehungen ausgespielt. Immer wieder montags: Mit der Eventziehung, dem KLS-MillionenMontag, gibt es jetzt 90 neue Chancen, mit einem Los zum Million\u00e4r zu werden! Denn in jeder Klasse werden an einem Tag mehrere Millionen gleichzeitig ausgespielt \u2013 am Ende sind es sogar<em><strong> 25 x 1 Million Euro<\/strong><\/em>!<\/p>\n\n\n\n<ul class=\"wp-block-list\">\n<li><strong><em>08 x 1 Million Euro (Ziehung 01.12.2025)<\/em><\/strong><\/li>\n\n\n\n<li><strong><em>10 x 1 Million Euro (Ziehung 26.01.2026)<\/em><\/strong><\/li>\n\n\n\n<li><strong><em>12 x 1 Million Euro (Ziehung 23.02.2026)<\/em><\/strong><\/li>\n\n\n\n<li><strong><em>15 x 1 Million Euro (Ziehung 30.03.2026)<\/em><\/strong><\/li>\n\n\n\n<li><strong><em>20 x 1 Million Euro (Ziehung 27.04.2026)<\/em><\/strong><\/li>\n\n\n\n<li><strong><em>25 x 1 Million Euro (Ziehung 25.05.2026)<\/em><\/strong><\/li>\n<\/ul>\n\n\n\n<p><strong>20 Millionen Euro Super-Sonderziehung<\/strong> \u2013 Dabei sein ist alles! Am Ende des Spielzeitraums \u2013 in der 6. Klasse \u2013 gibt es einen H\u00f6chstgewinn von fantastischen <strong><em>20 Millionen<\/em><\/strong> Euro zu gewinnen. Also, worauf warten Sie noch, dabei sein ist alles! Wir sorgen f\u00fcr grenzenloses Gl\u00fcck mit Ihrem KLS Los.<\/p>\n\n\n<a href=\"https:\/\/klassenlotterie.com\/de\/kls\/spiel\/\" class=\"contentBanner\" style=\"background-image: url('https:\/\/klassenlotterie.com\/wp-content\/uploads\/shared-1-1.jpg');\">\n\t\t\t\t<div class=\"contentBanner__media\" style=\"background-image: url('https:\/\/qa.klassenlotterie.com\/wp-content\/uploads\/KLS-logo.svg');\"><\/div>\n\t\t\t\t<div class=\"contentBanner__text\">\n\t\t\t\t\t<div class=\"contentBanner__title\">KLS<\/div>\n\t\t\t\t\t<div class=\"contentBanner__price\">1 Mio. \u20ac<\/div>\n\t\t\t\t\t<div class=\"contentBanner__description\">JEDEN TAG<\/div>\n\t\t\t\t<\/div>\n\t\t\t<\/a>\n\n\n<h2 class=\"wp-block-heading h1\">EuroJoker <\/h2>\n\n\n\n<h2 class=\"wp-block-heading\">Rund um die Uhr Gewinne pur!<\/h2>\n\n\n\n<ul class=\"wp-block-list\">\n<li>Monatlich <strong>1 x 10.000 Euro Rente pro Monat, 10 Jahre lang<\/strong><\/li>\n\n\n\n<li>Jeden Monat <strong>1 x 750.000 \u20ac<\/strong><\/li>\n\n\n\n<li>Jede Woche 1 x 2.000 Euro Rente pro Monat, 10 Jahre lang<\/li>\n\n\n\n<li>W\u00f6chentlich 75.000 x 20 Euro<\/li>\n\n\n\n<li>Jeden Tag 1 x 1.000 Euro Rente pro Monat, 10 Jahre lang<\/li>\n\n\n\n<li>T\u00e4glich 1 x 50.000 Euro<\/li>\n\n\n\n<li>Jede Stunde 1 x 10.000 Euro<\/li>\n<\/ul>\n\n\n\n<p><strong>Sonderziehungen:<\/strong><\/p>\n\n\n\n<ul class=\"wp-block-list\">\n<li><strong>Weihnachtsgeld: 5.000 x 1.000 \u20ac (07.12.2025)<\/strong><\/li>\n\n\n\n<li><strong>Valentinstag 24 x 75.000 \u20ac (14.2.2026)<\/strong><\/li>\n\n\n\n<li><strong>Osterfest 20 x 100.000 \u20ac (05.04.2026)<\/strong><\/li>\n<\/ul>\n\n\n<a href=\"https:\/\/klassenlotterie.com\/de\/kls\/eurojoker\/\" class=\"contentBanner\" style=\"background-image: url('https:\/\/klassenlotterie.com\/wp-content\/uploads\/shared-2-1.jpg');\">\n\t\t\t\t<div class=\"contentBanner__media\" style=\"background-image: url('https:\/\/qa.klassenlotterie.com\/wp-content\/uploads\/EuroJoker-banner-logo.png');\"><\/div>\n\t\t\t\t<div class=\"contentBanner__text\">\n\t\t\t\t\t<div class=\"contentBanner__title\">EuroJoker<\/div>\n\t\t\t\t\t<div class=\"contentBanner__price contentBanner__price--medium\">10.000 \u20ac <\/div>\n\t\t\t\t\t<div class=\"contentBanner__description\">Jede Stunde<\/div>\n\t\t\t\t<\/div>\n\t\t\t<\/a>\n\n\n<h2 class=\"wp-block-heading h1\">TraumJoker <\/h2>\n\n\n\n<h2 class=\"wp-block-heading\">Jeden Monat 3,2 Millionen traumhafte Geld- und Sachgewinne<\/h2>\n\n\n\n<ul class=\"wp-block-list\">\n<li><strong>H\u00f6chstgewinn-Verdopplung von 500.000 \u20ac auf 1 Million \u20ac nur im Dezember<\/strong><\/li>\n\n\n\n<li>Kompakt &amp; effizient: Tiny House im Wert von 100.000 \u20ac<\/li>\n\n\n\n<li>Mein Schatz: pures Gold im Wert von 100.000 \u20ac<\/li>\n\n\n\n<li>Als neues Auto einen Mercedes-Benz EQE in Wert von 100.000 \u20ac<\/li>\n\n\n\n<li>Oder einfach Geld: 100.000 \u20ac in bar.<\/li>\n\n\n\n<li>4 x 10.000&nbsp; \u20ac<\/li>\n\n\n\n<li>40 x 1.000 \u20ac<\/li>\n\n\n\n<li>400 x 100 \u20ac<\/li>\n\n\n\n<li>4.000 x 50 \u20ac<\/li>\n\n\n\n<li>40.000 x 10 \u20ac<\/li>\n\n\n\n<li>400.000 x 5 \u20ac<\/li>\n\n\n\n<li>2,9 Mio. x 2,50 \u20ac<\/li>\n\n\n\n<li>Monatliche Gesamtgewinnsumme von 10.870.000 \u20ac<\/li>\n<\/ul>\n\n\n\n<p><strong>SONDERZIEHUNGEN<\/strong><\/p>\n\n\n\n<ul class=\"wp-block-list\">\n<li><strong>Plus Weihnachtsgeld-Ziehung: 1.000 x 1.000 \u20ac Extrageld! (16.12.2025)<\/strong><\/li>\n\n\n\n<li><strong>Weihnachts-Million: Verdopplung des H\u00f6chstgewinns auf 1 Million \u20ac (23.12.2025)<\/strong><\/li>\n\n\n\n<li><strong>Fr\u00fchling-Ziehung: 1.000 x 1.000 \u20ac Extrageld (17.02.2026)<\/strong><\/li>\n<\/ul>\n\n\n<a href=\"https:\/\/klassenlotterie.com\/de\/kls\/traumjoker\/\" class=\"contentBanner\" style=\"background-image: url('https:\/\/klassenlotterie.com\/wp-content\/uploads\/shared-3-1.jpg');\">\n\t\t\t\t<div class=\"contentBanner__media\" style=\"background-image: url('https:\/\/qa.klassenlotterie.com\/wp-content\/uploads\/TraumJoker-banner-logo.png');\"><\/div>\n\t\t\t\t<div class=\"contentBanner__text\">\n\t\t\t\t\t<div class=\"contentBanner__title\">TraumJoker<\/div>\n\t\t\t\t\t<div class=\"contentBanner__price contentBanner__price--medium\">3,2 Millionen<\/div>\n\t\t\t\t\t<div class=\"contentBanner__description\">GEWINNE MONATLICH<\/div>\n\t\t\t\t<\/div>\n\t\t\t<\/a>","protected":false},"excerpt":{"rendered":"<p>Milloneneschwer und fassungslos : Ausnahmslos das beste Los! Los geht\u2018s:<\/p>\n","protected":false},"author":1,"featured_media":1738,"parent":136,"menu_order":0,"comment_status":"closed","ping_status":"closed","template":"","meta":{"footnotes":""},"class_list":["post-240","page","type-page","status-publish","has-post-thumbnail","hentry"],"_links":{"self":[{"href":"https:\/\/klassenlotterie.com\/de\/wp-json\/wp\/v2\/pages\/240","targetHints":{"allow":["GET"]}}],"collection":[{"href":"https:\/\/klassenlotterie.com\/de\/wp-json\/wp\/v2\/pages"}],"about":[{"href":"https:\/\/klassenlotterie.com\/de\/wp-json\/wp\/v2\/types\/page"}],"author":[{"embeddable":true,"href":"https:\/\/klassenlotterie.com\/de\/wp-json\/wp\/v2\/users\/1"}],"replies":[{"embeddable":true,"href":"https:\/\/klassenlotterie.com\/de\/wp-json\/wp\/v2\/comments?post=240"}],"version-history":[{"count":29,"href":"https:\/\/klassenlotterie.com\/de\/wp-json\/wp\/v2\/pages\/240\/revisions"}],"predecessor-version":[{"id":3755,"href":"https:\/\/klassenlotterie.com\/de\/wp-json\/wp\/v2\/pages\/240\/revisions\/3755"}],"up":[{"embeddable":true,"href":"https:\/\/klassenlotterie.com\/de\/wp-json\/wp\/v2\/pages\/136"}],"wp:featuredmedia":[{"embeddable":true,"href":"https:\/\/klassenlotterie.com\/de\/wp-json\/wp\/v2\/media\/1738"}],"wp:attachment":[{"href":"https:\/\/klassenlotterie.com\/de\/wp-json\/wp\/v2\/media?parent=240"}],"curies":[{"name":"wp","href":"https:\/\/api.w.org\/{rel}","templated":true}]}}