{"id":26,"date":"2019-09-23T10:35:18","date_gmt":"2019-09-23T10:35:18","guid":{"rendered":"https:\/\/qa.klassenlotterie.com\/?page_id=26"},"modified":"2026-02-13T12:22:48","modified_gmt":"2026-02-13T12:22:48","slug":"kln","status":"publish","type":"page","link":"https:\/\/klassenlotterie.com\/de\/kln\/","title":{"rendered":"KLN"},"content":{"rendered":"\n\t\t\t\t<section class=\"contentCarousel\">\n\t\t\t\t\t<div class=\"contentCarousel__container swiper-container\">\n\t\t                <div class=\"contentCarousel__list contentCarousel__list--count5 swiper-wrapper\">\n\t\t\t\t\t<div class=\"contentCarousel__item swiper-slide\">\n\t\t\t\t\t\t<div class=\"contentCarousel__media\">\n\t\t\t\t\t\t\t<div class=\"contentCarousel__blur\" style=\"background-image: url('https:\/\/klassenlotterie.com\/wp-content\/uploads\/KLN-Slideshow-Osterziehung-2026-300x94.jpg')\"><\/div>\n\t\t\t\t\t\t\t<img decoding=\"async\" src=\"https:\/\/klassenlotterie.com\/wp-content\/uploads\/KLN-Slideshow-Osterziehung-2026-1024x322.jpg\" srcset=\"https:\/\/klassenlotterie.com\/wp-content\/uploads\/KLN-Slideshow-Osterziehung-2026.jpg 3815w, https:\/\/klassenlotterie.com\/wp-content\/uploads\/KLN-Slideshow-Osterziehung-2026-300x94.jpg 300w, https:\/\/klassenlotterie.com\/wp-content\/uploads\/KLN-Slideshow-Osterziehung-2026-1024x322.jpg 1024w, https:\/\/klassenlotterie.com\/wp-content\/uploads\/KLN-Slideshow-Osterziehung-2026-768x242.jpg 768w, https:\/\/klassenlotterie.com\/wp-content\/uploads\/KLN-Slideshow-Osterziehung-2026-1536x483.jpg 1536w, https:\/\/klassenlotterie.com\/wp-content\/uploads\/KLN-Slideshow-Osterziehung-2026-2048x644.jpg 2048w, https:\/\/klassenlotterie.com\/wp-content\/uploads\/KLN-Slideshow-Osterziehung-2026-1920x604.jpg 1920w, https:\/\/klassenlotterie.com\/wp-content\/uploads\/KLN-Slideshow-Osterziehung-2026-2560x805.jpg 2560w\" sizes=\"(max-width: 3815px) 100vw, 3815px\" alt=\"\">\n\t\t\t\t\t\t<\/div>\n\t\t\t\t\t\t<div class=\"contentCarousel__panel\"><div class=\"contentCarousel__title\"><strong>GOLZ-ZIEHUNGEN<\/strong><\/div><div class=\"contentCarousel__description\">Osterziehung 5.4.2026<\/div><a href=\"https:\/\/klassenlotterie.com\/de\/kln\/neuigkeiten\/osterziehung\/\" class=\"contentCarousel__button button button--invert button--arrow\"><span class=\"button__title\">Weiterlesen<\/span><\/a><\/div>\n\t\t\t\t\t<\/div>\n\t\t\t\t\t\n\t\t\t\t\t<div class=\"contentCarousel__item swiper-slide\">\n\t\t\t\t\t\t<div class=\"contentCarousel__media\">\n\t\t\t\t\t\t\t<div class=\"contentCarousel__blur\" style=\"background-image: url('https:\/\/klassenlotterie.com\/wp-content\/uploads\/RJ-Slideshow-Easter-2026-300x94.jpg')\"><\/div>\n\t\t\t\t\t\t\t<img decoding=\"async\" src=\"https:\/\/klassenlotterie.com\/wp-content\/uploads\/RJ-Slideshow-Easter-2026-1024x322.jpg\" srcset=\"https:\/\/klassenlotterie.com\/wp-content\/uploads\/RJ-Slideshow-Easter-2026.jpg 3815w, https:\/\/klassenlotterie.com\/wp-content\/uploads\/RJ-Slideshow-Easter-2026-300x94.jpg 300w, https:\/\/klassenlotterie.com\/wp-content\/uploads\/RJ-Slideshow-Easter-2026-1024x322.jpg 1024w, https:\/\/klassenlotterie.com\/wp-content\/uploads\/RJ-Slideshow-Easter-2026-768x242.jpg 768w, https:\/\/klassenlotterie.com\/wp-content\/uploads\/RJ-Slideshow-Easter-2026-1536x483.jpg 1536w, https:\/\/klassenlotterie.com\/wp-content\/uploads\/RJ-Slideshow-Easter-2026-2048x644.jpg 2048w, https:\/\/klassenlotterie.com\/wp-content\/uploads\/RJ-Slideshow-Easter-2026-1920x604.jpg 1920w, https:\/\/klassenlotterie.com\/wp-content\/uploads\/RJ-Slideshow-Easter-2026-2560x805.jpg 2560w\" sizes=\"(max-width: 3815px) 100vw, 3815px\" alt=\"\">\n\t\t\t\t\t\t<\/div>\n\t\t\t\t\t\t<div class=\"contentCarousel__panel\"><div class=\"contentCarousel__title\">Frohe Ostern<\/div><div class=\"contentCarousel__description\">RentenJoker jetzt mit viel mehr Gewinnen<\/div><a href=\"https:\/\/klassenlotterie.com\/de\/kln\/neuigkeiten\/oster-rentenjoker-2026\/\" class=\"contentCarousel__button button button--invert button--arrow\"><span class=\"button__title\">Weiterlesen<\/span><\/a><\/div>\n\t\t\t\t\t<\/div>\n\t\t\t\t\t\n\t\t\t\t\t<a href=\"https:\/\/klassenlotterie.com\/de\/kln\/spiel\/\" class=\"contentCarousel__item swiper-slide\">\n\t\t\t\t\t\t<div class=\"contentCarousel__media\">\n\t\t\t\t\t\t\t<div class=\"contentCarousel__blur\" style=\"background-image: url('https:\/\/klassenlotterie.com\/wp-content\/uploads\/homepage-carousel-1-richtig-kasse-mit-viel-klasse-300x82.jpg')\"><\/div>\n\t\t\t\t\t\t\t<img decoding=\"async\" src=\"https:\/\/klassenlotterie.com\/wp-content\/uploads\/homepage-carousel-1-richtig-kasse-mit-viel-klasse-1024x280.jpg\" srcset=\"https:\/\/klassenlotterie.com\/wp-content\/uploads\/homepage-carousel-1-richtig-kasse-mit-viel-klasse.jpg 2560w, https:\/\/klassenlotterie.com\/wp-content\/uploads\/homepage-carousel-1-richtig-kasse-mit-viel-klasse-300x82.jpg 300w, https:\/\/klassenlotterie.com\/wp-content\/uploads\/homepage-carousel-1-richtig-kasse-mit-viel-klasse-1024x280.jpg 1024w, https:\/\/klassenlotterie.com\/wp-content\/uploads\/homepage-carousel-1-richtig-kasse-mit-viel-klasse-768x210.jpg 768w, https:\/\/klassenlotterie.com\/wp-content\/uploads\/homepage-carousel-1-richtig-kasse-mit-viel-klasse-1536x420.jpg 1536w, https:\/\/klassenlotterie.com\/wp-content\/uploads\/homepage-carousel-1-richtig-kasse-mit-viel-klasse-2048x560.jpg 2048w, https:\/\/klassenlotterie.com\/wp-content\/uploads\/homepage-carousel-1-richtig-kasse-mit-viel-klasse-1920x525.jpg 1920w\" sizes=\"(max-width: 2560px) 100vw, 2560px\" alt=\"\">\n\t\t\t\t\t\t<\/div>\n\t\t\t\t\t\t<div class=\"contentCarousel__panel\"><div class=\"contentCarousel__title\">SEI DER N\u00c4CHSTE MILLION\u00c4R<\/div><\/div>\n\t\t\t\t\t<\/a>\n\t\t\t\t\t\n\t\t\t\t\t<a href=\"https:\/\/klassenlotterie.com\/de\/kln\/spiel\/\" class=\"contentCarousel__item swiper-slide\">\n\t\t\t\t\t\t<div class=\"contentCarousel__media\">\n\t\t\t\t\t\t\t<div class=\"contentCarousel__blur\" style=\"background-image: url('https:\/\/klassenlotterie.com\/wp-content\/uploads\/homepage-carousel-2-sei-der-nachste-millionar-300x82.jpg')\"><\/div>\n\t\t\t\t\t\t\t<img decoding=\"async\" src=\"https:\/\/klassenlotterie.com\/wp-content\/uploads\/homepage-carousel-2-sei-der-nachste-millionar-1024x280.jpg\" srcset=\"https:\/\/klassenlotterie.com\/wp-content\/uploads\/homepage-carousel-2-sei-der-nachste-millionar.jpg 2560w, https:\/\/klassenlotterie.com\/wp-content\/uploads\/homepage-carousel-2-sei-der-nachste-millionar-300x82.jpg 300w, https:\/\/klassenlotterie.com\/wp-content\/uploads\/homepage-carousel-2-sei-der-nachste-millionar-1024x280.jpg 1024w, https:\/\/klassenlotterie.com\/wp-content\/uploads\/homepage-carousel-2-sei-der-nachste-millionar-768x210.jpg 768w, https:\/\/klassenlotterie.com\/wp-content\/uploads\/homepage-carousel-2-sei-der-nachste-millionar-1536x420.jpg 1536w, https:\/\/klassenlotterie.com\/wp-content\/uploads\/homepage-carousel-2-sei-der-nachste-millionar-2048x560.jpg 2048w, https:\/\/klassenlotterie.com\/wp-content\/uploads\/homepage-carousel-2-sei-der-nachste-millionar-1920x525.jpg 1920w\" sizes=\"(max-width: 2560px) 100vw, 2560px\" alt=\"\">\n\t\t\t\t\t\t<\/div>\n\t\t\t\t\t\t<div class=\"contentCarousel__panel\"><div class=\"contentCarousel__title\">Richtig Kasse mit viel Klasse!<\/div><\/div>\n\t\t\t\t\t<\/a>\n\t\t\t\t\t\n\t\t\t\t\t<a href=\"https:\/\/klassenlotterie.com\/de\/kln\/spiel\/\" class=\"contentCarousel__item swiper-slide\">\n\t\t\t\t\t\t<div class=\"contentCarousel__media\">\n\t\t\t\t\t\t\t<div class=\"contentCarousel__blur\" style=\"background-image: url('https:\/\/klassenlotterie.com\/wp-content\/uploads\/homepage-carousel-3-der-augenblick-vom-gluck-300x82.jpg')\"><\/div>\n\t\t\t\t\t\t\t<img decoding=\"async\" src=\"https:\/\/klassenlotterie.com\/wp-content\/uploads\/homepage-carousel-3-der-augenblick-vom-gluck-1024x280.jpg\" srcset=\"https:\/\/klassenlotterie.com\/wp-content\/uploads\/homepage-carousel-3-der-augenblick-vom-gluck.jpg 2560w, https:\/\/klassenlotterie.com\/wp-content\/uploads\/homepage-carousel-3-der-augenblick-vom-gluck-300x82.jpg 300w, https:\/\/klassenlotterie.com\/wp-content\/uploads\/homepage-carousel-3-der-augenblick-vom-gluck-1024x280.jpg 1024w, https:\/\/klassenlotterie.com\/wp-content\/uploads\/homepage-carousel-3-der-augenblick-vom-gluck-768x210.jpg 768w, https:\/\/klassenlotterie.com\/wp-content\/uploads\/homepage-carousel-3-der-augenblick-vom-gluck-1536x420.jpg 1536w, https:\/\/klassenlotterie.com\/wp-content\/uploads\/homepage-carousel-3-der-augenblick-vom-gluck-2048x560.jpg 2048w, https:\/\/klassenlotterie.com\/wp-content\/uploads\/homepage-carousel-3-der-augenblick-vom-gluck-1920x525.jpg 1920w\" sizes=\"(max-width: 2560px) 100vw, 2560px\" alt=\"\">\n\t\t\t\t\t\t<\/div>\n\t\t\t\t\t\t<div class=\"contentCarousel__panel\"><div class=\"contentCarousel__title\">Der Augenblick vom Gl\u00fcck!<\/div><\/div>\n\t\t\t\t\t<\/a>\n\t\t\t\t\t<\/div>\n\t\t                <div class=\"contentCarousel__pagination swiper-pagination\"><\/div>\n\t                    <div class=\"contentCarousel__next swiper-button-next\"><\/div>\n\t                    <div class=\"contentCarousel__prev swiper-button-prev\"><\/div>\n\t                <\/div>\n\t            <\/section>\n\t            \n\n<section class=\"contentSection\">\n\t\t\t\t<div class=\"contentSection__text\">\n\t\t\t\t\t<div class=\"contentSection__title\">Das 156. KLN-Spiel &#8211; <strong>Deine Chance auf Gold &amp; Millionen!<\/strong><\/div>\n\t\t\t\t\t<p class=\"contentSection__description\">Erlebe \u00fcber 77 Jahre Tradition in einer neuen Dimension: Die 156. KLN startet mit unglaublichen 525 Millionengewinnen! Hier wird das Gl\u00fcck zum t\u00e4glichen Begleiter, denn jeden Tag verlosen wir mindestens eine Million Euro. Das gro\u00dfe Highlight? Im Finale warten 50 x 1 Million in Gold auf dich!<br>\u00a0<br>Mit einer Rekord-Gewinnsumme von \u00fcber 2,3 Milliarden Euro bietet die KLN mehr garantierte Millionen-Chancen als jede andere Lotterie. Dank europ\u00e4ischer Lizenz nimmst du grenzenlos teil und genie\u00dft volle Auszahlungssicherheit. Ob der 20-Millionen-Jackpot, Traumh\u00e4user oder sogar eine eigene Privatinsel \u2013 dein \u201eSt\u00fcck vom Gl\u00fcck\u201c ist nur einen Klick entfernt. <a href=\"https:\/\/klassenlotterie.com\/de\/kln\/spiel\/\">Weiterlesen<\/a><\/p>\n\t\t\t\t<\/div>\n\t\t\t\t<div class=\"contentSection__media\">\n\t\t\t\t\t<a href=\"https:\/\/klassenlotterie.com\/de\/kln\/spiel\/\"><img loading=\"lazy\" decoding=\"async\" width=\"1000\" height=\"1000\" src=\"https:\/\/klassenlotterie.com\/wp-content\/uploads\/game-kln-banner-square.jpg\" class=\"contentSection__image\" alt=\"Das 156. KLN-Spiel - &lt;strong&gt;Deine Chance auf Gold &amp; Millionen!&lt;\/strong&gt;\" srcset=\"https:\/\/klassenlotterie.com\/wp-content\/uploads\/game-kln-banner-square.jpg 1000w, https:\/\/klassenlotterie.com\/wp-content\/uploads\/game-kln-banner-square-300x300.jpg 300w, https:\/\/klassenlotterie.com\/wp-content\/uploads\/game-kln-banner-square-150x150.jpg 150w, https:\/\/klassenlotterie.com\/wp-content\/uploads\/game-kln-banner-square-768x768.jpg 768w\" sizes=\"auto, (max-width: 1000px) 100vw, 1000px\" \/><\/a>\n\t\t\t\t<\/div>\n\t\t\t<\/section>\n\n<section class=\"contentSection\">\n\t\t\t\t<div class=\"contentSection__text\">\n\t\t\t\t\t<div class=\"contentSection__title\">MillionenJoker:<br>Der Turbo f\u00fcr dein Gl\u00fcck!<\/div>\n\t\t\t\t\t<p class=\"contentSection__description\">Lust auf das entscheidende Plus? Mit nur einem Klick holst du dir den ultimativen Gewinn-Boost. Der KLN MillionenJoker packt pro Los sagenhafte 305 zus\u00e4tzliche Millionenchancen oben drauf! Das bedeutet f\u00fcr dich: Die Anzahl der Gewinnm\u00f6glichkeiten \u00fcber 1 Million \u20ac steigt auf insgesamt \u00fcber 500 Chancen pro Spiel. Kein Wunder, dass die meisten Mitspieler diesen Joker direkt bei der Bestellung aktivieren \u2013 wer l\u00e4sst sich schon gerne eine Extra-Million entgehen? <a href=\"https:\/\/klassenlotterie.com\/de\/kln\/millionenjoker\/\">Weiterlesen<\/a><\/p>\n\t\t\t\t<\/div>\n\t\t\t\t<div class=\"contentSection__media\">\n\t\t\t\t\t<a href=\"https:\/\/klassenlotterie.com\/de\/kln\/millionenjoker\/\"><img loading=\"lazy\" decoding=\"async\" width=\"1000\" height=\"1000\" src=\"https:\/\/klassenlotterie.com\/wp-content\/uploads\/game-mj-banner-square.jpg\" class=\"contentSection__image\" alt=\"MillionenJoker:&lt;br&gt;Der Turbo f\u00fcr dein Gl\u00fcck!\" srcset=\"https:\/\/klassenlotterie.com\/wp-content\/uploads\/game-mj-banner-square.jpg 1000w, https:\/\/klassenlotterie.com\/wp-content\/uploads\/game-mj-banner-square-300x300.jpg 300w, https:\/\/klassenlotterie.com\/wp-content\/uploads\/game-mj-banner-square-150x150.jpg 150w, https:\/\/klassenlotterie.com\/wp-content\/uploads\/game-mj-banner-square-768x768.jpg 768w\" sizes=\"auto, (max-width: 1000px) 100vw, 1000px\" \/><\/a>\n\t\t\t\t<\/div>\n\t\t\t<\/section>\n\n<section class=\"contentSection\">\n\t\t\t\t<div class=\"contentSection__text\">\n\t\t\t\t\t<div class=\"contentSection__title\">RentenJoker:<br>Monat f\u00fcr Monat ein echtes Plus<\/div>\n\t\t\t\t\t<p class=\"contentSection__description\">Schon ab einem Einsatz von 5 \u20ac sichern Sie sich Ihre Chance auf ein sorgenfreies Leben. Das erwartet Sie beim neuen RentenJoker:<br>&#8211; \u00dcber 40 Sofort-Renten jeden Monat (10 Jahre Laufzeit).<br>&#8211; 250.000 \u20ac Hauptgewinn monatlich.<br>&#8211; 50.000 \u20ac Woche f\u00fcr Woche.<br>&#8211; \u00dcber 150.000 x 20 \u20ac Kleingewinne f\u00fcr hohe Trefferchancen.<br><br>Maximieren Sie Ihr Gl\u00fcck mit RentenJoker PLUS: F\u00fcr einen Zusatzbeitrag von 5 \u20ac verl\u00e4ngern Sie Ihr Gl\u00fcck auf 20 Jahre. Gewinnen Sie eine von drei Top-Renten (1.000 \u20ac, 2.500 \u20ac oder 5.000 \u20ac monatlich) und genie\u00dfen Sie doppelt so lange finanzielle Unabh\u00e4ngigkeit. <a href=\"https:\/\/klassenlotterie.com\/de\/kln\/rentenjoker\/\">Weiterlesen<\/a><\/p>\n\t\t\t\t<\/div>\n\t\t\t\t<div class=\"contentSection__media\">\n\t\t\t\t\t<a href=\"https:\/\/klassenlotterie.com\/de\/kln\/rentenjoker\/\"><img loading=\"lazy\" decoding=\"async\" width=\"1000\" height=\"1000\" src=\"https:\/\/klassenlotterie.com\/wp-content\/uploads\/game-rj-banner-square.jpg\" class=\"contentSection__image\" alt=\"RentenJoker:&lt;br&gt;Monat f\u00fcr Monat ein echtes Plus\" srcset=\"https:\/\/klassenlotterie.com\/wp-content\/uploads\/game-rj-banner-square.jpg 1000w, https:\/\/klassenlotterie.com\/wp-content\/uploads\/game-rj-banner-square-300x300.jpg 300w, https:\/\/klassenlotterie.com\/wp-content\/uploads\/game-rj-banner-square-150x150.jpg 150w, https:\/\/klassenlotterie.com\/wp-content\/uploads\/game-rj-banner-square-768x768.jpg 768w\" sizes=\"auto, (max-width: 1000px) 100vw, 1000px\" \/><\/a>\n\t\t\t\t<\/div>\n\t\t\t<\/section>\n\n\n<hr class=\"wp-block-separator has-css-opacity\"\/>\n\n\n\n<h2 class=\"wp-block-heading h1\">NEUIGKEITEN<\/h2>\n\n\n\n            <section class=\"contentSlider contentSlider--news swiper-container\">\n                <div class=\"contentSlider__list swiper-wrapper\">\n\t\t\t\t\t<div class=\"contentSlider__item swiper-slide\">\n\t\t\t\t\t\t<a href=\"https:\/\/klassenlotterie.com\/de\/kln\/neuigkeiten\/e-bike-2026\/\" class=\"contentSlider__image\"><img loading=\"lazy\" decoding=\"async\" width=\"1344\" height=\"898\" src=\"https:\/\/klassenlotterie.com\/wp-content\/uploads\/KLN-156-Prize-1.jpg\" class=\"attachment- size- wp-post-image\" alt=\"E-BIKE 2026\" srcset=\"https:\/\/klassenlotterie.com\/wp-content\/uploads\/KLN-156-Prize-1.jpg 1344w, https:\/\/klassenlotterie.com\/wp-content\/uploads\/KLN-156-Prize-1-300x200.jpg 300w, https:\/\/klassenlotterie.com\/wp-content\/uploads\/KLN-156-Prize-1-1024x684.jpg 1024w, https:\/\/klassenlotterie.com\/wp-content\/uploads\/KLN-156-Prize-1-768x513.jpg 768w\" sizes=\"auto, (max-width: 1344px) 100vw, 1344px\" \/><\/a>\n\t\t\t\t\t\t<div class=\"contentSlider__title\">E-BIKE 2026<\/div>\n\t\t\t\t\t\t<div class=\"contentSlider__description\">Am\u00a03. April 2026\u00a0k\u00f6nnen Sie\u00a0300 E-Bikes\u00a0im Gesamtwert von\u00a01,8 Millionen Euro\u00a0(Wert pro<\/div>\n\t\t\t\t\t\t<a href=\"https:\/\/klassenlotterie.com\/de\/kln\/neuigkeiten\/e-bike-2026\/\" class=\"contentSlider__link\" aria-label=\"E-BIKE 2026, Weiterlesen\">Weiterlesen<\/a>\n\t\t\t\t\t<\/div>\n\t\t\t\t\t\n\t\t\t\t\t<div class=\"contentSlider__item swiper-slide\">\n\t\t\t\t\t\t<a href=\"https:\/\/klassenlotterie.com\/de\/kln\/neuigkeiten\/oster-rentenjoker-2026\/\" class=\"contentSlider__image\"><img loading=\"lazy\" decoding=\"async\" width=\"1344\" height=\"898\" src=\"https:\/\/klassenlotterie.com\/wp-content\/uploads\/RJ-News-Easter-2026.jpg\" class=\"attachment- size- wp-post-image\" alt=\"Oster RentenJoker 2026\" srcset=\"https:\/\/klassenlotterie.com\/wp-content\/uploads\/RJ-News-Easter-2026.jpg 1344w, https:\/\/klassenlotterie.com\/wp-content\/uploads\/RJ-News-Easter-2026-300x200.jpg 300w, https:\/\/klassenlotterie.com\/wp-content\/uploads\/RJ-News-Easter-2026-1024x684.jpg 1024w, https:\/\/klassenlotterie.com\/wp-content\/uploads\/RJ-News-Easter-2026-768x513.jpg 768w\" sizes=\"auto, (max-width: 1344px) 100vw, 1344px\" \/><\/a>\n\t\t\t\t\t\t<div class=\"contentSlider__title\">Oster RentenJoker 2026<\/div>\n\t\t\t\t\t\t<div class=\"contentSlider__description\">Mit dem neuen RentenJoker gibt es ab April jeden Monat<\/div>\n\t\t\t\t\t\t<a href=\"https:\/\/klassenlotterie.com\/de\/kln\/neuigkeiten\/oster-rentenjoker-2026\/\" class=\"contentSlider__link\" aria-label=\"Oster RentenJoker 2026, Weiterlesen\">Weiterlesen<\/a>\n\t\t\t\t\t<\/div>\n\t\t\t\t\t\n\t\t\t\t\t<div class=\"contentSlider__item swiper-slide\">\n\t\t\t\t\t\t<a href=\"https:\/\/klassenlotterie.com\/de\/kln\/neuigkeiten\/traumreisen-2026\/\" class=\"contentSlider__image\"><img loading=\"lazy\" decoding=\"async\" width=\"1344\" height=\"898\" src=\"https:\/\/klassenlotterie.com\/wp-content\/uploads\/KLN-156-Prize-2.jpg\" class=\"attachment- size- wp-post-image\" alt=\"TRAUMREISEN 2026\" srcset=\"https:\/\/klassenlotterie.com\/wp-content\/uploads\/KLN-156-Prize-2.jpg 1344w, https:\/\/klassenlotterie.com\/wp-content\/uploads\/KLN-156-Prize-2-300x200.jpg 300w, https:\/\/klassenlotterie.com\/wp-content\/uploads\/KLN-156-Prize-2-1024x684.jpg 1024w, https:\/\/klassenlotterie.com\/wp-content\/uploads\/KLN-156-Prize-2-768x513.jpg 768w\" sizes=\"auto, (max-width: 1344px) 100vw, 1344px\" \/><\/a>\n\t\t\t\t\t\t<div class=\"contentSlider__title\">TRAUMREISEN 2026<\/div>\n\t\t\t\t\t\t<div class=\"contentSlider__description\">Am\u00a01. Mai 2026\u00a0k\u00f6nnen Sie\u00a0300 Traumreisen\u00a0im Gesamtwert von\u00a03 Millionen Euro\u00a0(Wert pro<\/div>\n\t\t\t\t\t\t<a href=\"https:\/\/klassenlotterie.com\/de\/kln\/neuigkeiten\/traumreisen-2026\/\" class=\"contentSlider__link\" aria-label=\"TRAUMREISEN 2026, Weiterlesen\">Weiterlesen<\/a>\n\t\t\t\t\t<\/div>\n\t\t\t\t\t\n\t\t\t\t\t<div class=\"contentSlider__item swiper-slide\">\n\t\t\t\t\t\t<a href=\"https:\/\/klassenlotterie.com\/de\/kln\/neuigkeiten\/kreuzfahrten-2026\/\" class=\"contentSlider__image\"><img loading=\"lazy\" decoding=\"async\" width=\"1344\" height=\"898\" src=\"https:\/\/klassenlotterie.com\/wp-content\/uploads\/KLN-156-Prize-3.jpg\" class=\"attachment- size- wp-post-image\" alt=\"KREUZFAHRTEN 2026\" srcset=\"https:\/\/klassenlotterie.com\/wp-content\/uploads\/KLN-156-Prize-3.jpg 1344w, https:\/\/klassenlotterie.com\/wp-content\/uploads\/KLN-156-Prize-3-300x200.jpg 300w, https:\/\/klassenlotterie.com\/wp-content\/uploads\/KLN-156-Prize-3-1024x684.jpg 1024w, https:\/\/klassenlotterie.com\/wp-content\/uploads\/KLN-156-Prize-3-768x513.jpg 768w\" sizes=\"auto, (max-width: 1344px) 100vw, 1344px\" \/><\/a>\n\t\t\t\t\t\t<div class=\"contentSlider__title\">KREUZFAHRTEN 2026<\/div>\n\t\t\t\t\t\t<div class=\"contentSlider__description\">Ahoi! Am\u00a05. Juni 2026\u00a0k\u00f6nnen Es erwarten Sie 290 Kreuzfahrten f\u00fcr<\/div>\n\t\t\t\t\t\t<a href=\"https:\/\/klassenlotterie.com\/de\/kln\/neuigkeiten\/kreuzfahrten-2026\/\" class=\"contentSlider__link\" aria-label=\"KREUZFAHRTEN 2026, Weiterlesen\">Weiterlesen<\/a>\n\t\t\t\t\t<\/div>\n\t\t\t\t\t\n\t\t\t\t\t<div class=\"contentSlider__item swiper-slide\">\n\t\t\t\t\t\t<a href=\"https:\/\/klassenlotterie.com\/de\/kln\/neuigkeiten\/viebrockhaeuser-2026\/\" class=\"contentSlider__image\"><img loading=\"lazy\" decoding=\"async\" width=\"1344\" height=\"898\" src=\"https:\/\/klassenlotterie.com\/wp-content\/uploads\/KLN-156-Prize-6.jpg\" class=\"attachment- size- wp-post-image\" alt=\"VIEBROCKH\u00c4USER 2026\" srcset=\"https:\/\/klassenlotterie.com\/wp-content\/uploads\/KLN-156-Prize-6.jpg 1344w, https:\/\/klassenlotterie.com\/wp-content\/uploads\/KLN-156-Prize-6-300x200.jpg 300w, https:\/\/klassenlotterie.com\/wp-content\/uploads\/KLN-156-Prize-6-1024x684.jpg 1024w, https:\/\/klassenlotterie.com\/wp-content\/uploads\/KLN-156-Prize-6-768x513.jpg 768w\" sizes=\"auto, (max-width: 1344px) 100vw, 1344px\" \/><\/a>\n\t\t\t\t\t\t<div class=\"contentSlider__title\">VIEBROCKH\u00c4USER 2026<\/div>\n\t\t\t\t\t\t<div class=\"contentSlider__description\">Endlich Ihr Zuhausehaus. Nichts ist sch\u00f6ner als das eigene Zuhause.<\/div>\n\t\t\t\t\t\t<a href=\"https:\/\/klassenlotterie.com\/de\/kln\/neuigkeiten\/viebrockhaeuser-2026\/\" class=\"contentSlider__link\" aria-label=\"VIEBROCKH\u00c4USER 2026, Weiterlesen\">Weiterlesen<\/a>\n\t\t\t\t\t<\/div>\n\t\t\t\t\t\n\t\t\t\t\t<div class=\"contentSlider__item swiper-slide\">\n\t\t\t\t\t\t<a href=\"https:\/\/klassenlotterie.com\/de\/kln\/neuigkeiten\/privatinsel-2026-2\/\" class=\"contentSlider__image\"><img loading=\"lazy\" decoding=\"async\" width=\"1344\" height=\"898\" src=\"https:\/\/klassenlotterie.com\/wp-content\/uploads\/KLN-156-Prize-4.jpg\" class=\"attachment- size- wp-post-image\" alt=\"PRIVATINSEL 2026\" srcset=\"https:\/\/klassenlotterie.com\/wp-content\/uploads\/KLN-156-Prize-4.jpg 1344w, https:\/\/klassenlotterie.com\/wp-content\/uploads\/KLN-156-Prize-4-300x200.jpg 300w, https:\/\/klassenlotterie.com\/wp-content\/uploads\/KLN-156-Prize-4-1024x684.jpg 1024w, https:\/\/klassenlotterie.com\/wp-content\/uploads\/KLN-156-Prize-4-768x513.jpg 768w\" sizes=\"auto, (max-width: 1344px) 100vw, 1344px\" \/><\/a>\n\t\t\t\t\t\t<div class=\"contentSlider__title\">PRIVATINSEL 2026<\/div>\n\t\t\t\t\t\t<div class=\"contentSlider__description\">Reif f\u00fcr die eigene Insel. Gewinnen Sie Ihre private Insel!<\/div>\n\t\t\t\t\t\t<a href=\"https:\/\/klassenlotterie.com\/de\/kln\/neuigkeiten\/privatinsel-2026-2\/\" class=\"contentSlider__link\" aria-label=\"PRIVATINSEL 2026, Weiterlesen\">Weiterlesen<\/a>\n\t\t\t\t\t<\/div>\n\t\t\t\t\t<\/div>\n                <div class=\"contentSlider__pagination swiper-pagination\"><\/div>\n                <div class=\"contentSlider__next swiper-button-next\"><\/div>\n                <div class=\"contentSlider__prev swiper-button-prev\"><\/div>\n            <\/section>\n\t\t\t\n\n\n<p><\/p>\n","protected":false},"excerpt":{"rendered":"<p>NEUIGKEITEN<\/p>\n","protected":false},"author":1,"featured_media":105,"parent":0,"menu_order":0,"comment_status":"closed","ping_status":"closed","template":"page-home.php","meta":{"footnotes":""},"class_list":["post-26","page","type-page","status-publish","has-post-thumbnail","hentry"],"_links":{"self":[{"href":"https:\/\/klassenlotterie.com\/de\/wp-json\/wp\/v2\/pages\/26","targetHints":{"allow":["GET"]}}],"collection":[{"href":"https:\/\/klassenlotterie.com\/de\/wp-json\/wp\/v2\/pages"}],"about":[{"href":"https:\/\/klassenlotterie.com\/de\/wp-json\/wp\/v2\/types\/page"}],"author":[{"embeddable":true,"href":"https:\/\/klassenlotterie.com\/de\/wp-json\/wp\/v2\/users\/1"}],"replies":[{"embeddable":true,"href":"https:\/\/klassenlotterie.com\/de\/wp-json\/wp\/v2\/comments?post=26"}],"version-history":[{"count":25,"href":"https:\/\/klassenlotterie.com\/de\/wp-json\/wp\/v2\/pages\/26\/revisions"}],"predecessor-version":[{"id":3855,"href":"https:\/\/klassenlotterie.com\/de\/wp-json\/wp\/v2\/pages\/26\/revisions\/3855"}],"wp:featuredmedia":[{"embeddable":true,"href":"https:\/\/klassenlotterie.com\/de\/wp-json\/wp\/v2\/media\/105"}],"wp:attachment":[{"href":"https:\/\/klassenlotterie.com\/de\/wp-json\/wp\/v2\/media?parent=26"}],"curies":[{"name":"wp","href":"https:\/\/api.w.org\/{rel}","templated":true}]}}