{"id":265,"date":"2019-09-24T09:06:11","date_gmt":"2019-09-24T09:06:11","guid":{"rendered":"https:\/\/qa.klassenlotterie.com\/?page_id=265"},"modified":"2021-03-17T13:12:51","modified_gmt":"2021-03-17T13:12:51","slug":"kontakt","status":"publish","type":"page","link":"https:\/\/klassenlotterie.com\/de\/kls\/kontakt\/","title":{"rendered":"Kontakt"},"content":{"rendered":"\n<h2 class=\"wp-block-heading\">KlassenLotterie<\/h2>\n\n\n\n<p>Das Spiel KlassenLotterie wird von European Lotto and Betting Ltd.(ELBL) veranstaltet. ELBL ist ein staatlich lizenzierter Buchmacher mit Sitz in Malta, dessen Hauptgesch\u00e4ft die Annahme von Wetten auf den Ausgang von Lotterien ist. ELBL h\u00e4lt u.a. eine Gl\u00fccksspiellizenz ausgestellt von der Malta Gaming Authority (Lizenznummer 609\/2018 und 475\/2018).<\/p>\n\n\n\n<p>Der eingetragene Firmensitz ist:<br>Level 5, St Julians Business Centre<br>Elia Zammit Street, St Julians<br>STJ 3153  Malta<\/p>\n","protected":false},"excerpt":{"rendered":"","protected":false},"author":1,"featured_media":1730,"parent":136,"menu_order":0,"comment_status":"closed","ping_status":"closed","template":"page-contact.php","meta":{"footnotes":""},"class_list":["post-265","page","type-page","status-publish","has-post-thumbnail","hentry"],"_links":{"self":[{"href":"https:\/\/klassenlotterie.com\/de\/wp-json\/wp\/v2\/pages\/265","targetHints":{"allow":["GET"]}}],"collection":[{"href":"https:\/\/klassenlotterie.com\/de\/wp-json\/wp\/v2\/pages"}],"about":[{"href":"https:\/\/klassenlotterie.com\/de\/wp-json\/wp\/v2\/types\/page"}],"author":[{"embeddable":true,"href":"https:\/\/klassenlotterie.com\/de\/wp-json\/wp\/v2\/users\/1"}],"replies":[{"embeddable":true,"href":"https:\/\/klassenlotterie.com\/de\/wp-json\/wp\/v2\/comments?post=265"}],"version-history":[{"count":1,"href":"https:\/\/klassenlotterie.com\/de\/wp-json\/wp\/v2\/pages\/265\/revisions"}],"predecessor-version":[{"id":266,"href":"https:\/\/klassenlotterie.com\/de\/wp-json\/wp\/v2\/pages\/265\/revisions\/266"}],"up":[{"embeddable":true,"href":"https:\/\/klassenlotterie.com\/de\/wp-json\/wp\/v2\/pages\/136"}],"wp:featuredmedia":[{"embeddable":true,"href":"https:\/\/klassenlotterie.com\/de\/wp-json\/wp\/v2\/media\/1730"}],"wp:attachment":[{"href":"https:\/\/klassenlotterie.com\/de\/wp-json\/wp\/v2\/media?parent=265"}],"curies":[{"name":"wp","href":"https:\/\/api.w.org\/{rel}","templated":true}]}}