{"id":2739,"date":"2023-04-28T13:45:39","date_gmt":"2023-04-28T13:45:39","guid":{"rendered":"https:\/\/klassenlotterie.com\/?page_id=2739"},"modified":"2023-04-28T13:49:41","modified_gmt":"2023-04-28T13:49:41","slug":"millionen-montage-mit-90-x-1-million-euro-gefuellt","status":"publish","type":"page","link":"https:\/\/klassenlotterie.com\/de\/kls\/neuigkeiten\/millionen-montage-mit-90-x-1-million-euro-gefuellt\/","title":{"rendered":"Millionen-Montage mit 90 x 1 Million Euro gef\u00fcllt"},"content":{"rendered":"\n<p>Immer wieder montags! Jeder Mensch hat Tr\u00e4ume, wie zum Beispiel einen flotten Flitzer, eine Reise um die Welt, ein malerisches H\u00e4uschen im Gr\u00fcnen oder einfach nur sorgenfrei leben. So verschieden diese Tr\u00e4ume und W\u00fcnsche auch sein m\u00f6gen, eines haben sie gemeinsam: mit einem Los der KLS k\u00f6nnen sie wahr werden, sogar am Montag. Wir verlosen deshalb an 6 Millionen-Montagen <strong>90 x 1 Million Euro<\/strong>. Das Einzige, was Ihrem Gl\u00fcck nun noch im Wege steht, sind Sie!<\/p>\n","protected":false},"excerpt":{"rendered":"<p>Immer wieder montags! Jeder Mensch hat Tr\u00e4ume, wie zum Beispiel<\/p>\n","protected":false},"author":2,"featured_media":1101,"parent":238,"menu_order":0,"comment_status":"closed","ping_status":"closed","template":"page-news.php","meta":{"footnotes":""},"class_list":["post-2739","page","type-page","status-publish","has-post-thumbnail","hentry"],"_links":{"self":[{"href":"https:\/\/klassenlotterie.com\/de\/wp-json\/wp\/v2\/pages\/2739","targetHints":{"allow":["GET"]}}],"collection":[{"href":"https:\/\/klassenlotterie.com\/de\/wp-json\/wp\/v2\/pages"}],"about":[{"href":"https:\/\/klassenlotterie.com\/de\/wp-json\/wp\/v2\/types\/page"}],"author":[{"embeddable":true,"href":"https:\/\/klassenlotterie.com\/de\/wp-json\/wp\/v2\/users\/2"}],"replies":[{"embeddable":true,"href":"https:\/\/klassenlotterie.com\/de\/wp-json\/wp\/v2\/comments?post=2739"}],"version-history":[{"count":2,"href":"https:\/\/klassenlotterie.com\/de\/wp-json\/wp\/v2\/pages\/2739\/revisions"}],"predecessor-version":[{"id":2741,"href":"https:\/\/klassenlotterie.com\/de\/wp-json\/wp\/v2\/pages\/2739\/revisions\/2741"}],"up":[{"embeddable":true,"href":"https:\/\/klassenlotterie.com\/de\/wp-json\/wp\/v2\/pages\/238"}],"wp:featuredmedia":[{"embeddable":true,"href":"https:\/\/klassenlotterie.com\/de\/wp-json\/wp\/v2\/media\/1101"}],"wp:attachment":[{"href":"https:\/\/klassenlotterie.com\/de\/wp-json\/wp\/v2\/media?parent=2739"}],"curies":[{"name":"wp","href":"https:\/\/api.w.org\/{rel}","templated":true}]}}