{"id":29,"date":"2019-09-23T20:23:11","date_gmt":"2019-09-23T20:23:11","guid":{"rendered":"https:\/\/qa.klassenlotterie.com\/?page_id=29"},"modified":"2026-02-13T12:44:50","modified_gmt":"2026-02-13T12:44:50","slug":"spiel","status":"publish","type":"page","link":"https:\/\/klassenlotterie.com\/de\/kln\/spiel\/","title":{"rendered":"KLN-Spiel"},"content":{"rendered":"\n<h2 class=\"wp-block-heading h1 preheading\">Das KLN-System: 6 Klassen, 6 Monate, Milliarden-Gewinne<\/h2>\n\n\n\n<p>Zweimal j\u00e4hrlich (April &amp; Oktober) \u00f6ffnen sich die T\u00fcren f\u00fcr je 6 Monate zum KLN-Spiel. Erleben Sie eine Gewinnkurve, die jeden Monat steiler nach oben zeigt.<\/p>\n\n\n\n<ul class=\"wp-block-list\">\n<li>Dauer: 6 Monate (Klasse 1 bis 6) mit t\u00e4glichen Ziehungen.<\/li>\n\n\n\n<li>Gesamtpool: \u00dcber 2,3 Mrd. \u20ac \u2013 so viel wie nie zuvor!<\/li>\n\n\n\n<li>Millionen-Chancen: 525 Mal die Chance auf 1 Million \u20ac oder mehr.<\/li>\n\n\n\n<li>Teilnahme: Ganz einfach per 1\/1 Los oder anteilig \u00fcber 1\/2, 1\/4, 1\/8 bis zu 1\/16 Losanteil.<\/li>\n\n\n\n<li>Limitierung: Nur 5 Millionen Losnummern im Spiel \u2013 sichern Sie sich Ihre rechtzeitig!<\/li>\n<\/ul>\n\n\n\n<h2 class=\"wp-block-heading\"><strong><strong>Warum sich die 156. KLN lohnt:<\/strong><\/strong><\/h2>\n\n\n\n<ul class=\"wp-block-list\">\n<li>2,3 Mrd. \u20ac Gesamtgewinnsumme \u2013 unser Rekordwert!<\/li>\n\n\n\n<li>20 Mio. \u20ac Jackpot im gro\u00dfen Finale der 6. Klasse.<\/li>\n\n\n\n<li>Jeden Tag die Chance auf mindestens 1 Million \u20ac.<\/li>\n\n\n\n<li>\u00dcber 3,4 Mio. Einzelgewinne sorgen f\u00fcr erstklassige Trefferchancen.<\/li>\n\n\n\n<li>Traumgewinne: Von E-Bikes bis zur 3-Millionen-Euro-Insel.<\/li>\n\n\n\n<li>Millionen-Finale als Special: 50 Gold-Millionen als kr\u00f6nender Abschluss.<\/li>\n<\/ul>\n\n\n\n<h2 class=\"wp-block-heading\"><strong>Ganzes Los oder clevere Kombi? Finden Sie Ihr Gl\u00fcck!<\/strong><\/h2>\n\n\n\n<p>Bei der KLN sind Sie der Chef Ihrer eigenen Gewinn-Statistik. Mit nur 5 Millionen Losen im Spiel sind die Chancen ohnehin exzellent \u2013 doch wie wollen Sie gewinnen?<\/p>\n\n\n\n<p><strong>Alles auf Sieg:<\/strong> Mit der Klassik-Variante (ein ganzes Los) setzen Sie auf den ungeteilten Spitzengewinn. Wenn Ihre Nummer gezogen wird, geh\u00f6rt die Millionen-Summe Ihnen allein. Trefferchance: \u00fcber 53 %.<\/p>\n\n\n\n<p><strong>Smarte Verteilung:<\/strong> Mit der Kombiniert-Variante spielen Sie mehrere Nummern gleichzeitig (z. B. 3 x 1\/16 Anteile). Damit katapultieren Sie Ihre Chance auf einen Treffer auf \u00fcber 91 %. Ideal f\u00fcr alle, die regelm\u00e4\u00dfig Gewinne sehen wollen!<\/p>\n\n\n\n<p><strong>Das Beste aus beiden Welten: <\/strong>Die Strategisch-Variante kombiniert Anteile mit einem ganzen Los. Mit einer Wahrscheinlichkeit von \u00fcber 96 % auf mindestens einen Treffer ist dies der sicherste Weg, um sowohl Kleingewinne als auch den gro\u00dfen Millionen-Jackpot zu jagen.<\/p>\n\n\n\n<h2 class=\"wp-block-heading\"><strong>Highlight 1: Der KLN-Jackpot \u2013 Dynamik pur<\/strong><\/h2>\n\n\n\n<ul class=\"wp-block-list\">\n<li>Start: 10 Millionen \u20ac im 1. Monat.<\/li>\n\n\n\n<li>Wachstum: +2 Millionen \u20ac jeden Monat.<\/li>\n\n\n\n<li>Maximum: Bis zu 20 Millionen \u20ac im Topf im 6. Monat.<\/li>\n\n\n\n<li>Reset-Garantie: Nach jedem Knacken startet der Jackpot im Folgemonat direkt wieder bei 10 Millionen \u20ac.<\/li>\n<\/ul>\n\n\n\n<h2 class=\"wp-block-heading\"><strong>Highlight 2: Ihre Dauer-Chance Warum sich mit einem Gewinn zufriedengeben?<\/strong><\/h2>\n\n\n\n<p>Bei uns bleiben gewonnene Lose bis zur 6. Klasse im Spiel. Sie haben also die serielle Gewinnchance Monat f\u00fcr Monat. Lediglich in der 6. Klasse scheiden gezogene Nummern vor der n\u00e4chsten gro\u00dfen Hauptziehung aus \u2013 es sei denn, Sie sichern sich ein Anschlusslos, um bis zur allerletzten Ziehung im Rennen um die Millionen zu bleiben.<br><\/p>\n\n\n<a href=\"https:\/\/klassenlotterie.com\/de\/kln\/spiel\/\" class=\"contentBanner\" style=\"background-image: url('https:\/\/klassenlotterie.com\/wp-content\/uploads\/shared-1.jpg');\">\n\t\t\t\t<div class=\"contentBanner__media\" style=\"background-image: url('https:\/\/qa.klassenlotterie.com\/wp-content\/uploads\/KLN-logo.svg');\"><\/div>\n\t\t\t\t<div class=\"contentBanner__text\">\n\t\t\t\t\t<div class=\"contentBanner__title\">KLN<\/div>\n\t\t\t\t\t<div class=\"contentBanner__price contentBanner__price--medium\">1 MIO. \u20ac <\/div>\n\t\t\t\t\t<div class=\"contentBanner__description\">Jeden Tag Zu gewinnen<\/div>\n\t\t\t\t<\/div>\n\t\t\t<\/a>\n\n\n<h2 class=\"wp-block-heading h1\"><strong>Der MillionenJoker: 305 Extra-Chancen auf Ihr Traumleben!<\/strong><\/h2>\n\n\n\n<h4 class=\"wp-block-heading\">Verpassen Sie nicht das ultimative Upgrade f\u00fcr Ihr Los. Mit dem MillionenJoker sichern Sie sich zus\u00e4tzliche Gewinnchancen, die Monat f\u00fcr Monat steigen. Insgesamt sch\u00fctten wir 305 Millionen Euro extra aus!<\/h4>\n\n\n\n<p><strong>Monat \/ Klasse&nbsp;&nbsp;&nbsp; Ziehungstermin&nbsp;&nbsp; Gewinnchance<\/strong><\/p>\n\n\n\n<ol class=\"wp-block-list\">\n<li>Klasse\u00a0\u00a0\u00a0\u00a0\u00a0 03. April 2026\u00a0\u00a0\u00a0\u00a0\u00a0\u00a0 \u00a0\u00a0\u00a0\u00a0\u00a0\u00a0\u00a0\u00a0 20 x 1 Million \u20ac<\/li>\n\n\n\n<li>Klasse\u00a0\u00a0\u00a0\u00a0\u00a0 01. Mai 2026\u00a0\u00a0\u00a0\u00a0\u00a0\u00a0\u00a0\u00a0 \u00a0\u00a0\u00a0\u00a0\u00a0\u00a0\u00a0\u00a0 25 x 1 Million \u20ac<\/li>\n\n\n\n<li>Klasse\u00a0\u00a0\u00a0\u00a0\u00a0 05. Juni 2026\u00a0\u00a0\u00a0\u00a0\u00a0\u00a0\u00a0 \u00a0\u00a0\u00a0\u00a0\u00a0\u00a0\u00a0\u00a0 40 x 1 Million \u20ac<\/li>\n\n\n\n<li>Klasse\u00a0\u00a0\u00a0\u00a0\u00a0 03. Juli 2026 \u00a0\u00a0\u00a0\u00a0\u00a0\u00a0\u00a0\u00a0         50 x 1 Million \u20ac<\/li>\n\n\n\n<li>Klasse\u00a0\u00a0\u00a0\u00a0\u00a0 07. August 2026\u00a0\u00a0\u00a0 \u00a0\u00a0\u00a0\u00a0\u00a0\u00a0\u00a0\u00a0 70 x 1 Million \u20ac<\/li>\n\n\n\n<li>Klasse\u00a0\u00a0\u00a0\u00a0\u00a0 01. September 2026\u00a0\u00a0\u00a0\u00a0\u00a0\u00a0100 x 1 Million \u20ac<\/li>\n<\/ol>\n\n\n<a href=\"https:\/\/klassenlotterie.com\/de\/kln\/millionenjoker\/\" class=\"contentBanner\" style=\"background-image: url('https:\/\/klassenlotterie.com\/wp-content\/uploads\/shared-2.jpg');\">\n\t\t\t\t<div class=\"contentBanner__media\" style=\"background-image: url('https:\/\/qa.klassenlotterie.com\/wp-content\/uploads\/MillionenJoker-banner-logo.png');\"><\/div>\n\t\t\t\t<div class=\"contentBanner__text\">\n\t\t\t\t\t<div class=\"contentBanner__title\">MillionenJoker<\/div>\n\t\t\t\t\t<div class=\"contentBanner__price contentBanner__price--medium\">305 Mio. \u20ac<\/div>\n\t\t\t\t\t<div class=\"contentBanner__description\">Spielerg\u00e4nzung<\/div>\n\t\t\t\t<\/div>\n\t\t\t<\/a>\n\n\n<h2 class=\"wp-block-heading h1\"><strong>RentenJoker: Ihre monatliche Extra-Sicherheit<\/strong><\/h2>\n\n\n\n<p>Sichern Sie sich ein St\u00fcck Freiheit mit \u00fcber 40 Sofort-Renten jeden Monat! Der RentenJoker bietet Ihnen f\u00fcr nur 5 \u20ac die perfekte Kombination aus regelm\u00e4\u00dfigen Zahlungen und hohen Einmalgewinnen:<\/p>\n\n\n\n<p class=\"has-text-align-left\"><strong><strong><strong>Monatliche Sofort-Renten (10 Jahre Laufzeit):<\/strong><\/strong><\/strong><\/p>\n\n\n\n<ul class=\"wp-block-list\">\n<li>Monatlich: 3 x 5.000 \u20ac\u00a0monatlich f\u00fcr 10 Jahre<\/li>\n\n\n\n<li>W\u00f6chentlich: 2 x 2.500 \u20ac\u00a0monatlich f\u00fcr 10 Jahr<\/li>\n\n\n\n<li>T\u00e4glich: 1 x 1.000 \u20ac\u00a0monatlich f\u00fcr 10 Jahre<\/li>\n<\/ul>\n\n\n\n<p><strong><em><strong>Zus\u00e4tzliche Cash-Gewinne:<\/strong><\/em><\/strong><\/p>\n\n\n\n<blockquote class=\"wp-block-quote is-layout-flow wp-block-quote-is-layout-flow\">\n<ul class=\"wp-block-list\">\n<li>Monatlich: 1 x 250.000 \u20ac<\/li>\n\n\n\n<li>W\u00f6chentlich: 1 x 50.000 \u20ac<\/li>\n\n\n\n<li>T\u00e4glich: 5.000 x 20 \u20ac<\/li>\n<\/ul>\n<\/blockquote>\n\n\n\n<p><strong><em><strong>Upgrade:<\/strong> <\/em><\/strong>RentenJoker PLUS Sie m\u00f6chten doppelt so lange profitieren? F\u00fcr nur 5 \u20ac extra verdoppeln wir die Laufzeit auf 20 Jahre! Gewinnen Sie zus\u00e4tzlich jeweils einmal eine monatliche Rente von 1.000 \u20ac, 2.500 \u20ac oder 5.000 \u20ac.<\/p>\n\n\n\n<p>Au\u00dferdem gibt es in den gro\u00dfen <strong>OSTERGELD-<\/strong> und <strong>URLAUBSGELD-<\/strong>Sonderziehungen im April und Juni im RentenJoker jeweils<strong>1.000 x 1.000 \u20ac\u00a0zus\u00e4tzlich zu gewinnen!<\/strong><\/p>\n\n\n<a href=\"https:\/\/klassenlotterie.com\/de\/kln\/rentenjoker\/\" class=\"contentBanner\" style=\"background-image: url('https:\/\/klassenlotterie.com\/wp-content\/uploads\/shared-3.jpg');\">\n\t\t\t\t<div class=\"contentBanner__media\" style=\"background-image: url('https:\/\/qa.klassenlotterie.com\/wp-content\/uploads\/RentenJoker-banner-logo.png');\"><\/div>\n\t\t\t\t<div class=\"contentBanner__text\">\n\t\t\t\t\t<div class=\"contentBanner__title\">RentenJoker<\/div>\n\t\t\t\t\t<div class=\"contentBanner__price\">5.000 \u20ac<\/div>\n\t\t\t\t\t<div class=\"contentBanner__description\">RENTE 10 JAHRE<\/div>\n\t\t\t\t<\/div>\n\t\t\t<\/a>","protected":false},"excerpt":{"rendered":"<p>Das KLN-System: 6 Klassen, 6 Monate, Milliarden-Gewinne Zweimal j\u00e4hrlich (April<\/p>\n","protected":false},"author":1,"featured_media":2570,"parent":26,"menu_order":0,"comment_status":"closed","ping_status":"closed","template":"","meta":{"footnotes":""},"class_list":["post-29","page","type-page","status-publish","has-post-thumbnail","hentry"],"_links":{"self":[{"href":"https:\/\/klassenlotterie.com\/de\/wp-json\/wp\/v2\/pages\/29","targetHints":{"allow":["GET"]}}],"collection":[{"href":"https:\/\/klassenlotterie.com\/de\/wp-json\/wp\/v2\/pages"}],"about":[{"href":"https:\/\/klassenlotterie.com\/de\/wp-json\/wp\/v2\/types\/page"}],"author":[{"embeddable":true,"href":"https:\/\/klassenlotterie.com\/de\/wp-json\/wp\/v2\/users\/1"}],"replies":[{"embeddable":true,"href":"https:\/\/klassenlotterie.com\/de\/wp-json\/wp\/v2\/comments?post=29"}],"version-history":[{"count":49,"href":"https:\/\/klassenlotterie.com\/de\/wp-json\/wp\/v2\/pages\/29\/revisions"}],"predecessor-version":[{"id":3859,"href":"https:\/\/klassenlotterie.com\/de\/wp-json\/wp\/v2\/pages\/29\/revisions\/3859"}],"up":[{"embeddable":true,"href":"https:\/\/klassenlotterie.com\/de\/wp-json\/wp\/v2\/pages\/26"}],"wp:featuredmedia":[{"embeddable":true,"href":"https:\/\/klassenlotterie.com\/de\/wp-json\/wp\/v2\/media\/2570"}],"wp:attachment":[{"href":"https:\/\/klassenlotterie.com\/de\/wp-json\/wp\/v2\/media?parent=29"}],"curies":[{"name":"wp","href":"https:\/\/api.w.org\/{rel}","templated":true}]}}