{"id":300,"date":"2019-09-24T09:24:38","date_gmt":"2019-09-24T09:24:38","guid":{"rendered":"https:\/\/qa.klassenlotterie.com\/?page_id=300"},"modified":"2026-02-20T13:52:30","modified_gmt":"2026-02-20T13:52:30","slug":"haeufige-fragen","status":"publish","type":"page","link":"https:\/\/klassenlotterie.com\/de\/rl\/haeufige-fragen\/","title":{"rendered":"H\u00e4ufige Fragen"},"content":{"rendered":"\n<h2 class=\"wp-block-heading\">Wir sind hier, um zu helfen\u2026<\/h2>\n\n\n\n<p>H\u00e4ufig gestelle Fragen ansehen<strong>.<\/strong><\/p>\n\n\n<div class=\"faqItem\" id=\"editor-content_8002\"><input id=\"faq-8002\" class=\"faqItem__input\" type=\"checkbox\"><label for=\"faq-8002\" class=\"faqItem__label\">Was ist &#8222;RentenLotterie&#8220;?<\/label><div class=\"faqItem__value\"><p><br>Das Spiel \u201eRentenLotterie \u201c (im Folgenden \u201eRL-Spiel\u201c) wird von EU Lotto Ltd. veranstaltet. EU Lotto ist ein staatlich lizenzierter Buchmacher mit Sitz in Gibraltar (EU), dessen Hauptgesch\u00e4ft die Annahme von Wetten auf den Ausgang von Lotterien ist. EU Lotto h\u00e4lt u.a. eine Gl\u00fccksspiellizenz ausgestellt von der gibraltarischen Regierung. EU Lotto vermittelt keine Spielscheine staatlicher Lotterien, sondern veranstaltet Wetten auf den Ausgang von Lotterien. Eine Wette auf den Ausgang von folgenden Lotterien wird im Folgenden als \u201eLos\u201c bezeichnet.<\/p><\/div><\/div>\n\n<div class=\"faqItem\" id=\"editor-content_3122\"><input id=\"faq-3122\" class=\"faqItem__input\" type=\"checkbox\"><label for=\"faq-3122\" class=\"faqItem__label\">Was bedeutet eigentlich &#8222;Klassenlotterie&#8220;?<\/label><div class=\"faqItem__value\"><p><br>Die RentenLotterie ist in mehrere, zeitliche Spielabschnitte eingeteilt, die so genannten Klassen. Jeder Spielabschnitt besteht aus 4 Klassen.Die RentenLotterie startet jeweils am 1. eines Monats und l\u00e4uft \u00fcber 4 Wochen, d.h. jeder Monat ist in 4 Klassen aufgeteilt. Jede Woche entspricht dabei einer Klasse (Woche 1 = Klasse 1 usw.).<br><br>Wichtiger Hinweis: Lose sind unter allen Umst\u00e4nden zum Spielstart zu bezahlen, denn nur ein bezahltes Los ist ein gutes Los und nimmt somit gewinnberechtigt teil. Das Los gilt exakt einen Monat lang.<\/p><\/div><\/div>\n\n<div class=\"faqItem\" id=\"editor-content_2735\"><input id=\"faq-2735\" class=\"faqItem__input\" type=\"checkbox\"><label for=\"faq-2735\" class=\"faqItem__label\">Was ist das BASISLOS?<\/label><div class=\"faqItem__value\"><p><br>Mit dem BASISLOS nehmen Sie an der Verlosung von 400 x 5-Jahres-Renten von 100 Euro bis zu 10.000 Euro monatlich teil. <br><br> Der Spieleinsatz f\u00fcr ein BASISLOS betr\u00e4gt nur 10 Euro (dies entspricht 2,50 Euro pro Woche). Au\u00dferdem nehmen Sie automatisch an der Verlosung von 900.000 Bonuslosen f\u00fcr zus\u00e4tzliche Chancen in dem Folgespiel teil.<\/p><\/div><\/div>\n\n<div class=\"faqItem\" id=\"editor-content_9469\"><input id=\"faq-9469\" class=\"faqItem__input\" type=\"checkbox\"><label for=\"faq-9469\" class=\"faqItem__label\">Was ist das SUPERLOS?<\/label><div class=\"faqItem__value\"><p><br>Mit dem SUPERLOS nehmen Sie an der Verlosung von 400 x 10-Jahres-Renten von 100 Euro bis zu 10.000 Euro monatlich teil. <br><br>Der Spieleinsatz f\u00fcr ein SUPERLOS betr\u00e4gt nur 20 Euro (dies entspricht 5 Euro pro Woche). Au\u00dferdem nehmen Sie automatisch an der Verlosung von 900.000 Bonuslosen f\u00fcr zus\u00e4tzliche Chancen in dem Folgespiel teil.<\/p><\/div><\/div>\n\n<div class=\"faqItem\" id=\"editor-content_8427\"><input id=\"faq-8427\" class=\"faqItem__input\" type=\"checkbox\"><label for=\"faq-8427\" class=\"faqItem__label\">Was ist das Bonuslos?<\/label><div class=\"faqItem__value\"><p><br>Jedes RentenLotterie Los bietet au\u00dferdem die Chance auf den Gewinn eines Bonusloses. Es werden dabei insgesamt 900.000 Bonuslose f\u00fcr zus\u00e4tzliche Chancen in dem gesamten Folgespiel verteilt. Die Bonuslose wurden au\u00dferdem aufgewertet: Bonuslose nehmen jetzt nicht nur eine Woche, sondern an dem gesamten Folgespiel teil.<\/p><\/div><\/div>\n\n<div class=\"faqItem\" id=\"editor-content_4966\"><input id=\"faq-4966\" class=\"faqItem__input\" type=\"checkbox\"><label for=\"faq-4966\" class=\"faqItem__label\">Wie sind meine Gewinnchancen bei der RentenLotterie?<\/label><div class=\"faqItem__value\"><p><br>Sie haben bereits mit 3 Losen die Trefferchance von \u00fcber 70 % bei 400 Sofort-Renten und 900.000 Bonuslosen.<\/p><\/div><\/div>\n\n<div class=\"faqItem\" id=\"editor-content_1313\"><input id=\"faq-1313\" class=\"faqItem__input\" type=\"checkbox\"><label for=\"faq-1313\" class=\"faqItem__label\">Wer kann an der RentenLotterie teilnehmen?<\/label><div class=\"faqItem__value\"><p><br>Leider k\u00f6nnen Spieler innerhalb Deutschlands nicht teilnehmen.<\/p><\/div><\/div>\n\n\n<div style=\"height:21px\" aria-hidden=\"true\" class=\"wp-block-spacer\"><\/div>\n\n\n\n<p>Ben\u00f6tigst du Hilfe? Kontaktiere uns.<\/p>\n","protected":false},"excerpt":{"rendered":"<p>Wir sind hier, um zu helfen\u2026 H\u00e4ufig gestelle Fragen ansehen.<\/p>\n","protected":false},"author":1,"featured_media":3898,"parent":138,"menu_order":0,"comment_status":"closed","ping_status":"closed","template":"page-contact.php","meta":{"footnotes":""},"class_list":["post-300","page","type-page","status-publish","has-post-thumbnail","hentry"],"_links":{"self":[{"href":"https:\/\/klassenlotterie.com\/de\/wp-json\/wp\/v2\/pages\/300","targetHints":{"allow":["GET"]}}],"collection":[{"href":"https:\/\/klassenlotterie.com\/de\/wp-json\/wp\/v2\/pages"}],"about":[{"href":"https:\/\/klassenlotterie.com\/de\/wp-json\/wp\/v2\/types\/page"}],"author":[{"embeddable":true,"href":"https:\/\/klassenlotterie.com\/de\/wp-json\/wp\/v2\/users\/1"}],"replies":[{"embeddable":true,"href":"https:\/\/klassenlotterie.com\/de\/wp-json\/wp\/v2\/comments?post=300"}],"version-history":[{"count":2,"href":"https:\/\/klassenlotterie.com\/de\/wp-json\/wp\/v2\/pages\/300\/revisions"}],"predecessor-version":[{"id":3943,"href":"https:\/\/klassenlotterie.com\/de\/wp-json\/wp\/v2\/pages\/300\/revisions\/3943"}],"up":[{"embeddable":true,"href":"https:\/\/klassenlotterie.com\/de\/wp-json\/wp\/v2\/pages\/138"}],"wp:featuredmedia":[{"embeddable":true,"href":"https:\/\/klassenlotterie.com\/de\/wp-json\/wp\/v2\/media\/3898"}],"wp:attachment":[{"href":"https:\/\/klassenlotterie.com\/de\/wp-json\/wp\/v2\/media?parent=300"}],"curies":[{"name":"wp","href":"https:\/\/api.w.org\/{rel}","templated":true}]}}