{"id":302,"date":"2019-09-24T09:25:30","date_gmt":"2019-09-24T09:25:30","guid":{"rendered":"https:\/\/qa.klassenlotterie.com\/?page_id=302"},"modified":"2019-09-24T09:25:57","modified_gmt":"2019-09-24T09:25:57","slug":"datenschutz","status":"publish","type":"page","link":"https:\/\/klassenlotterie.com\/de\/rl\/datenschutz\/","title":{"rendered":"Datenschutz"},"content":{"rendered":"\n<h1 class=\"wp-block-heading\">Hinweise zum datenschutz<\/h1>\n\n\n\n<p>Inkrafttreten\/Stand: 1. Dezember 2021 <\/p>\n\n\n\n<p>European Lotto and Betting Ltd.\/ELBL (&#8222;uns&#8220;, &#8222;wir&#8220; oder &#8222;unser&#8220;) betreiben die Webseite Klassenlotterie.com. <\/p>\n\n\n\n<p>Diese Seite informiert Sie \u00fcber unsere\nRichtlinien zur Erhebung, Nutzung und Offenlegung personenbezogener Daten bei\nder Nutzung unserer Dienste und \u00fcber die Vorteile, wie beispielsweise die\nVerwendung von Cookies etc., die Sie mit der Verwendung dieser Daten haben. <\/p>\n\n\n\n<p>Wir verwenden Ihre Daten zur Bereitstellung\nund Verbesserung unserer Dienste. Mit der Nutzung der Dienste erkl\u00e4ren Sie sich\nmit der Erfassung und Nutzung von Informationen in \u00dcbereinstimmung mit dieser\nRichtlinie einverstanden.<\/p>\n\n\n\n<h2 class=\"wp-block-heading\"><strong>Definitionen<\/strong><\/h2>\n\n\n\n<p><strong>Klassenlotterie.com Dienste (&#8222;Dienste&#8220;)<\/strong><br>Der Inhalt und die Funktionalit\u00e4t der Webseite von Klassenlotterie.com.<\/p>\n\n\n\n<p><strong>Personenbezogene Daten<\/strong><br>Personenbezogene Daten sind Daten \u00fcber eine lebende Person, die anhand dieser Daten (oder anhand dieser und anderer Informationen, die sich entweder in unserem Besitz befinden oder wahrscheinlich in unseren Besitz gelangen werden) identifiziert werden k\u00f6nnen. <\/p>\n\n\n\n<p><strong>Nutzungsdaten<\/strong><br>Nutzungsdaten sind Daten, die automatisch entweder durch die Nutzung der Dienste oder von der Infrastruktur der Dienste selbst erhoben werden (z.B. die Dauer eines Seitenaufrufs). <\/p>\n\n\n\n<p><strong>Cookies<\/strong><br>Cookies sind kleine Dateien, die auf Ihrem Ger\u00e4t (Computer oder mobilem Ger\u00e4t) gespeichert sind bzw. werden. <\/p>\n\n\n\n<p><strong>Datenverantwortlicher<\/strong><br>Datenverantwortlicher ist die nat\u00fcrliche oder juristische Person, die (allein oder gemeinsam oder gemeinsam mit anderen Personen) den Zweck und die Art und Weise, in der personenbezogene Daten verarbeitet wurden oder werden, bestimmt. F\u00fcr die Zwecke dieser Datenschutzerkl\u00e4rung sind wir Datenschutzverantwortlicher Ihrer personenbezogenen Daten. <\/p>\n\n\n\n<p><strong>Datenverarbeiter (oder Dienstleister)<\/strong><br>Datenverarbeiter (oder Dienstleister) ist jede nat\u00fcrliche oder juristische Person, die die Daten im Auftrag des Datenverantwortlichen verarbeitet. Wir k\u00f6nnen die Dienste verschiedener Dienstanbieter nutzen, um Ihre Daten effektiver zu verarbeiten. <\/p>\n\n\n\n<p><strong>Datensubjekt (oder Benutzer)<\/strong><br>Der Betroffene ist jede lebende Person, die unsere Dienste nutzt und Gegenstand personenbezogener Daten ist. <\/p>\n\n\n\n<p><strong>Sammlung und Verwendung von Informationen<\/strong><br>Wir erfassen verschiedene Arten von Informationen f\u00fcr verschiedene Zwecke, um Ihnen unsere Dienste zur Verf\u00fcgung zu stellen und zu verbessern. <\/p>\n\n\n\n<h2 class=\"wp-block-heading\"><strong>Arten der erfassten Daten<\/strong><\/h2>\n\n\n\n<p><strong>Personenbezogene Daten<\/strong><br>Bei der Nutzung unserer Dienste k\u00f6nnen wir Sie bitten, uns bestimmte personenbezogene Daten zur Verf\u00fcgung zu stellen, die zur Kontaktaufnahme oder Identifizierung Ihrer Person verwendet werden k\u00f6nnen (&#8222;personenbezogene Daten&#8220;). Pers\u00f6nlich k\u00f6nnen identifizierbare Informationen Folgendes beinhalten, sind aber nicht darauf beschr\u00e4nkt: <\/p>\n\n\n\n<ul class=\"wp-block-list\"><li>E-Mail-Adresse<\/li><li>Vorname und Nachname<\/li><li>Cookies und Nutzungsdaten<\/li><\/ul>\n\n\n\n<p>Wir k\u00f6nnen Ihre personenbezogenen Daten\nverwenden, um Sie mit Newslettern, Marketing- oder Werbematerialien und anderen\nInformationen, die f\u00fcr Sie von Interesse sein k\u00f6nnten, zu kontaktieren. Sie\nk\u00f6nnen den Erhalt dieser Mitteilungen von uns ganz oder teilweise ablehnen,\nindem Sie dem Abmeldelink oder den Anweisungen in jeder von uns gesendeten\nE-Mail folgen. <\/p>\n\n\n\n<p><strong>Nutzungsdaten<\/strong><br>Wir k\u00f6nnen auch Informationen dar\u00fcber sammeln, wie auf die Dienste zugegriffen und diese genutzt werden (&#8222;Nutzungsdaten&#8220;). Diese Nutzungsdaten k\u00f6nnen Informationen wie die Internet-Protokoll-Adresse (z.B. IP-Adresse) Ihres Computers, den Browsertyp, die Browserversion, die Seiten unserer Dienste, die Sie besuchen, die Uhrzeit und das Datum Ihres Besuchs, die auf diesen Seiten verbrachte Zeit, eindeutige Ger\u00e4tekennungen und andere Diagnosedaten beinhalten. <\/p>\n\n\n\n<p><strong>Tracking Cookies Daten<\/strong><br>Wir verwenden Cookies und \u00e4hnliche Verfolgungstechnologien, um die Aktivit\u00e4ten auf unseren Diensten zu verfolgen und speichern bestimmte Informationen. <\/p>\n\n\n\n<p>Cookies sind Dateien mit einer geringen\nDatenmenge, die eine anonyme, eindeutige Kennung enthalten k\u00f6nnen. Cookies\nwerden von einer Webseite an Ihren Browser gesendet und auf Ihrem Ger\u00e4t\ngespeichert. Andere Tracking-Technologien wie Beacons (Statusnachrichten auf\nunserer Webseite), Tags und Skripte werden ebenfalls verwendet, um\nInformationen zu sammeln und zu verfolgen sowie unsere Dienste zu verbessern\nund zu analysieren. <\/p>\n\n\n\n<p>Sie k\u00f6nnen Ihren Browser so einstellen, dass\ner alle Cookies ablehnt oder anzeigt, sobald ein Cookie gesendet wird. Wenn Sie\njedoch keine Cookies akzeptieren, k\u00f6nnen Sie m\u00f6glicherweise einige Vorteile und\ntechnischen Verbesserungen unserer Dienste nicht nutzen. <\/p>\n\n\n\n<p>Beispiele f\u00fcr von uns verwendete Cookies: <\/p>\n\n\n\n<ul class=\"wp-block-list\"><li><strong>Session-Cookies<\/strong>. Wir verwenden\nSession-Cookies, um unsere Dienste zu betreiben.<\/li><li><strong>Pr\u00e4ferenz-Cookies<\/strong>. Wir verwenden\nPr\u00e4ferenz-Cookies, um Ihre Pr\u00e4ferenzen und verschiedene Einstellungen zu\nspeichern.<\/li><li><strong>Sicherheits-Cookies<\/strong>. Wir verwenden Security\nCookies zu Sicherheitszwecken.<\/li><\/ul>\n\n\n\n<h2 class=\"wp-block-heading\"><strong>Verwendung der Daten<\/strong><\/h2>\n\n\n\n<p>Die ELBL verwendet die erhobenen Daten f\u00fcr verschiedene Zwecke: <\/p>\n\n\n\n<ul class=\"wp-block-list\"><li>Zur Bereitstellung und\nAufrechterhaltung unserer Dienstleistungen<\/li><li>Um Sie \u00fcber \u00c4nderungen an unseren\nDiensten zu informieren.<\/li><li>Damit Sie an den interaktiven\nFunktionen unserer Dienste teilnehmen k\u00f6nnen, wenn Sie sich daf\u00fcr entscheiden.<\/li><li>Bereitstellung von Kundensupport.<\/li><li>Um Analysen oder wertvolle\nInformationen zu sammeln, damit wir unsere Dienstleistungen verbessern k\u00f6nnen.<\/li><li>Zur \u00dcberwachung der Nutzung\nunserer Dienste.<\/li><li>Um technische Probleme zu\nerkennen, zu verhindern und zu beheben.<\/li><li>Um Sie \u00fcber Neuigkeiten,\nSonderangebote und allgemeine Informationen \u00fcber andere Waren, Dienstleistungen\nund Veranstaltungen, die wir anbieten, zu informieren, die denen \u00e4hnlich sind,\ndie Sie bereits gekauft oder \u00fcber die Sie sich erkundigt haben, es sei denn,\nSie haben sich entschieden, diese Informationen nicht zu erhalten.<\/li><\/ul>\n\n\n\n<p><strong>Rechtsgrundlage\nf\u00fcr die Verarbeitung personenbezogener Daten nach der Allgemeinen\nDatenschutzverordnung (GDPR)<\/strong><br>\nStammen Sie aus dem Europ\u00e4ischen Wirtschaftsraum (EWR), h\u00e4ngt die\nRechtsgrundlage f\u00fcr die Erhebung und Verwendung der in dieser\nDatenschutzerkl\u00e4rung beschriebenen personenbezogenen Daten von den von uns\nerfassten personenbezogenen Daten und dem spezifischen Kontext, in dem wir sie erfassen,\nab. <\/p>\n\n\n\n<p>ELBL kann Ihre personenbezogenen Daten verarbeiten, weil: <\/p>\n\n\n\n<ul class=\"wp-block-list\"><li>Wir einen Vertrag mit Ihnen\nabschlie\u00dfen.<\/li><li>Sie uns die Erlaubnis dazu erteilt\nhaben.<\/li><li>Die Verarbeitung in unserem\nberechtigten Interesse liegt und nicht durch Ihre Rechte au\u00dfer Kraft gesetzt\nwerden.<\/li><li>Zur Einhaltung des Gesetzes.<\/li><\/ul>\n\n\n\n<p><strong>Aufbewahrung der Daten<\/strong><br>ELBL speichert Ihre personenbezogenen Daten nur so lange, wie es f\u00fcr die in dieser Datenschutzerkl\u00e4rung genannten Zwecke erforderlich ist. Wir speichern und verwenden Ihre personenbezogenen Daten, soweit dies zur Erf\u00fcllung unserer gesetzlichen Verpflichtungen erforderlich ist (z. B. wenn wir Ihre Daten zur Einhaltung der geltenden Gesetze aufbewahren m\u00fcssen), l\u00f6sen Streitigkeiten und setzen unsere rechtlichen Vereinbarungen und Richtlinien durch. <\/p>\n\n\n\n<p>ELBL speichert die Nutzungsdaten auch f\u00fcr interne Analysezwecke. Nutzungsdaten werden in der Regel f\u00fcr einen k\u00fcrzeren Zeitraum aufbewahrt, es sei denn, diese Daten werden zur Erh\u00f6hung der Sicherheit oder zur Verbesserung der Funktionalit\u00e4t unserer Dienste verwendet, oder wir sind gesetzlich verpflichtet, diese Daten f\u00fcr einen l\u00e4ngeren Zeitraum aufzubewahren. <br><\/p>\n\n\n\n<p><strong>\u00dcbertragung von Daten<\/strong><br>Ihre Daten, einschlie\u00dflich personenbezogener Daten, k\u00f6nnen an Computer au\u00dferhalb Ihres Staates, Ihrer Provinz, Ihres Landes oder einer anderen Regierungsgerichtsbarkeit \u00fcbertragen und dort aufbewahrt werden, wo die Datenschutzgesetze von denen Ihrer Gerichtsbarkeit abweichen k\u00f6nnen. <\/p>\n\n\n\n<p>Wenn Sie sich au\u00dferhalb von Gibraltar befinden\nund uns Informationen zur Verf\u00fcgung stellen, beachten Sie bitte, dass wir die\nDaten, einschlie\u00dflich personenbezogener Daten, nach Gibraltar \u00fcbermitteln und\ndort verarbeiten. <\/p>\n\n\n\n<p>Ihre Zustimmung zu dieser Datenschutzerkl\u00e4rung\nund die anschlie\u00dfende \u00dcbermittlung dieser Informationen stellen Ihre Zustimmung\nzu dieser \u00dcbertragung dar. <\/p>\n\n\n\n<p>ELBL wird alle notwendigen Schritte einleiten, um sicherzustellen, dass Ihre Daten sicher und in \u00dcbereinstimmung mit dieser Datenschutzrichtlinie behandelt werden. Es findet keine \u00dcbermittlung Ihrer personenbezogenen Daten an eine Organisation oder ein Land statt, es sei denn, es gibt angemessene Kontrollen, einschlie\u00dflich der Sicherheit Ihrer Daten und anderer pers\u00f6nlicher Daten. <\/p>\n\n\n\n<h2 class=\"wp-block-heading\"><strong>Offenlegung von Daten<\/strong><\/h2>\n\n\n\n<p><strong>Gesch\u00e4ftstransaktion<\/strong><br>Wenn die ELBL an einer Fusion, \u00dcbernahme oder einem Verkauf von Verm\u00f6genswerten beteiligt ist, k\u00f6nnen Ihre personenbezogenen Daten \u00fcbertragen werden. Wir werden Sie dar\u00fcber informieren, bevor Ihre personenbezogenen Daten \u00fcbertragen werden und somit einer anderen Datenschutzerkl\u00e4rung unterliegen. <\/p>\n\n\n\n<p><strong>Offenlegung f\u00fcr die Strafverfolgung<\/strong><br>Unter bestimmten Umst\u00e4nden wird die ELBL verpflichtet, Ihre personenbezogenen Daten offenzulegen, wenn dies gesetzlich vorgeschrieben ist oder wenn dies auf berechtigte Anfragen von Beh\u00f6rden (z.B. einem Gericht oder einer Regierungsstelle) erfolgt. <\/p>\n\n\n\n<p><strong>Gesetzliche Anforderungen<\/strong><br>ELBL kann Ihre personenbezogenen Daten in gutem Glauben offenlegen, sofern eine solche Ma\u00dfnahme erforderlich ist: <\/p>\n\n\n\n<ul class=\"wp-block-list\"><li>Zur Erf\u00fcllung einer gesetzlichen Verpflichtung.<\/li><li>Zum Schutz und zur Verteidigung der Rechte oder des Eigentums von ELBL.<\/li><li>Um m\u00f6gliche Fehlverhalten im Zusammenhang mit unseren Diensten zu verhindern oder zu untersuchen.<\/li><li>Zum Schutz der pers\u00f6nlichen Sicherheit der Nutzer unserer Dienste oder der \u00d6ffentlichkeit.<\/li><li>Zum Schutz vor gesetzlicher Haftung.<\/li><\/ul>\n\n\n\n<p><strong>Sicherheit der Daten<\/strong><br>Die Sicherheit Ihrer Daten liegt uns sehr am Herzen, bedenken Sie aber bitte, dass keine Methode der \u00dcbertragung \u00fcber das Internet oder die Methode der elektronischen Speicherung tats\u00e4chlich 100% sicher ist. Obwohl wir bestrebt sind, wirtschaftlich akzeptable Mittel zum Schutz Ihrer personenbezogenen Daten einzusetzen, k\u00f6nnen wir deren absolute Sicherheit nicht garantieren. <\/p>\n\n\n\n<p><strong>Ihre\nDatenschutzrechte nach der Allgemeinen Datenschutz-Grundverordnung (DSGVO)<\/strong><\/p>\n\n\n\n<p>Sofern Ihr Wohnsitz im Europ\u00e4ischen Wirtschaftsraum (EWR) liegt, haben Sie bestimmte Datenschutzrechte. ELBL ist bestrebt, angemessene Ma\u00dfnahmen zu ergreifen, damit Sie die Verwendung Ihrer personenbezogenen Daten korrigieren, \u00e4ndern, l\u00f6schen oder einschr\u00e4nken k\u00f6nnen. <\/p>\n\n\n\n<p>Wenn Sie dar\u00fcber informiert werden m\u00f6chten,\nwelche personenbezogenen Daten wir \u00fcber Sie gespeichert haben und wenn Sie\nm\u00f6chten, dass diese aus unseren Systemen entfernt werden, kontaktieren Sie uns\nbitte.<\/p>\n\n\n\n<p>Unter bestimmten Umst\u00e4nden haben Sie die\nfolgenden Datenschutzrechte: <\/p>\n\n\n\n<ul class=\"wp-block-list\"><li><strong>Recht auf Zugang, Aktualisierung oder L\u00f6schung der \u00fcber Sie\ngespeicherten Daten.<\/strong> Sie k\u00f6nnen jederzeit direkt \u00fcber\nIhre Kontoeinstellungen auf Ihre personenbezogenen Daten zugreifen, sie\naktualisieren oder deren L\u00f6schung beantragen. Wenn Sie diese Aktionen nicht\nselbst durchf\u00fchren k\u00f6nnen, kontaktieren Sie uns bitte, um Ihnen zu helfen. <\/li><li><strong>Recht auf Nachbesserung.<\/strong> Sie haben das Recht\nauf das Korrigieren Ihrer Daten, sofern diese falsch oder unvollst\u00e4ndig sind. <\/li><li><strong>Widerspruchsrecht.<\/strong> Sie haben das Recht, der\nVerarbeitung Ihrer personenbezogenen Daten zu widersprechen. <\/li><li><strong>Recht auf Einschr\u00e4nkung.<\/strong> Sie haben das Recht, die\nVerarbeitung Ihrer personenbezogenen Daten einzuschr\u00e4nken. <\/li><li><strong>Recht auf Daten\u00fcbertragbarkeit.<\/strong> Sie haben das\nRecht, eine Kopie der Informationen, die wir \u00fcber Sie haben, in einem\nstrukturierten, maschinenlesbaren und gebr\u00e4uchlichen Format zu erhalten. <\/li><li><strong>Recht auf Widerruf der Einwilligung.<\/strong> Sie haben\ndas Recht, Ihre Einwilligung zur Verarbeitung Ihrer personenbezogenen Daten jederzeit\nzu widerrufen. <\/li><li><strong>Recht auf Beschwerde bei einer Datenschutzbeh\u00f6rde \u00fcber die Erhebung und\nVerwendung Ihrer personenbezogenen Daten.<\/strong> F\u00fcr weitere Informationen\nwenden Sie sich bitte an Ihre lokale Datenschutzbeh\u00f6rde im Europ\u00e4ischen\nWirtschaftsraum (EWR). <\/li><li>Bitte beachten Sie, dass wir Sie\nm\u00f6glicherweise bitten, Ihre Identit\u00e4t zu \u00fcberpr\u00fcfen, bevor wir auf Anfragen\njedweder Art R\u00fccksicht nehmen. <\/li><\/ul>\n\n\n\n<p><strong>Dienstleister<\/strong><br>Wir k\u00f6nnen Drittunternehmen und Einzelpersonen beauftragen, unsere Dienste zu erleichtern (&#8222;Dienstanbieter&#8220;), die Dienste in unserem Namen bereitzustellen, dienstbezogene Dienste zu erbringen oder uns bei der Analyse der Nutzung unserer Dienste zu unterst\u00fctzen. <\/p>\n\n\n\n<p>Diese Dritten haben nur zur Erf\u00fcllung dieser\nAufgaben in unserem Namen Zugang zu Ihren personenbezogenen Daten und sind\nverpflichtet, diese nicht weiterzugeben oder f\u00fcr andere Zwecke zu verwenden. <\/p>\n\n\n\n<p><strong>Analytik<\/strong><br>Wir k\u00f6nnen Drittanbieter einsetzen, um die Nutzung unserer Dienste zu \u00fcberwachen und zu analysieren. <\/p>\n\n\n\n<p><strong>Google Analytics<\/strong><br>Google Analytics ist ein von Google angebotener Webanalysedienst, der den Traffic einer Webseite verfolgt und meldet. Google verwendet die gesammelten Daten, um die Nutzung unserer Dienste zu verfolgen und zu \u00fcberwachen. Diese Daten werden an andere Google Services weitergegeben. Google kann die gesammelten Daten verwenden, um die Anzeigen des eigenen Werbenetzwerks via Kontextualisierung zu personalisieren. <\/p>\n\n\n\n<p>Sie k\u00f6nnen sich abmelden, Ihre Aktivit\u00e4t auf\nden Diensten f\u00fcr Google Analytics zur Verf\u00fcgung gestellt zu haben, indem Sie\ndas Browser-Add-on Google Analytics zur Abmeldung installieren. Das Add-on\nverhindert, dass das Google Analytics JavaScript (ga.js, analytics.js und\ndc.js) Informationen \u00fcber die Besuchsaktivit\u00e4t mit Google Analytics teilt. <\/p>\n\n\n\n<p>Weitere Informationen \u00fcber die\nDatenschutzpraktiken von Google finden Sie auf der Webseite der\nGoogle-Datenschutzbestimmungen: <a href=\"https:\/\/policies.google.com\/privacy?hl=en=de\">https:\/\/policies.google.com\/privacy?hl=en=de<\/a><\/p>\n\n\n\n<p><strong>Links zu anderen Seiten<\/strong><br>Unsere Dienste k\u00f6nnen Links zu anderen Webseiten enthalten, die nicht von uns betrieben werden. Sofern Sie auf einen Link eines Drittanbieters klicken, werden Sie auf die Webseite dieses Drittanbieters weitergeleitet. Wir empfehlen Ihnen dringend, die Datenschutzerkl\u00e4rung jeder Webseite, die Sie besuchen, zu lesen. <\/p>\n\n\n\n<p>Wir haben keine Kontrolle \u00fcber den Inhalt, die\nDatenschutzrichtlinien oder die Praktiken von Webseiten oder Diensten Dritter\nund \u00fcbernehmen hierf\u00fcr keinerlei Verantwortung. <\/p>\n\n\n\n<p><strong>Datenschutz f\u00fcr Kinder<\/strong><br>Unsere Dienste richten sich nicht an Personen unter 18 Jahren (&#8222;Kinder&#8220;). <\/p>\n\n\n\n<p>Falls wir nicht wissentlich personenbezogene\nDaten von Personen unter 18 Jahren gesammelt haben und Sie ein Elternteil oder\nVormund sind und wissen, dass Ihr Kind uns personenbezogene Daten zur Verf\u00fcgung\ngestellt hat, kontaktieren Sie uns bitte. Sollten wir feststellen, dass wir\npersonenbezogene Daten von Kindern ohne \u00dcberpr\u00fcfung der elterlichen Zustimmung\nerhoben haben, unternehmen wir umgehend alle n\u00f6tigen Schritte, um diese\nInformationen von unseren Servern zu entfernen, um somit die Rechte Ihres\nKindes zu sch\u00fctzen. <\/p>\n\n\n\n<p><strong>\u00c4nderungen an dieser Datenschutzerkl\u00e4rung<\/strong><br>Wir k\u00f6nnen unsere Datenschutzerkl\u00e4rung von Zeit zu Zeit aktualisieren. Wir werden Sie \u00fcber alle \u00c4nderungen informieren, indem wir die aktualisierte Datenschutzerkl\u00e4rung auf dieser Seite ver\u00f6ffentlichen. <\/p>\n\n\n\n<p>Wir werden Sie vor Inkrafttreten der \u00c4nderung\nper E-Mail und\/oder einer deutlichen Mitteilung \u00fcber unsere Dienste informieren\nund das &#8222;Datum des Inkrafttretens&#8220; oben in dieser\nDatenschutzerkl\u00e4rung aktualisieren. <\/p>\n\n\n\n<p>Es wird empfohlen, diese Datenschutzerkl\u00e4rung\nregelm\u00e4\u00dfig auf \u00c4nderungen zu \u00fcberpr\u00fcfen. \u00c4nderungen an dieser Datenschutzerkl\u00e4rung\ntreten in Kraft, wenn sie auf dieser Seite ver\u00f6ffentlicht werden.<\/p>\n","protected":false},"excerpt":{"rendered":"<p>Hinweise zum datenschutz<\/p>\n","protected":false},"author":1,"featured_media":285,"parent":138,"menu_order":0,"comment_status":"closed","ping_status":"closed","template":"","meta":{"footnotes":""},"class_list":["post-302","page","type-page","status-publish","has-post-thumbnail","hentry"],"_links":{"self":[{"href":"https:\/\/klassenlotterie.com\/de\/wp-json\/wp\/v2\/pages\/302","targetHints":{"allow":["GET"]}}],"collection":[{"href":"https:\/\/klassenlotterie.com\/de\/wp-json\/wp\/v2\/pages"}],"about":[{"href":"https:\/\/klassenlotterie.com\/de\/wp-json\/wp\/v2\/types\/page"}],"author":[{"embeddable":true,"href":"https:\/\/klassenlotterie.com\/de\/wp-json\/wp\/v2\/users\/1"}],"replies":[{"embeddable":true,"href":"https:\/\/klassenlotterie.com\/de\/wp-json\/wp\/v2\/comments?post=302"}],"version-history":[{"count":1,"href":"https:\/\/klassenlotterie.com\/de\/wp-json\/wp\/v2\/pages\/302\/revisions"}],"predecessor-version":[{"id":303,"href":"https:\/\/klassenlotterie.com\/de\/wp-json\/wp\/v2\/pages\/302\/revisions\/303"}],"up":[{"embeddable":true,"href":"https:\/\/klassenlotterie.com\/de\/wp-json\/wp\/v2\/pages\/138"}],"wp:featuredmedia":[{"embeddable":true,"href":"https:\/\/klassenlotterie.com\/de\/wp-json\/wp\/v2\/media\/285"}],"wp:attachment":[{"href":"https:\/\/klassenlotterie.com\/de\/wp-json\/wp\/v2\/media?parent=302"}],"curies":[{"name":"wp","href":"https:\/\/api.w.org\/{rel}","templated":true}]}}