{"id":308,"date":"2019-09-24T09:28:15","date_gmt":"2019-09-24T09:28:15","guid":{"rendered":"https:\/\/qa.klassenlotterie.com\/?page_id=308"},"modified":"2026-02-23T11:27:07","modified_gmt":"2026-02-23T11:27:07","slug":"spielsystem","status":"publish","type":"page","link":"https:\/\/klassenlotterie.com\/de\/rl\/spielsystem\/","title":{"rendered":"Spielsystem"},"content":{"rendered":"\n<h2 class=\"wp-block-heading\"><strong><strong>Gewinnen mit System: Ihr Weg zur pers\u00f6nlichen Freiheit<\/strong><\/strong><\/h2>\n\n\n\n<p>Die RentenLotterie ist Ihr Ticket f\u00fcr die Auszeit Ihres Lebens. Vom 1. bis zum 28. jeden Monats warten insgesamt <strong>400 Rentengewinne<\/strong> auf Sie. Verschieben Sie Ihre Tr\u00e4ume nicht auf sp\u00e4ter \u2013 mit Sofort-Renten von bis zu 10.000 \u20ac monatlich k\u00f6nnen Sie schon heute neu planen.<\/p>\n\n\n\n<p>Ihr pers\u00f6nlicher Gl\u00fcckskalender: Keine andere Lotterie bietet Ihnen Monat f\u00fcr Monat so viele Renten-Chancen. Unser Gewinnplan ist Ihr Wegweiser in ein finanziell entspanntes Leben.<\/p>\n\n\n\n<p>W\u00e4hlen Sie Ihre Strategie: Basislos oder Superlos Sie entscheiden selbst \u00fcber die Dauer Ihres Gewinns. Die Losart legt fest, wie lange Ihre Rente gezahlt wird:<\/p>\n\n\n\n<ul class=\"wp-block-list\">\n<li><strong>Basislos<\/strong> (10 \u20ac\/Monat): Sichern Sie sich die Chance auf eine 5-Jahres-Rente.<\/li>\n\n\n\n<li><strong>Superlos<\/strong> (20 \u20ac\/Monat): Gehen Sie aufs Ganze! Hier spielen Sie um die volle Laufzeit von 10 Jahren.<\/li>\n<\/ul>\n\n\n\n<p><strong>Zusatzchance:<\/strong> 900.000 Bonuslose &#8211; Jede Woche 2 wird es besonders spannend: Wir verlosen 900.000 Bonuslose unter den 3.000.000 Losnummern. Gewinnen Sie mit Ihrem Los ein zus\u00e4tzliches Gratis-Los (Basis gewinnt Basis, Super gewinnt Super) und nehmen Sie im gesamten Folgemonat mit doppelten Chancen teil!<\/p>\n\n\n\n<h2 class=\"wp-block-heading\"><strong><strong>Ihre Gewinnchancen: Au\u00dfergew\u00f6hnlich gut!<\/strong><\/strong><\/h2>\n\n\n\n<p>Dank der hohen Anzahl an Gewinnen bietet Ihnen die RentenLotterie \u00fcberragende Erfolgsaussichten. Im Vergleich zu vielen anderen Gewinnspielen profitieren Sie hier von einer \u00fcberdurchschnittlichen Gewinnwahrscheinlichkeit:<\/p>\n\n\n\n<ul class=\"wp-block-list\">\n<li>Chance auf ein Bonuslos: 1 : 3,3<\/li>\n\n\n\n<li>Chance auf eine Rente: 1 : 7.500<\/li>\n\n\n\n<li>Aussch\u00fcttungsquote: Stolze 58,2 %<\/li>\n<\/ul>\n\n\n\n<p>Mit einem maximalen monatlichen Gesamtwert von 34,92 Millionen Euro** (bezogen auf Superlose) ist der Weg zu Ihrer pers\u00f6nlichen Zusatzrente so nah wie nie zuvor.<\/p>\n\n\n\n<p>Maximieren Sie Ihren Erfolg! Sie m\u00f6chten Ihre Chancen noch weiter steigern? Durch das Spiel mit mehreren Losen und unterschiedlichen Endziffern erh\u00f6hen Sie Ihre Trefferquote massiv:<\/p>\n\n\n\n<ul class=\"wp-block-list\">\n<li>1 Los: 30,0 % Trefferchance und 1 : 7.500 Rentenchance<\/li>\n\n\n\n<li>3 Lose: 70,8 % Trefferchance und 1 : 2.500 Rentenchance<\/li>\n\n\n\n<li>5 Lose: Sensationelle 91,7 % Trefferchance und 1 : 1.500 Rentenchance<\/li>\n<\/ul>\n\n\n\n<h2 class=\"wp-block-heading\"><strong><strong>Ihre monatliche Extra-Rente: Jeden Monat 400 Chancen<\/strong><\/strong><\/h2>\n\n\n\n<p>Stellen Sie sich vor, Ihr Telefon klingelt und Sie erhalten die Nachricht: \u201eSie haben gewonnen! Ab sofort erhalten Sie 10 Jahre lang jeden Monat 10.000 \u20ac.\u201c Mit einem Superlos der RentenLotterie (20 \u20ac) kann dieser Traum Realit\u00e4t werden.<\/p>\n\n\n\n<p><strong>Das Beste:<\/strong> Alle Renten werden ohne Abz\u00fcge direkt an Sie ausgezahlt. Monat f\u00fcr Monat verlosen wir insgesamt 400 Renten im Gesamtwert von bis zu 34,92 Millionen Euro**:<\/p>\n\n\n\n<figure class=\"wp-block-table\"><table class=\"has-fixed-layout\"><tbody><tr><td class=\"has-text-align-center\" data-align=\"center\" rowspan=\"2\"><strong>Gewinnr\u00e4nge<\/strong><\/td><td class=\"has-text-align-center\" data-align=\"center\" colspan=\"2\"><strong>Superlose<\/strong><\/td><td class=\"has-text-align-center\" data-align=\"center\" colspan=\"2\"><strong>Basislose<\/strong><\/td><\/tr><tr><td class=\"has-text-align-center\" data-align=\"center\"><em>Einzelwert<\/em><\/td><td class=\"has-text-align-center\" data-align=\"center\"><em>Gesamtwert<\/em><\/td><td class=\"has-text-align-center\" data-align=\"center\"><em>Einzelwert<\/em><\/td><td class=\"has-text-align-center\" data-align=\"center\"><em>Gesamtwert<\/em><\/td><\/tr><tr><td class=\"has-text-align-center\" data-align=\"center\">1 x 10.000 \u20ac<\/td><td class=\"has-text-align-center\" data-align=\"center\">1.200.000 \u20ac<\/td><td class=\"has-text-align-center\" data-align=\"center\">1.200.000 \u20ac<\/td><td class=\"has-text-align-center\" data-align=\"center\">600.000 \u20ac<\/td><td class=\"has-text-align-center\" data-align=\"center\">600.000 \u20ac<\/td><\/tr><tr><td class=\"has-text-align-center\" data-align=\"center\">1 x 5.000 \u20ac<\/td><td class=\"has-text-align-center\" data-align=\"center\">600.000 \u20ac<\/td><td class=\"has-text-align-center\" data-align=\"center\">600.000 \u20ac<\/td><td class=\"has-text-align-center\" data-align=\"center\">300.000 \u20ac<\/td><td class=\"has-text-align-center\" data-align=\"center\">300.000 \u20ac<\/td><\/tr><tr><td class=\"has-text-align-center\" data-align=\"center\">6 x 3.000 \u20ac<\/td><td class=\"has-text-align-center\" data-align=\"center\">360.000 \u20ac<\/td><td class=\"has-text-align-center\" data-align=\"center\">2.160.000 \u20ac<\/td><td class=\"has-text-align-center\" data-align=\"center\">180.000 \u20ac<\/td><td class=\"has-text-align-center\" data-align=\"center\">1.080.000 \u20ac<\/td><\/tr><tr><td class=\"has-text-align-center\" data-align=\"center\">5 x 2.000 \u20ac<\/td><td class=\"has-text-align-center\" data-align=\"center\">240.000 \u20ac<\/td><td class=\"has-text-align-center\" data-align=\"center\">1.200.000 \u20ac<\/td><td class=\"has-text-align-center\" data-align=\"center\">120.000 \u20ac<\/td><td class=\"has-text-align-center\" data-align=\"center\">600.000 \u20ac<\/td><\/tr><tr><td class=\"has-text-align-center\" data-align=\"center\">9 x 1.000 \u20ac<\/td><td class=\"has-text-align-center\" data-align=\"center\">120.000 \u20ac<\/td><td class=\"has-text-align-center\" data-align=\"center\">1.080.000 \u20ac<\/td><td class=\"has-text-align-center\" data-align=\"center\">60.000 \u20ac<\/td><td class=\"has-text-align-center\" data-align=\"center\">540.000 \u20ac<\/td><\/tr><tr><td class=\"has-text-align-center\" data-align=\"center\">78 x 500 \u20ac<\/td><td class=\"has-text-align-center\" data-align=\"center\">60.000 \u20ac<\/td><td class=\"has-text-align-center\" data-align=\"center\">4.680.000 \u20ac<\/td><td class=\"has-text-align-center\" data-align=\"center\">30.000 \u20ac<\/td><td class=\"has-text-align-center\" data-align=\"center\">2.340.000 \u20ac<\/td><\/tr><tr><td class=\"has-text-align-center\" data-align=\"center\">100 x 300 \u20ac<\/td><td class=\"has-text-align-center\" data-align=\"center\">36.000 \u20ac<\/td><td class=\"has-text-align-center\" data-align=\"center\">3.600.000 \u20ac<\/td><td class=\"has-text-align-center\" data-align=\"center\">18.000 \u20ac<\/td><td class=\"has-text-align-center\" data-align=\"center\">1.800.000 \u20ac<\/td><\/tr><tr><td class=\"has-text-align-center\" data-align=\"center\">200 x 100 \u20ac<\/td><td class=\"has-text-align-center\" data-align=\"center\">12.000 \u20ac<\/td><td class=\"has-text-align-center\" data-align=\"center\">2.400.000 \u20ac<\/td><td class=\"has-text-align-center\" data-align=\"center\">6.000 \u20ac<\/td><td class=\"has-text-align-center\" data-align=\"center\">1.200.000 \u20ac<\/td><\/tr><tr><td class=\"has-text-align-center\" data-align=\"center\">900.000 x Bonuslose<\/td><td class=\"has-text-align-center\" data-align=\"center\">20 \u20ac<\/td><td class=\"has-text-align-center\" data-align=\"center\">18.000.000 \u20ac<\/td><td class=\"has-text-align-center\" data-align=\"center\">10 \u20ac<\/td><td class=\"has-text-align-center\" data-align=\"center\">9.000.000 \u20ac<\/td><\/tr><tr><td class=\"has-text-align-center\" data-align=\"center\"><\/td><td class=\"has-text-align-center\" data-align=\"center\">&nbsp;<\/td><td class=\"has-text-align-center\" data-align=\"center\">34.920.000 \u20ac<\/td><td class=\"has-text-align-center\" data-align=\"center\"><\/td><td class=\"has-text-align-center\" data-align=\"center\">17.460.000 \u20ac<\/td><\/tr><\/tbody><\/table><\/figure>\n\n\n\n<h2 class=\"wp-block-heading\"><strong>Bonuslose: So sichern Sie sich Gratis-Lose<\/strong><\/h2>\n\n\n\n<p>Zus\u00e4tzlich zu den Renten verlosen wir jeden Monat insgesamt 900.000 Bonuslose. Die Ziehung findet immer am 8. des Monats statt.<\/p>\n\n\n\n<p><strong>Das Prinzip ist simpel:<\/strong> Es werden drei einstellige Endziffern gezogen. Stimmt eine dieser Ziffern mit der Endziffer Ihrer Losnummer \u00fcberein, erhalten Sie f\u00fcr den Folgemonat ein Gratis-Los. Mit diesem nehmen Sie zus\u00e4tzlich zu Ihren bestehenden Losen an allen Ziehungen teil und erh\u00f6hen so Ihre Rentenchancen \u2013 ganz ohne Mehraufwand.<\/p>\n\n\n\n<p>Neugierig, wann die n\u00e4chsten Ziehungen anstehen? Klicken Sie hier um den monatlichen \u201e<a href=\"https:\/\/klassenlotterie.com\/de\/rl\/gewinnplan\/\">Gewinnkalender<\/a>\u201c zu sehen.<\/p>\n\n\n\n<h2 class=\"wp-block-heading\"><strong>GEWINNKALENDER<\/strong><\/h2>\n\n\n\n<p>Monat f\u00fcr Monat gibt es 400 Rentengewinne und 900.000 Bonus-Lose zu gewinnen. Und das kann ihr pers\u00f6nlicher Gewinnkalender sein: vom 1. Bis zum 28.Tag eines Monats werden t\u00e4glich Gewinnziehungen durchgef\u00fchrt. Und: Von Woche zu Woche werden die Ziehungen immer wertvoller! Als H\u00f6chstgewinn wird in der 4. Woche eine Rente in H\u00f6he von monaltich 10.000,- Euro verlost.<\/p>\n\n\n\n\t\t\t\t<div class=\"contentSliderCustom  contentSliderCustom--renten\">\n\t\t\t\t\t\n\t\t\t\t\n\t\t\t\t<div class=\"contentSliderCustom__side\">\n\t\t\t\t\t<table class=\"table table--winplan\">\n\t\t\t\t\t<thead>\n\t\t\t\t\t\t<tr>\n\t\t\t\t\t\t\t<th><\/th>\n\t\t\t\t\t\t<\/tr>\n\t\t\t\t\t\t<tr>\n\t\t\t\t\t\t\t<th><\/th>\n\t\t\t\t\t\t<\/tr>\n\t\t\t\t\t<\/thead>\n\t\t\t\t\t<tbody>\n\t\t\t\t\t\t<tr>\n\t\t\t\t\t\t\t<td>Tag 1<\/td>\n\t\t\t\t\t\t<\/tr>\n\t\t\t\t\t\t<tr>\n\t\t\t\t\t\t\t<td>Tag 2<\/td>\n\t\t\t\t\t\t<\/tr>\n\t\t\t\t\t\t<tr>\n\t\t\t\t\t\t\t<td>Tag 3<\/td>\n\t\t\t\t\t\t<\/tr>\n\t\t\t\t\t\t<tr>\n\t\t\t\t\t\t\t<td>Tag 4<\/td>\n\t\t\t\t\t\t<\/tr>\n\t\t\t\t\t\t<tr>\n\t\t\t\t\t\t\t<td>Tag 5<\/td>\n\t\t\t\t\t\t<\/tr>\n\t\t\t\t\t\t<tr>\n\t\t\t\t\t\t\t<td>Tag 6<\/td>\n\t\t\t\t\t\t<\/tr>\n\t\t\t\t\t\t<tr>\n\t\t\t\t\t\t\t<td>Tag 7<\/td>\n\t\t\t\t\t\t<\/tr>\n\t\t\t\t\t<\/tbody>\n\t\t\t\t\t<\/table>\n\t\t\t\t<\/div>\n\t\t\t\t<section class=\"contentSlider contentSlider--winplan swiper-container \">\n\t\t\t\t\t<div class=\"contentSlider__list swiper-wrapper\">\n\t\t\t\t\t\t<div class=\"contentSlider__item swiper-slide\"><table class=\"table table--winplan\"><thead><tr><th colspan=\"2\">Woche 1<\/th><\/tr><tr><th colspan=\"2\">1-.7. des Monats<\/th><\/tr><\/thead>\n<tbody><tr><th>Tag<\/th><th>Gewinnstufe<\/th><\/tr><\/tbody>\n<tbody>\n<tr><td colspan=\"2\"><strong>1 \u00d7 1.000 \u20ac monatl.<br>10 \u00d7 500 \u20ac monatl.<\/strong><\/td><\/tr>\n<tr><td colspan=\"2\">1 \u00d7 500 \u20ac monatl.<br>5 \u00d7 300 \u20ac monatl.<\/td><\/tr>\n<tr><td colspan=\"2\">1 \u00d7 500 \u20ac monatl.<br>5 \u00d7 300 \u20ac monatl.<\/td><\/tr>\n<tr><td colspan=\"2\">1 \u00d7 500 \u20ac monatl.<br>5 \u00d7 100 \u20ac monatl.<\/td><\/tr>\n<tr><td colspan=\"2\">1 \u00d7 500 \u20ac monatl.<br>5 \u00d7 100 \u20ac monatl.<\/td><\/tr>\n<tr><td colspan=\"2\">1 \u00d7 500 \u20ac monatl.<br>5 \u00d7 100 \u20ac monatl.<\/td><\/tr>\n<tr><td colspan=\"2\">1 \u00d7 500 \u20ac monatl.<br>5 \u00d7 100 \u20ac monatl.<\/td><\/tr>\n<\/tbody>\n<tbody class=\"highlight highlight-3\">\n<tr><td colspan=\"2\"><strong>49 Rentengewinne<br><\/strong>Gesamtwert bis zu<br>1.800.000 \u20ac**<\/td><\/tr>\n<\/table><\/div>\n<div class=\"contentSlider__item swiper-slide\"><table class=\"table table--winplan\"><thead><tr><th colspan=\"2\">Woche 2<\/th><\/tr><tr><th colspan=\"2\">8-.14. des Monats<\/th><\/tr><\/thead>\n<tbody><tr><th>Tag<\/th><th>Gewinnstufe<\/th><\/tr><\/tbody>\n<tbody>\n<tr><td colspan=\"2\"><strong>1 \u00d7 3.000 \u20ac monatl.<br>15 \u00d7 500 \u20ac monatl.<br>900.000 Bonuslose*<\/strong><\/td><\/tr>\n<tr><td colspan=\"2\">1 \u00d7 1.000 \u20ac monatl.<br>10 \u00d7 300 \u20ac monatl.<\/td><\/tr>\n<tr><td colspan=\"2\">1 \u00d7 1.000 \u20ac monatl.<br>10 \u00d7 300 \u20ac monatl.<\/td><\/tr>\n<tr><td colspan=\"2\">1 \u00d7 1.000 \u20ac monatl.<br>10 \u00d7 100 \u20ac monatl.<\/td><\/tr>\n<tr><td colspan=\"2\">1 \u00d7 1.000 \u20ac monatl.<br>10 \u00d7 100 \u20ac monatl.<\/td><\/tr>\n<tr><td colspan=\"2\">1 \u00d7 1.000 \u20ac monatl.<br>10 \u00d7 100 \u20ac monatl.<\/td><\/tr>\n<tr><td colspan=\"2\">1 \u00d7 1.000 \u20ac monatl.<br>10 \u00d7 100 \u20ac monatl.<\/td><\/tr>\n<\/tbody>\n<tbody class=\"highlight highlight-3\">\n<tr><td colspan=\"2\"><strong>82 Rentengewinne<br><\/strong>Gesamtwert bis zu<br>3.180.000 \u20ac**<\/td><\/tr>\n<\/table><\/div>\n<div class=\"contentSlider__item swiper-slide\"><table class=\"table table--winplan\"><thead><tr><th colspan=\"2\">Woche 3<\/th><\/tr><tr><th colspan=\"2\">15-.21. des Monats<\/th><\/tr><\/thead>\n<tbody><tr><th>Tag<\/th><th>Gewinnstufe<\/th><\/tr><\/tbody>\n<tbody>\n<tr><td colspan=\"2\"><strong>1 \u00d7 5.000 \u20ac monatl.<br>20 \u00d7 500 \u20ac monatl.<\/strong><\/td><\/tr>\n<tr><td colspan=\"2\">1 \u00d7 2.000 \u20ac monatl.<br>15 \u00d7 300 \u20ac monatl.<\/td><\/tr>\n<tr><td colspan=\"2\">1 \u00d7 2.000 \u20ac monatl.<br>15 \u00d7 300 \u20ac monatl.<\/td><\/tr>\n<tr><td colspan=\"2\">1 \u00d7 2.000 \u20ac monatl.<br>15 \u00d7 100 \u20ac monatl.<\/td><\/tr>\n<tr><td colspan=\"2\">1 \u00d7 2.000 \u20ac monatl.<br>15 \u00d7 100 \u20ac monatl.<\/td><\/tr>\n<tr><td colspan=\"2\">1 \u00d7 2.000 \u20ac monatl.<br>15 \u00d7 100 \u20ac monatl.<\/td><\/tr>\n<tr><td colspan=\"2\">1 \u00d7 1.000 \u20ac monatl.<br>15 \u00d7 100 \u20ac monatl.<\/td><\/tr>\n<\/tbody>\n<tbody class=\"highlight highlight-3\">\n<tr><td colspan=\"2\"><strong>117 Rentengewinne<br><\/strong>Gesamtwert bis zu<br>4.920.000 \u20ac**<\/td><\/tr>\n<\/table><\/div>\n<div class=\"contentSlider__item swiper-slide\"><table class=\"table table--winplan\"><thead><tr><th colspan=\"2\">Woche 4<\/th><\/tr><tr><th colspan=\"2\">22.-28. des Monats<\/th><\/tr><\/thead>\n<tbody><tr><th>Tag<\/th><th>Gewinnstufe<\/th><\/tr><\/tbody>\n<tbody>\n<tr><td colspan=\"2\"><strong>1 \u00d7 10.000 \u20ac monatl.<br>25 \u00d7 500 \u20ac monatl.<\/strong><\/td><\/tr>\n<tr><td colspan=\"2\">1 \u00d7 3.000 \u20ac monatl.<br>20 \u00d7 300 \u20ac monatl.<\/td><\/tr>\n<tr><td colspan=\"2\">1 \u00d7 3.000 \u20ac monatl.<br>20 \u00d7 300 \u20ac monatl.<\/td><\/tr>\n<tr><td colspan=\"2\">1 \u00d7 3.000 \u20ac monatl.<br>20 \u00d7 100 \u20ac monatl.<\/td><\/tr>\n<tr><td colspan=\"2\">1 \u00d7 3.000 \u20ac monatl.<br>20 \u00d7 100 \u20ac monatl.<\/td><\/tr>\n<tr><td colspan=\"2\">1 \u00d7 3.000 \u20ac monatl.<br>20 \u00d7 100 \u20ac monatl.<\/td><\/tr>\n<tr><td colspan=\"2\">1 \u00d7 3.000 \u20ac monatl.<br>20 \u00d7 100 \u20ac monatl.<\/td><\/tr>\n<\/tbody>\n<tbody class=\"highlight highlight-3\">\n<tr><td colspan=\"2\"><strong>152 Rentengewinne<br><\/strong>Gesamtwert bis zu<br>7.020.000 \u20ac**<\/td><\/tr>\n<\/table><\/div>\n\t\t\t\t\t<\/div>\n\t\t\t\t\t<div class=\"contentSlider__pagination swiper-pagination\"><\/div>\n\t\t\t\t<\/section>\n\t\t\t\t<\/div>\n\n\n<p><em>* Der Gewinn eines Bonusloses berechtigt zur kostenlosen Teilnahme an dem Folgespiel mit einer zus\u00e4tzlichen Losnummer als Basisoder Superlos (entsprechend der Losart, mit der das Bonuslos gewonnen wurde).  <\/em><br><em>** Gesamtwert auf Basis von Superlosen<\/em><\/p>\n","protected":false},"excerpt":{"rendered":"<p>Gewinnen mit System: Ihr Weg zur pers\u00f6nlichen Freiheit Die RentenLotterie<\/p>\n","protected":false},"author":1,"featured_media":3892,"parent":138,"menu_order":0,"comment_status":"closed","ping_status":"closed","template":"","meta":{"footnotes":""},"class_list":["post-308","page","type-page","status-publish","has-post-thumbnail","hentry"],"_links":{"self":[{"href":"https:\/\/klassenlotterie.com\/de\/wp-json\/wp\/v2\/pages\/308","targetHints":{"allow":["GET"]}}],"collection":[{"href":"https:\/\/klassenlotterie.com\/de\/wp-json\/wp\/v2\/pages"}],"about":[{"href":"https:\/\/klassenlotterie.com\/de\/wp-json\/wp\/v2\/types\/page"}],"author":[{"embeddable":true,"href":"https:\/\/klassenlotterie.com\/de\/wp-json\/wp\/v2\/users\/1"}],"replies":[{"embeddable":true,"href":"https:\/\/klassenlotterie.com\/de\/wp-json\/wp\/v2\/comments?post=308"}],"version-history":[{"count":10,"href":"https:\/\/klassenlotterie.com\/de\/wp-json\/wp\/v2\/pages\/308\/revisions"}],"predecessor-version":[{"id":3950,"href":"https:\/\/klassenlotterie.com\/de\/wp-json\/wp\/v2\/pages\/308\/revisions\/3950"}],"up":[{"embeddable":true,"href":"https:\/\/klassenlotterie.com\/de\/wp-json\/wp\/v2\/pages\/138"}],"wp:featuredmedia":[{"embeddable":true,"href":"https:\/\/klassenlotterie.com\/de\/wp-json\/wp\/v2\/media\/3892"}],"wp:attachment":[{"href":"https:\/\/klassenlotterie.com\/de\/wp-json\/wp\/v2\/media?parent=308"}],"curies":[{"name":"wp","href":"https:\/\/api.w.org\/{rel}","templated":true}]}}