{"id":3297,"date":"2024-11-26T11:19:32","date_gmt":"2024-11-26T11:19:32","guid":{"rendered":"https:\/\/klassenlotterie.com\/?page_id=3297"},"modified":"2024-11-26T12:05:40","modified_gmt":"2024-11-26T12:05:40","slug":"traumjoker-neuer-spielplan-neue-moeglichkeiten","status":"publish","type":"page","link":"https:\/\/klassenlotterie.com\/de\/kls\/neuigkeiten\/traumjoker-neuer-spielplan-neue-moeglichkeiten\/","title":{"rendered":"TRAUMJOKER: Neuer Spielplan, neue M\u00f6glichkeiten!"},"content":{"rendered":"\n<p>4 w\u00f6chentliche&nbsp;Dienstags-Ziehungen&nbsp;mit insgesamt 3.344.449 Gewinnm\u00f6glichkeiten pro Monat. Weihnachts-Million: H\u00f6chstgewinn von 500.000 \u20ac wird auf 1 Million \u20ac verdoppelt&nbsp;und 1.000 x 1.000 \u20ac&nbsp;Weihnachtsgeld&nbsp;&#8211; nur im Dezember!<br><strong><br>Jeden Monat&nbsp;<\/strong>tolle Geld- und Sachgewinne:&nbsp;<\/p>\n\n\n\n<ul class=\"wp-block-list\">\n<li>1 x 500.000 \u20ac*&nbsp;<\/li>\n\n\n\n<li>4 x 100.000 \u20ac&nbsp;<\/li>\n\n\n\n<li>4 x 10.000 \u20ac&nbsp;<\/li>\n\n\n\n<li>40 x 1.000 \u20ac&nbsp;<\/li>\n\n\n\n<li>400 x 100 \u20ac<\/li>\n\n\n\n<li>4.000 x 50 \u20ac<\/li>\n\n\n\n<li>40.000 x 10 \u20ac<\/li>\n\n\n\n<li>400.000 x 5 \u20ac&nbsp;<\/li>\n\n\n\n<li>2,9 Mio. x 2,50 \u20ac&nbsp;<\/li>\n<\/ul>\n\n\n\n<p><strong>Sonderziehungen im Dezember<br><\/strong>\u2022 WEIHNACHTS-MILLION AM <em>05. DEZEMBER: 1 x 1.000.000 \u20ac<\/em><br>\u2022 WEIHNACHTSGELD-ZIEHUNG AM <em>17. DEZEMBER: 1.000 x 1.000 \u20ac<\/em><\/p>\n\n\n\n<p><em>*Chance auf den monatlichen H\u00f6chstgewinn 1:5 Millionen.&nbsp;<\/em><\/p>\n","protected":false},"excerpt":{"rendered":"<p>4 w\u00f6chentliche&nbsp;Dienstags-Ziehungen&nbsp;mit insgesamt 3.344.449 Gewinnm\u00f6glichkeiten pro Monat. Weihnachts-Million: H\u00f6chstgewinn von<\/p>\n","protected":false},"author":2,"featured_media":3298,"parent":238,"menu_order":0,"comment_status":"closed","ping_status":"closed","template":"page-news.php","meta":{"footnotes":""},"class_list":["post-3297","page","type-page","status-publish","has-post-thumbnail","hentry"],"_links":{"self":[{"href":"https:\/\/klassenlotterie.com\/de\/wp-json\/wp\/v2\/pages\/3297","targetHints":{"allow":["GET"]}}],"collection":[{"href":"https:\/\/klassenlotterie.com\/de\/wp-json\/wp\/v2\/pages"}],"about":[{"href":"https:\/\/klassenlotterie.com\/de\/wp-json\/wp\/v2\/types\/page"}],"author":[{"embeddable":true,"href":"https:\/\/klassenlotterie.com\/de\/wp-json\/wp\/v2\/users\/2"}],"replies":[{"embeddable":true,"href":"https:\/\/klassenlotterie.com\/de\/wp-json\/wp\/v2\/comments?post=3297"}],"version-history":[{"count":1,"href":"https:\/\/klassenlotterie.com\/de\/wp-json\/wp\/v2\/pages\/3297\/revisions"}],"predecessor-version":[{"id":3300,"href":"https:\/\/klassenlotterie.com\/de\/wp-json\/wp\/v2\/pages\/3297\/revisions\/3300"}],"up":[{"embeddable":true,"href":"https:\/\/klassenlotterie.com\/de\/wp-json\/wp\/v2\/pages\/238"}],"wp:featuredmedia":[{"embeddable":true,"href":"https:\/\/klassenlotterie.com\/de\/wp-json\/wp\/v2\/media\/3298"}],"wp:attachment":[{"href":"https:\/\/klassenlotterie.com\/de\/wp-json\/wp\/v2\/media?parent=3297"}],"curies":[{"name":"wp","href":"https:\/\/api.w.org\/{rel}","templated":true}]}}