{"id":3304,"date":"2024-11-26T12:57:50","date_gmt":"2024-11-26T12:57:50","guid":{"rendered":"https:\/\/klassenlotterie.com\/?page_id=3304"},"modified":"2024-11-26T12:57:51","modified_gmt":"2024-11-26T12:57:51","slug":"eurojoker-weitere-gewinne-zum-25-jaehrigen-jubilaeum","status":"publish","type":"page","link":"https:\/\/klassenlotterie.com\/de\/kls\/neuigkeiten\/eurojoker-weitere-gewinne-zum-25-jaehrigen-jubilaeum\/","title":{"rendered":"EuroJoker: weitere Gewinne zum 25-j\u00e4hrigen Jubil\u00e4um!"},"content":{"rendered":"\n<p>DIE ZUS\u00c4TZLICHEN ZIEHUNGEN IN 2025 SIND DA! Der KLS EUROJOKER ist die einzige Lotterie mit st\u00fcndlichen Geldgewinnen und einer t\u00e4glichen SofortRente. F\u00fcr nur 10\u20ac Loseinsatz haben Sie jeden Monat \u00fcber 300.000 Chancen auf einen Gewinn. Dabei k\u00f6nnen Sie sogar mehrfach gewinnen, denn Ihr Los bleibt auch im Gewinnfall weiter im Spiel.<\/p>\n\n\n\n<p>Die garantierte Gesamtgewinnsumme pro Monat betr\u00e4gt mindestens 23.000.000\u20ac. Lotteriestart ist jeweils am 1. eines Monats.<\/p>\n\n\n\n<p><strong><em>T\u00c4GLICH SOFORT-RENTEN <br><\/em><\/strong>\u2022 Jeden Tag 1 x 1.000\u20ac* pro Monat<br>\u2022 Jede Woche 1 x 2.000\u20ac* pro Monat<br>\u2022 Jeden Monat 1 x 10.000\u20ac* pro Monat<br>\u00a0 \u00a0 und\u00a0<strong>NEU zum Jubil\u00e4um: 1 x 1 Million \u20ac<br><\/strong><br><strong><em>JEDE MENGE GELDGEWINNE<br><\/em><\/strong>\u2022 Jede Stunde 1 x 10.000\u20ac<br>\u2022 Jeden Tag 1 x 50.000\u20ac<br>\u2022 Jede Woche 75.000 x 20\u20ac<\/p>\n\n\n\n<p><em><strong>PLUS:<\/strong><br><\/em>+ Jubil\u00e4umsziehung: 25 x 10.000\u20ac pro Monat, 1 Jahr lang (01.12.2024)<br>+ Heiligen Drei K\u00f6nige-Ziehung: 1.000 x 1.000 \u20ac Extrageld! (06.01.2025)<br>+ Valentinstagsziehung: 500 x 5.000 \u20ac (14.02.2025)<br>+ Osterziehung: Jede Stunde 1x 100.000 \u20ac (20.04.2025)<\/p>\n","protected":false},"excerpt":{"rendered":"<p>DIE ZUS\u00c4TZLICHEN ZIEHUNGEN IN 2025 SIND DA! Der KLS EUROJOKER<\/p>\n","protected":false},"author":2,"featured_media":3269,"parent":238,"menu_order":0,"comment_status":"closed","ping_status":"closed","template":"page-news.php","meta":{"footnotes":""},"class_list":["post-3304","page","type-page","status-publish","has-post-thumbnail","hentry"],"_links":{"self":[{"href":"https:\/\/klassenlotterie.com\/de\/wp-json\/wp\/v2\/pages\/3304","targetHints":{"allow":["GET"]}}],"collection":[{"href":"https:\/\/klassenlotterie.com\/de\/wp-json\/wp\/v2\/pages"}],"about":[{"href":"https:\/\/klassenlotterie.com\/de\/wp-json\/wp\/v2\/types\/page"}],"author":[{"embeddable":true,"href":"https:\/\/klassenlotterie.com\/de\/wp-json\/wp\/v2\/users\/2"}],"replies":[{"embeddable":true,"href":"https:\/\/klassenlotterie.com\/de\/wp-json\/wp\/v2\/comments?post=3304"}],"version-history":[{"count":2,"href":"https:\/\/klassenlotterie.com\/de\/wp-json\/wp\/v2\/pages\/3304\/revisions"}],"predecessor-version":[{"id":3306,"href":"https:\/\/klassenlotterie.com\/de\/wp-json\/wp\/v2\/pages\/3304\/revisions\/3306"}],"up":[{"embeddable":true,"href":"https:\/\/klassenlotterie.com\/de\/wp-json\/wp\/v2\/pages\/238"}],"wp:featuredmedia":[{"embeddable":true,"href":"https:\/\/klassenlotterie.com\/de\/wp-json\/wp\/v2\/media\/3269"}],"wp:attachment":[{"href":"https:\/\/klassenlotterie.com\/de\/wp-json\/wp\/v2\/media?parent=3304"}],"curies":[{"name":"wp","href":"https:\/\/api.w.org\/{rel}","templated":true}]}}