{"id":3523,"date":"2025-05-22T15:15:23","date_gmt":"2025-05-22T15:15:23","guid":{"rendered":"https:\/\/klassenlotterie.com\/?page_id=3523"},"modified":"2025-05-28T11:12:51","modified_gmt":"2025-05-28T11:12:51","slug":"eurojoker-die-zusaetzlichen-ziehungen-in-2025","status":"publish","type":"page","link":"https:\/\/klassenlotterie.com\/de\/kls\/neuigkeiten\/eurojoker-die-zusaetzlichen-ziehungen-in-2025\/","title":{"rendered":"EUROJOKER &#8211; DIE ZUS\u00c4TZLICHEN ZIEHUNGEN IN 2025"},"content":{"rendered":"\n<p>Der KLS EUROJOKER ist die einzige Lotterie mit st\u00fcndlichen Geldgewinnen und einer t\u00e4glichen SofortRente. F\u00fcr nur 10\u20ac Loseinsatz haben Sie jeden Monat \u00fcber 300.000 Chancen auf einen Gewinn. Dabei k\u00f6nnen Sie sogar mehrfach gewinnen, denn Ihr Los bleibt auch im Gewinnfall weiter im Spiel.<\/p>\n\n\n\n<p>Die garantierte Gesamtgewinnsumme pro Monat betr\u00e4gt mindestens 23.000.000\u20ac. Lotteriestart ist jeweils am 1. eines Monats.<\/p>\n\n\n\n<p><strong><em>T\u00c4GLICH SOFORT-RENTEN <br><\/em><\/strong>\u2022 Jeden Tag 1 x 1.000\u20ac* pro Monat<br>\u2022 Jede Woche 1 x 2.000\u20ac* pro Monat<br>\u2022 Jeden Monat 1 x 10.000\u20ac* pro Monat<strong><br><\/strong><br><strong><em>JEDE MENGE GELDGEWINNE<br><\/em><\/strong>\u2022 Jede Stunde 1 x 10.000\u20ac<br>\u2022 Jeden Tag 1 x 50.000\u20ac<br>\u2022 Jede Woche 75.000 x 20\u20ac<br>\u2022 Jeden Monat 1 x 500.000 \u20ac<\/p>\n\n\n\n<p><strong><em>PLUS<\/em><\/strong><\/p>\n\n\n\n<ul class=\"wp-block-list\">\n<li><strong>Bonus-Rentenziehung:<\/strong> 1 x 10.000 \u20ac pro Monat, 10 Jahre lang (8.6.2025)<\/li>\n\n\n\n<li><strong>Sommerziehung<\/strong>: 500 x 5.000 \u20ac (3.8.2025)<\/li>\n\n\n\n<li><strong>Black-Friday-Ziehung<\/strong>: 5.000 x 1.000 \u20ac (2.11.2025)<\/li>\n<\/ul>\n\n\n\n<p><\/p>\n","protected":false},"excerpt":{"rendered":"<p>Der KLS EUROJOKER ist die einzige Lotterie mit st\u00fcndlichen Geldgewinnen<\/p>\n","protected":false},"author":2,"featured_media":3498,"parent":238,"menu_order":0,"comment_status":"closed","ping_status":"closed","template":"page-news.php","meta":{"footnotes":""},"class_list":["post-3523","page","type-page","status-publish","has-post-thumbnail","hentry"],"_links":{"self":[{"href":"https:\/\/klassenlotterie.com\/de\/wp-json\/wp\/v2\/pages\/3523","targetHints":{"allow":["GET"]}}],"collection":[{"href":"https:\/\/klassenlotterie.com\/de\/wp-json\/wp\/v2\/pages"}],"about":[{"href":"https:\/\/klassenlotterie.com\/de\/wp-json\/wp\/v2\/types\/page"}],"author":[{"embeddable":true,"href":"https:\/\/klassenlotterie.com\/de\/wp-json\/wp\/v2\/users\/2"}],"replies":[{"embeddable":true,"href":"https:\/\/klassenlotterie.com\/de\/wp-json\/wp\/v2\/comments?post=3523"}],"version-history":[{"count":2,"href":"https:\/\/klassenlotterie.com\/de\/wp-json\/wp\/v2\/pages\/3523\/revisions"}],"predecessor-version":[{"id":3544,"href":"https:\/\/klassenlotterie.com\/de\/wp-json\/wp\/v2\/pages\/3523\/revisions\/3544"}],"up":[{"embeddable":true,"href":"https:\/\/klassenlotterie.com\/de\/wp-json\/wp\/v2\/pages\/238"}],"wp:featuredmedia":[{"embeddable":true,"href":"https:\/\/klassenlotterie.com\/de\/wp-json\/wp\/v2\/media\/3498"}],"wp:attachment":[{"href":"https:\/\/klassenlotterie.com\/de\/wp-json\/wp\/v2\/media?parent=3523"}],"curies":[{"name":"wp","href":"https:\/\/api.w.org\/{rel}","templated":true}]}}