{"id":3697,"date":"2025-10-16T15:22:01","date_gmt":"2025-10-16T15:22:01","guid":{"rendered":"https:\/\/klassenlotterie.com\/?page_id=3697"},"modified":"2025-10-16T15:22:03","modified_gmt":"2025-10-16T15:22:03","slug":"agb-158-kls","status":"publish","type":"page","link":"https:\/\/klassenlotterie.com\/de\/kls\/agb\/agb-158-kls\/","title":{"rendered":"AGB 158. KLS"},"content":{"rendered":"\n<h2 class=\"wp-block-heading\">SPIELBEDINGUNGEN<\/h2>\n\n\n\n<p>Das Spiel 158. KlassenLotterieS\u00fcd (im Folgenden \u201eKLS-Spiel\u201c) sowie die Spielerg\u00e4nzungen werden von der European Lotto and Betting Ltd (im Folgenden ELBL) veranstaltet. ELBL ist ein staatlich lizenzierter Buchmacher mit Sitz in Malta, dessen Hauptgesch\u00e4ft die Annahme von Wetten auf den Ausgang von Lotterien ist. ELBL h\u00e4lt u.a. eine Gl\u00fccksspiellizenz ausgestellt von der Malta Gaming Authority (Lizenznummer 609\/2018 und 475\/2018). ELBL h\u00e4lt u.a. eine Gl\u00fccksspiellizenz, ausgestellt von der Regierung von Gibraltar (Lizenz Nr. RGL 066) und der britischen Gl\u00fccksspielkommission (Lizenz Nr. 038991-R-319408-016). ELBL vermittelt keine Spielscheine staatlicher Lotterien, sondern veranstaltet Wetten auf den Ausgang von Lotterien. Eine Wette auf den Ausgang von folgenden Lotterien wird im Folgenden als \u201eLos\u201c bezeichnet:<\/p>\n\n\n\n<p>\u2022 158. SKL-Lotterie, veranstaltet von der Gemeinsamen Klassenlotterie der L\u00e4nder mit Sitz in Hamburg und M\u00fcnchen (Deutschland), im folgenden \u201eSKL-Basislotterie\u201c<\/p>\n\n\n\n<p>\u2022 Jokerspiel EURO-JOKER, veranstaltet von der Gemeinsamen Klassenlotterie der L\u00e4nder mit Sitz in Hamburg und M\u00fcnchen (Deutschland), im folgenden \u201eEuro-Joker-Basislotterie\u201c<\/p>\n\n\n\n<p>\u2022 Jokerspiel TRAUM-JOKER, veranstaltet von der Gemeinsamen Klassenlotterie der L\u00e4nder mit Sitz in Hamburg und M\u00fcnchen (Deutschland), im folgenden \u201eTraum-Joker-Basislotterie\u201c<\/p>\n\n\n\n<h2 class=\"wp-block-heading\"><strong>Teil A: Spiel 158. KlassenLotterieS\u00fcd<\/strong><\/h2>\n\n\n\n<p><strong>\u00a7 1 Spielteilnahme, allgemeine Erl\u00e4uterungen<\/strong><\/p>\n\n\n\n<p>(1) Die Teilnahme am KLS-Spiel richtet sich ausschlie\u00dflich nach dem Spielplan und diesen Spielbestimmungen.<\/p>\n\n\n\n<p>(2) Das KLS-Spiel beginnt am 01.12.2025und l\u00e4uft \u00fcber sechs Monate bis zum 31.05.2026. Jeder Monat ist eine Klasse. Die Anzahl der Gewinne und die H\u00f6he der Gewinnsumme steigen von Klasse zu Klasse an. Zur Teilnahme wird ein g\u00fcltiges Loszertifikat ben\u00f6tigt.<\/p>\n\n\n\n<p>(3) Die Losauflage umfasst 5 Millionen Losnummern von 0.000.001 bis 5.000.000. Auf diese Losnummern entfallen im Spielzeitraum 3.278.828 Einzelgewinne mit einer Gewinnsumme von &nbsp;1.908.400 \u20ac. Die planm\u00e4\u00dfige Gewinnaussch\u00fcttungsquote betr\u00e4gt bei einer Teilnahme \u00fcber alle 6 Klassen 45,61%.<\/p>\n\n\n\n<p>(4) Die Lose k\u00f6nnen auf ganze Lose oder auf Losanteile im Wert von je 10% erworben werden. Die Losanteile sind pro Losnummer fortlaufend von 1 bis 10 durchnummeriert (Anteilsbezeichnungen). Die im Spielplan ausgewiesenen Gewinnbetr\u00e4ge beziehen sich stets auf ein ganzes Los. Losanteile gewinnen anteilig.<\/p>\n\n\n\n<p>(5) Der Verkauf der Lose erfolgt durch Dienstleister im Namen und auf Rechnung von ELBL in Form von Loszertifikaten. Dabei k\u00f6nnen mehrere gespielte Losnummern mit den jeweiligen Anteilen auf ein Loszertifikat zusammengefasst sein.<br><br>(6) Mit der Versendung eines Loszertifikats unterbreitet der Dienstleister ein bindendes Verkaufsangebot. Die rechtzeitige Zahlung gilt als Annahme dieses Angebotes. Der Spielvertrag wird zwischen ELBL und dem Spielteilnehmer geschlossen. Er kommt zustande, wenn das Los rechtzeitig und vollst\u00e4ndig bezahlt (siehe auch \u00a7 3 Abs. 2 und Abs. 4), in der Datenbank von ELBL als gewinnberechtigt gespeichert ist und die Vollj\u00e4hrigkeit des Spielinteressenten nachgewiesen wird (\u00a72). Ein Vertragsangebot steht unter der aufschiebenden Bedingung dieses Nachweises.<\/p>\n\n\n\n<p>(7) Die Loszertifikate werden in der Regel f\u00fcr jede Klasse gesondert ausgegeben. Der betreuende Dienstleister bietet dem Spielteilnehmer rechtzeitig vor Beginn einer Folgeklasse ein Loszertifikat (bzw. die von ihm gespielte Anzahl Lose) mit der gleichen Losnummer und den gleichen Anteilsbezeichnungen wie in der aktuell gespielten Klasse an (Ausnahme: siehe \u00a7 6 Abs. 2). Entsprechend soll er dem Spielteilnehmer auch die erneute Beteiligung f\u00fcr das nachfolgende KLS-Spiel anbieten. Die Annahme der Angebote steht dem Spielteilnehmer frei.<\/p>\n\n\n\n<p>(8) Spielteilnehmer mit Wohnsitz in den Vereinigten Staaten von Amerika sind von der Teilnahme ausgeschlossen. ELBL kann die Liste der L\u00e4nder, von denen eine Spielteilnahme ausgeschlossen ist (es gilt der Wohnsitz), jederzeit \u00e4ndern.<\/p>\n\n\n\n<p>(9) Bei Fernabsatzvertr\u00e4gen besteht kein Widerrufsrecht.<\/p>\n\n\n\n<p>(10) Der Spielteilnehmer hat dem Dienstleister Ver\u00e4nderungen des Namens, der Adresse oder beim Konto unverz\u00fcglich mitzuteilen. Sch\u00e4den oder Nachteile, die auf einer schuldhaften Verletzung dieser Pflicht beruhen, sind vom Spielteilnehmer zu tragen.<\/p>\n\n\n\n<h3 class=\"wp-block-heading\"><strong>\u00a7 2 Sicherstellung der Teilnahmevoraussetzungen<\/strong><\/h3>\n\n\n\n<p>(1) Die Teilnahme von Minderj\u00e4hrigen an \u00f6ffentlichen Gl\u00fccksspielen ist gesetzlich verboten. Spielvertr\u00e4ge, die gegen dieses Teilnahmeverbot versto\u00dfen, sind nichtig. Jeder Spielinteressent ist verpflichtet, bei der Bestellung von Losen wahrheitsgem\u00e4\u00dfe Angaben \u00fcber sein Geburtsdatum, seinen Namen und seine Adresse zu erteilen. Ohne diese Angaben ist eine Spielteilnahme nicht m\u00f6glich.<\/p>\n\n\n\n<p>(2) ELBL und ihre Dienstleister sind gesetzlich verpflichtet, die Altersangabe des Spielinteressenten zu \u00fcberpr\u00fcfen. Zu dieser Vollj\u00e4hrigkeitspr\u00fcfung werden anerkannte Verfahren eingesetzt; die dazu jeweils ben\u00f6tigten Daten werden an Dritte weitergegeben. Zu diesem Zweck werden der Name, das Geburtsdatum und die Adresse des Spielinteressenten \u00fcbermittelt. Eine Bonit\u00e4tspr\u00fcfung und eine weitere \u00dcbermittlung personenbezogener Daten findet nicht statt. Die Anfrage wird zum Zweck der Abrechnung mit der ELBL und gegebenenfalls den Melderegistern f\u00fcr den daf\u00fcr erforderlichen Zeitraum gespeichert.<\/p>\n\n\n\n<p>(3) Kann die Altersverifikation nicht durch das in Absatz 2 geschilderte Verfahren erbracht werden, kann der Spielinteressent den Nachweis seiner Vollj\u00e4hrigkeit durch Vorlage eines amtlichen Ausweisdokumentes f\u00fchren.<\/p>\n\n\n\n<p>(4) ELBL erm\u00e4chtigt seine Dienstleister, sich an Spielinteressenten zu wenden und ELBL mit diesen Spielinteressenten Vertr\u00e4ge gem. dieser Spielbedingungen anzubahnen. Der Dienstleister kann verlangen, dass der Spielinteressent offizielle Identit\u00e4ts- und andere pers\u00f6nliche Dokumente (gegebenenfalls notariell beglaubigt) vorlegt, um das Alter und andere pers\u00f6nliche Angaben des Spielinteressenten zu verifizieren und die fortlaufende Einhaltung von ELBL in Verbindung mit diesem Angebot sicherzustellen.<\/p>\n\n\n\n<h3 class=\"wp-block-heading\">\u00a7 3 Spieleinsatz, Zahlungsmodalit\u00e4ten<\/h3>\n\n\n\n<p>(1) Der Spieleinsatz auf ein ganzes Los betr\u00e4gt bei einer Spielbeteiligung ab der 1. Klasse 150 \u20ac pro Monat, auf jeden einzelnen Losanteil also 15 \u20ac pro Monat.<\/p>\n\n\n\n<p>(2) Die Zahlung des Spieleinsatzes erfolgt auf ein Konto des Dienstleisters. Ein Los ist ab der ersten Ziehung einer Klasse gewinnberechtigt, wenn der f\u00e4llige Einsatz rechtzeitig vor Beginn dieser Klasse in voller H\u00f6he bei dem Dienstleister eingegangen ist bzw. seinem Konto gutgeschrieben wurde und er hiervon Kenntnis erlangen konnte. Der Spieleinsatz gilt ferner als rechtzeitig bezahlt, wenn der Dienstleister zum Einzug des Spieleinsatzes von einem der Verf\u00fcgungsmacht des Spielteilnehmers unterliegenden Konto erm\u00e4chtigt wird und der Einzug des Spieleinsatzes nicht scheitert oder sich verz\u00f6gert aus Gr\u00fcnden, die der Dienstleister nicht zu vertreten hat. F\u00fcr Kreditkarten gilt Satz 2 entsprechend.<\/p>\n\n\n\n<p>(3) F\u00fcr Lose, die erst nach Spielbeginn erworben werden, ist der Spieleinsatz sowohl der laufenden Klasse als auch aller eventuell schon vorangegangenen Klassen zu entrichten. Dies gilt auch f\u00fcr Folgelose (siehe \u00a7 6 Abs. 2).<\/p>\n\n\n\n<p>(4) Hat der Spielteilnehmer den Dienstleister zum Einzug des Lospreises erm\u00e4chtigt, so ist er nur dann gewinnberechtigt, wenn einem erfolgten Einzug, auch f\u00fcr vorangegangene Klassen, nicht nachtr\u00e4glich widersprochen wurde. Dies gilt entsprechend f\u00fcr Kreditkarten.<\/p>\n\n\n\n<p>(5) Bei versp\u00e4teter Zahlung ist der Dienstleister an sein\/ ihr Losangebot nicht mehr gebunden. Nimmt er\/sie die Zahlung dennoch an, ist das Los ab dem auf den Zahlungseingang folgenden \u00fcbern\u00e4chsten Werktag (ohne Samstage) gewinnberechtigt.<\/p>\n\n\n\n<p>(6) Erfolgt die Zahlung des Spieleinsatzes im SEPA-Lastschriftverfahren, verk\u00fcrzt sich die Frist f\u00fcr die Vorabank\u00fcndigung (Pre-Notification) auf einen Werktag (ohne Samstage). Die Vorabank\u00fcndigung \u00fcber den Bankeinzug des Spieleinsatzes erfolgt per Brief oder per E-Mail.<\/p>\n\n\n\n<p>(7) Wenn ein Spielteilnehmer mit mehreren Losnummern und\/ oder mehreren Losanteilen am Spiel teilnehmen will und seine Lose unvollst\u00e4ndig bezahlt sind, gilt Folgendes: Unvollst\u00e4ndige Zahlungen und\/oder Restguthaben, die einem Teil seiner Lose\/Losanteile zur Gewinnberechtigung verhelfen k\u00f6nnten, werden (vorbehaltlich einer anderen Bestimmung durch den Spielteilnehmer) folgenderma\u00dfen angerechnet: a) auf ganze Lose, b) auf Lose mit mehreren Losanteilen (in absteigender Rangfolge), c) auf Lose mit nur einem Losanteil. Bei mehreren Losen der gleichen Wertigkeit gilt das Los mit der jeweils niedrigsten Losnummer als bezahlt.<\/p>\n\n\n\n<p>(8) Kosten und Aufwendungen f\u00fcr Amtliche Gewinnlisten einschlie\u00dflich Porto gehen zu Lasten des Spielteilnehmers und k\u00f6nnen von der Dienstleister in Rechnung gestellt werden. Der Dienstleister ist berechtigt, insoweit mit dem Spielteilnehmer eine Servicepauschale zu vereinbaren. Im Rahmen der Servicepauschale k\u00f6nnen mit dem Spielteilnehmer auch etwaige weitere Leistungen vereinbart werden. Diese Kosten und Aufwendungen sowie eine etwaige Servicepauschale sind nicht Bestandteil des Lospreises.<\/p>\n\n\n\n<h3 class=\"wp-block-heading\">\u00a7 4 Ziehungsverfahren, Gewinnermittlung<\/h3>\n\n\n\n<p>(1) Alle Ziehungen der SKL-Basislotterie finden unter Aufsicht statt. Ziehungsorte und -zeitpunkte werden auf Anfrage mitgeteilt.<\/p>\n\n\n\n<p>(2) Bei Geldgewinnen zahlt ELBL dem Spielteilnehmer stets den gleichen Betrag, den der Spielteilnehmer erhalten h\u00e4tte, h\u00e4tte er mit der gleichen Losnummer und -teilung direkt an der SKL-Basislotterie teilgenommen. Die Show- und Eventgewinne aus der SKL-Basislotterie werden nicht von ELBL angeboten, da die Ziehungsergebnisse dieser Gewinne nicht auf Losnummernbasis ver\u00f6ffentlicht werden. &nbsp;<\/p>\n\n\n\n<p>(3) Die Gewinnermittlung im KLS-Spiel erfolgt \u00fcber einen Abgleich der bei ELBL zur jeweiligen Ziehung gewinnberechtigt registierten Lose mit dem jeweiligen Ziehungsergebnissen der SKL-Basislotterie.<\/p>\n\n\n\n<p>(4) Im Gewinnfalle erh\u00e4lt der Spielteilnehmer vom Dienstleister eine Gewinnbenachrichtigung. Dar\u00fcber hinaus werden die gezogenen Gewinnnummern des KLS-Spiels in der monatlichen Gewinnliste von ELBL bekannt gegeben, die beim Dienstleister eingesehen oder erworben werden kann. Die Ver\u00f6ffentlichungen von ELBL (z.B. digitale Gewinnliste, Fernsehen, Videotext, Presse und Internet) sind ohne Gew\u00e4hr.<\/p>\n\n\n\n<h3 class=\"wp-block-heading\">\u00a7 5 Gewinnauszahlung<\/h3>\n\n\n\n<p>(1) Die im Spielplan ausgewiesenen Gewinnbetr\u00e4ge bis zu einem Betrag von 1.000.000 \u20ac werden dem Spielteilnehmer von seinem betreuenden Dienstleister entweder unverz\u00fcglich ausbezahlt oder dem Spielteilnehmer auf seinem Kundenkonto gutgeschrieben und auf Wunsch mit dem Spieleinsatz f\u00fcr nachfolgende Klassen sowie ggf. Folgelose (vgl. \u00a7 6) verrechnet.<\/p>\n\n\n\n<p>(2) Geldgewinne bis zu einem Betrag von 1.000.000 \u20ac werden vom Dienstleister, Geldgewinne von mehr als 1.000.000 \u20ac sowie die Zeitrentengewinne werden von der ELBL ausgezahlt und sind nicht vererbbar. Sach- und Goldgewinne k\u00f6nnen auf Wunsch von ELBL auch in bar ausbezahlt werden. Die Sachgewinne werden von ELBL in Abstimmung mit dem Gewinner beschafft und an diesen \u00fcbermittelt, die Goldgewinne werden vom Dienstleister beschafft und zugestellt. Der Gewinnbetrag ist der im Gewinnplan des KLS-Spieles ausgewiesene.<br><br>(3) Zur Geltendmachung eines Gewinnanspruchs gen\u00fcgt die R\u00fccksendung der formellen Auszahlungsverf\u00fcgung, die der Gewinnbenachrichtigung durch den Dienstleister beiliegt und bestimmte \u00dcberpr\u00fcfungsangaben ausf\u00fchren. Alle angeforderten und erforderlichen Dokumente m\u00fcssen vom Spielteilnehmer sp\u00e4testens 24 Wochen nach dem Datum des Wettereignisses bereitgestellt werden, andernfalls verf\u00e4llt der Gewinn.<\/p>\n\n\n\n<p>(4) Im Falle eines Zeitrentengewinns kann ELBL dem Kunden eine &#8222;Cash Option&#8220; als zus\u00e4tzliche Gewinnauszahlungsart anbieten. In diesem Fall wird der Gewinn in einer Summe ausgezahlt, wobei diese Summe 65% des Betrages einer Annuit\u00e4ten-Auszahlung betr\u00e4gt. Die Wahl der Auszahlungsart obliegt dem Kunden.<\/p>\n\n\n\n<p>(5) Die Namen der Spielteilnehmer und Gewinner werden nach Ma\u00dfgabe der gesetzlichen Bestimmungen geheim gehalten.<\/p>\n\n\n\n<p>(6) Gewinne sind in vielen L\u00e4ndern steuerfrei bzw. nicht steuerbar. Der Spielteilnehmer ist in erster Linie f\u00fcr die ordnungsgem\u00e4\u00dfe Zahlung von Steuern und Abgaben verantwortlich. F\u00fcr den Fall, dass ELBL in Bezug auf die Gewinne eines Spielteilnehmers irgendwelche Steuern, Geb\u00fchren oder Abgaben direkt an die Beh\u00f6rden eines Landes zu zahlen hat, sind ELBL und der Dienstleister berechtigt, diese vom Konto des Spielteilnehmers abzubuchen bzw. entsprechend vom Spielteilnehmer zu fordern.<\/p>\n\n\n\n<h3 class=\"wp-block-heading\">\u00a7 6 Ausscheiden von Losnummern, Folgelose, Zusatzziehung<\/h3>\n\n\n\n<p>(1) Losnummern, die am ersten Samstag eines Monats einen Gewinn erzielt haben, scheiden in den Klassen 1 bis 5 mit dem Ende dieses Monats aus dem Spiel aus. In der 6. Klasse scheiden die Gewinnnummern des ersten Samstags schon am hierauf folgenden Freitag und die des zweiten Samstags wiederum an dem darauf folgenden Freitag aus. Losnummern, die bei Sonderziehungen einen Gewinn erzielen, sind davon ausgenommen. Diese Losnummern scheiden alleine wegen eines solchen Gewinns nicht aus dem Spiel aus. Alle \u00fcbrigen Losnummern \u2013 auch wenn sie bereits gewonnen haben \u2013 bleiben bis zum 31.05.2026 im Spiel.<\/p>\n\n\n\n<p>(2) Damit ein Gewinner nach dem Ausscheiden seiner Losnummer weiter am Spiel teilnehmen kann, soll ihm sein Dienstleister unverz\u00fcglich ein Folgelos mit einer neuen Losnummer und einer dem alten Los entsprechenden Anzahl an Losanteilen anbieten. Der Einsatz hierf\u00fcr ist grunds\u00e4tzlich mit dem vorher erzielten Gewinn gedeckt. Die Annahme des Angebots steht dem Spielteilnehmer immer frei. Ein angenommenes Folgelos nimmt ab dem n\u00e4chsten Ziehungstag der laufenden Klasse teil. Auf Wunsch des Spielteilnehmers wird der Spieleinsatz f\u00fcr das Folgelos mit dem vorher erzielten Gewinn verrechnet.<\/p>\n\n\n\n<h3 class=\"wp-block-heading\">\u00a7 7 Haftung\/Beschwerdeverfahren<\/h3>\n\n\n\n<p>(1) ELBL und ihre Dienstleister haften nicht f\u00fcr Sch\u00e4den, die durch h\u00f6here Gewalt, unverschuldete Fehlfunktionen von EDV-Einrichtungen, Vers\u00e4umnisse von IT-, Druck-, Kommunikations- und Transportunternehmen, strafbare Handlungen dritter Personen oder aus sonstigen Gr\u00fcnden, die sie nicht zu vertreten hat, hervorgerufen werden. Ausdr\u00fccklich wird die Haftung f\u00fcr schuldhaftes oder fahrl\u00e4ssiges Verhalten eines Vermittlers oder sonstiger Erf\u00fcllungsgehilfen ausgeschlossen; dies gilt nicht in F\u00e4llen der Verletzung des Lebens, des K\u00f6rpers, der Gesundheit oder in den F\u00e4llen einer Haftung nach dem Produkthaftungsgesetz.<\/p>\n\n\n\n<p>(2) Erfolgt die Zahlung des Lospreises auf ein Konto des Dienstleisters, entstehen Rechte und Pflichten aus der Vorauszahlung oder der Verwahrung von Spieleins\u00e4tzen seitens des Spielteilnehmers nur gegen\u00fcber dem betreffenden Dienstleister. Vereinbarungen, Handlungen und Unterlassungen eines Dienstleisters, die in diesen Spielbedingungen nicht vorgesehen sind, sind f\u00fcr ELBL nicht verbindlich.<\/p>\n\n\n\n<p>(3) F\u00fcr Reklamationen und Ausk\u00fcnfte kontaktieren Sie bitte den Dienstleister direkt oder kontaktieren Sie ELBL unter: Telefon 0044 2038597294, E-Mail <a href=\"mailto:info@elbl.info\">info@elbl.info<\/a> .<\/p>\n\n\n\n<h2 class=\"wp-block-heading\"><strong>Teil B: Spielerg\u00e4nzungen<\/strong><\/h2>\n\n\n\n<h3 class=\"wp-block-heading\">\u00a7 1 Spielteilnahme, allgemeine Erl\u00e4uterungen<\/h3>\n\n\n\n<p>(1) In Verbindung mit dem KLS-Spiel f\u00fchrt die ELBL vom 01.12.2025 bis 31.05.2026 die Spielerg\u00e4nzungen die Spiele EuroJoker (im Folgenden \u201eEuroJoker-Spiel\u201c) und TraumJoker (im Fogenden \u201eTraumJoker-Spiel\u201c) durch. Jeder Kalendermonat ist eine in sich abgeschlossene Spielerg\u00e4nzungsrunde. Soweit nachstehend nichts anderes festgelegt ist, gilt Teil A dieser Spielbedingungen auch f\u00fcr Teil B.<\/p>\n\n\n\n<p>(2) Abweichend von Teil A \u00a7 3 Abs. 5 beginnt die gewinnberechtigte Spielteilnahme bei Zahlungseingang bis zum 15. eines Monats ab dem auf den Zahlungseingang folgenden \u00fcbern\u00e4chsten Werktag (ohne Samstage). Geht die Zahlung nach dem 15. eines Monats, sp\u00e4testens jedoch am vorletzten Werktag ohne Samstage vor Ende des Monats ein, beginnt die gewinnberechtigte Spielteilnahme am 1. des n\u00e4chstfolgenden Monats. Ansonsten beginnt die gewinnberechtigte Spielteilnahme ab dem auf die Zahlung folgenden \u00fcbern\u00e4chsten Werktag (ohne Samstage).<\/p>\n\n\n\n<p>(3) Die Losauflagen umfassen jeweils 5 Millionen Losnummern von 0.000.001 bis 5.000.000. Auf diese Losnummern entfallen im Spielzeitraum beim EuroJoker-Spiel 1.955.814 Gewinne mit einer Gesamtgewinnsumme von 140.360.000 \u20ac, beim TraumJoker-Spiel 20.066.694 &nbsp;Gewinne mit einer Gesamtgewinnsumme von 65.720.000 \u20ac. W\u00f6chentliche Ziehungen des EuroJoker-Spiels werden an jedem Sonntag, monatliche Ziehungen werden an jedem letzten Sonntag des Monats durchgef\u00fchrt. Die Jubil\u00e4umsziehungen beim EuroJoker-Spiele finden an den entsprechenden Tagen der Millionen-Montags-Ziehung des Millionenspiels statt. Die Ziehungen des TraumJoker-Spiel finden an jedem 1. bis 4. Dienstag des Monats statt. Bei einer Teilnahme \u00fcber alle 6 Joker-Runden betr\u00e4gt die planm\u00e4\u00dfige Gewinnaussch\u00fcttungsquote beim EuroJoker-Spiel 46,79% &nbsp;und beim TraumJoker-Spiel 43,81%.<\/p>\n\n\n\n<p>(4) Spielerg\u00e4nzungslose sind nicht in Losanteilen aufgelegt.<\/p>\n\n\n\n<p>(5) Gewinnlose scheiden von der weiteren Teilnahme an der jeweiligen Spielerg\u00e4nzung nicht aus.<\/p>\n\n\n\n<h3 class=\"wp-block-heading\">\u00a7 2 Spieleinsatz, Zahlungsmodalit\u00e4ten<\/h3>\n\n\n\n<p>(1) Der Spieleinsatz betr\u00e4gt beim EuroJoker-Spiel 10 \u20ac und beim TraumJoker-Spiel 5 \u20ac pro Monat. Abweichend vom KLS-Spiel ist bei den Spielerg\u00e4nzungen die Teilnahme auch an einzelnen Runden m\u00f6glich. Teil A \u00a7 3 Abs. 3 kommt nicht zur Anwendung.<\/p>\n\n\n\n<p>(2) Teil A \u00a7 3 Abs. 7 gilt mit der Ma\u00dfgabe, dass unvollst\u00e4ndige Zahlungen zuerst auf Spieleins\u00e4tze f\u00fcr die das KLS-Spiel angerechnet werden, dann auf die Lose des EuroJoker-Spiels und schlie\u00dflich auf die Lose des TraumJoker-Spiels.<\/p>\n\n\n\n<p>(3) Bei den Geldpreisen handelt es sich um eine Zusatzverlosung durch EU Lotto. Die Gewinnermittlung der Geldpreise im EuroJoker-Spiel und TraumJoker-Spiel erfolgt mittels eines propriet\u00e4ren Zufallszahlengenerators, der von einem unabh\u00e4ngigen Testlabor zertifiziert wurde.<\/p>\n\n\n\n<p><a id=\"_msocom_1\"><\/a><\/p>\n","protected":false},"excerpt":{"rendered":"<p>SPIELBEDINGUNGEN Das Spiel 158. KlassenLotterieS\u00fcd (im Folgenden \u201eKLS-Spiel\u201c) sowie die<\/p>\n","protected":false},"author":2,"featured_media":0,"parent":216,"menu_order":0,"comment_status":"closed","ping_status":"closed","template":"page-tcs.php","meta":{"footnotes":""},"class_list":["post-3697","page","type-page","status-publish","hentry"],"_links":{"self":[{"href":"https:\/\/klassenlotterie.com\/de\/wp-json\/wp\/v2\/pages\/3697","targetHints":{"allow":["GET"]}}],"collection":[{"href":"https:\/\/klassenlotterie.com\/de\/wp-json\/wp\/v2\/pages"}],"about":[{"href":"https:\/\/klassenlotterie.com\/de\/wp-json\/wp\/v2\/types\/page"}],"author":[{"embeddable":true,"href":"https:\/\/klassenlotterie.com\/de\/wp-json\/wp\/v2\/users\/2"}],"replies":[{"embeddable":true,"href":"https:\/\/klassenlotterie.com\/de\/wp-json\/wp\/v2\/comments?post=3697"}],"version-history":[{"count":1,"href":"https:\/\/klassenlotterie.com\/de\/wp-json\/wp\/v2\/pages\/3697\/revisions"}],"predecessor-version":[{"id":3698,"href":"https:\/\/klassenlotterie.com\/de\/wp-json\/wp\/v2\/pages\/3697\/revisions\/3698"}],"up":[{"embeddable":true,"href":"https:\/\/klassenlotterie.com\/de\/wp-json\/wp\/v2\/pages\/216"}],"wp:attachment":[{"href":"https:\/\/klassenlotterie.com\/de\/wp-json\/wp\/v2\/media?parent=3697"}],"curies":[{"name":"wp","href":"https:\/\/api.w.org\/{rel}","templated":true}]}}