{"id":3737,"date":"2025-10-22T20:31:47","date_gmt":"2025-10-22T20:31:47","guid":{"rendered":"https:\/\/klassenlotterie.com\/?page_id=3737"},"modified":"2025-10-22T20:31:48","modified_gmt":"2025-10-22T20:31:48","slug":"weihnacht-traumjoker-2025","status":"publish","type":"page","link":"https:\/\/klassenlotterie.com\/de\/kls\/neuigkeiten\/weihnacht-traumjoker-2025\/","title":{"rendered":"Weihnacht TraumJoker  2025"},"content":{"rendered":"\n<p><strong>NEUER SPIELPLAN, NEUE M\u00d6GLICHKEITEN!<\/strong><\/p>\n\n\n\n<p>4 w\u00f6chentliche Dienstags-Ziehungen mit insgesamt 3.344.449 Gewinnm\u00f6glichkeiten pro Monat. Jubil\u00e4ums-Million: H\u00f6chstgewinn von 500.000 \u20ac wird auf 1 Million \u20ac verdoppelt und 1.000 x 1.000 \u20ac Weihnachtsgeld &#8211; nur im Dezember.<br><strong><br>Jeden Monat\u00a0<\/strong>tolle Geld- und Sachgewinne:\u00a0<\/p>\n\n\n\n<ul class=\"wp-block-list\">\n<li>1 x 500.000 \u20ac*&nbsp;<\/li>\n\n\n\n<li>4 x 100.000 \u20ac&nbsp;<\/li>\n\n\n\n<li>4 x 10.000 \u20ac&nbsp;<\/li>\n\n\n\n<li>40 x 1.000 \u20ac&nbsp;<\/li>\n\n\n\n<li>400 x 100 \u20ac<\/li>\n\n\n\n<li>4.000 x 50 \u20ac<\/li>\n\n\n\n<li>40.000 x 10 \u20ac<\/li>\n\n\n\n<li>400.000 x 5 \u20ac&nbsp;<\/li>\n\n\n\n<li>2,9 Mio. x 2,50 \u20ac&nbsp;<\/li>\n<\/ul>\n\n\n\n<p><strong>SONDERZIEHUNGEN IM DEZEMBER<\/strong><\/p>\n\n\n\n<ul class=\"wp-block-list\">\n<li><strong>Jubil\u00e4ums-Million am 23. Dezember<\/strong> : 1 x 1.000.000 \u20ac<br><strong>Weihnachtsgeld-Ziehung am 16. Dezember<\/strong>: 1.000 x 1.000 \u20ac<\/li>\n<\/ul>\n","protected":false},"excerpt":{"rendered":"<p>NEUER SPIELPLAN, NEUE M\u00d6GLICHKEITEN! 4 w\u00f6chentliche Dienstags-Ziehungen mit insgesamt 3.344.449<\/p>\n","protected":false},"author":2,"featured_media":3703,"parent":238,"menu_order":0,"comment_status":"closed","ping_status":"closed","template":"page-news.php","meta":{"footnotes":""},"class_list":["post-3737","page","type-page","status-publish","has-post-thumbnail","hentry"],"_links":{"self":[{"href":"https:\/\/klassenlotterie.com\/de\/wp-json\/wp\/v2\/pages\/3737","targetHints":{"allow":["GET"]}}],"collection":[{"href":"https:\/\/klassenlotterie.com\/de\/wp-json\/wp\/v2\/pages"}],"about":[{"href":"https:\/\/klassenlotterie.com\/de\/wp-json\/wp\/v2\/types\/page"}],"author":[{"embeddable":true,"href":"https:\/\/klassenlotterie.com\/de\/wp-json\/wp\/v2\/users\/2"}],"replies":[{"embeddable":true,"href":"https:\/\/klassenlotterie.com\/de\/wp-json\/wp\/v2\/comments?post=3737"}],"version-history":[{"count":1,"href":"https:\/\/klassenlotterie.com\/de\/wp-json\/wp\/v2\/pages\/3737\/revisions"}],"predecessor-version":[{"id":3738,"href":"https:\/\/klassenlotterie.com\/de\/wp-json\/wp\/v2\/pages\/3737\/revisions\/3738"}],"up":[{"embeddable":true,"href":"https:\/\/klassenlotterie.com\/de\/wp-json\/wp\/v2\/pages\/238"}],"wp:featuredmedia":[{"embeddable":true,"href":"https:\/\/klassenlotterie.com\/de\/wp-json\/wp\/v2\/media\/3703"}],"wp:attachment":[{"href":"https:\/\/klassenlotterie.com\/de\/wp-json\/wp\/v2\/media?parent=3737"}],"curies":[{"name":"wp","href":"https:\/\/api.w.org\/{rel}","templated":true}]}}