{"id":3823,"date":"2026-02-10T16:00:16","date_gmt":"2026-02-10T16:00:16","guid":{"rendered":"https:\/\/klassenlotterie.com\/?page_id=3823"},"modified":"2026-02-10T16:00:16","modified_gmt":"2026-02-10T16:00:16","slug":"kreuzfahrten-2026","status":"publish","type":"page","link":"https:\/\/klassenlotterie.com\/de\/kln\/neuigkeiten\/kreuzfahrten-2026\/","title":{"rendered":"KREUZFAHRTEN 2026"},"content":{"rendered":"\n<p>Ahoi! Am\u00a0<strong><em>5. Juni 2026<\/em><\/strong>\u00a0k\u00f6nnen Es erwarten Sie <strong>290<\/strong> Kreuzfahrten f\u00fcr 2 Personen im Wert pro Kreuzfahrt von <strong>15.000 Euro<\/strong> (im Gesamtwert von\u00a0<strong>4,35 Millionen Euro<\/strong>)!<\/p>\n\n\n\n<p>Der Sonne entgegen! Au\u00dfergew\u00f6hnliche Weltst\u00e4dte, herrliche Inseln oder anmutige Sandstr\u00e4nde, was gibt es Sch\u00f6neres als die Seele in fremden Gefilden baumeln zu lassen. Begeben Sie sich an Bord und lassen Sie sich verw\u00f6hnen.<\/p>\n\n\n\n<p><\/p>\n","protected":false},"excerpt":{"rendered":"<p>Ahoi! Am\u00a05. Juni 2026\u00a0k\u00f6nnen Es erwarten Sie 290 Kreuzfahrten f\u00fcr<\/p>\n","protected":false},"author":2,"featured_media":3793,"parent":115,"menu_order":0,"comment_status":"closed","ping_status":"closed","template":"page-news.php","meta":{"footnotes":""},"class_list":["post-3823","page","type-page","status-publish","has-post-thumbnail","hentry"],"_links":{"self":[{"href":"https:\/\/klassenlotterie.com\/de\/wp-json\/wp\/v2\/pages\/3823","targetHints":{"allow":["GET"]}}],"collection":[{"href":"https:\/\/klassenlotterie.com\/de\/wp-json\/wp\/v2\/pages"}],"about":[{"href":"https:\/\/klassenlotterie.com\/de\/wp-json\/wp\/v2\/types\/page"}],"author":[{"embeddable":true,"href":"https:\/\/klassenlotterie.com\/de\/wp-json\/wp\/v2\/users\/2"}],"replies":[{"embeddable":true,"href":"https:\/\/klassenlotterie.com\/de\/wp-json\/wp\/v2\/comments?post=3823"}],"version-history":[{"count":2,"href":"https:\/\/klassenlotterie.com\/de\/wp-json\/wp\/v2\/pages\/3823\/revisions"}],"predecessor-version":[{"id":3825,"href":"https:\/\/klassenlotterie.com\/de\/wp-json\/wp\/v2\/pages\/3823\/revisions\/3825"}],"up":[{"embeddable":true,"href":"https:\/\/klassenlotterie.com\/de\/wp-json\/wp\/v2\/pages\/115"}],"wp:featuredmedia":[{"embeddable":true,"href":"https:\/\/klassenlotterie.com\/de\/wp-json\/wp\/v2\/media\/3793"}],"wp:attachment":[{"href":"https:\/\/klassenlotterie.com\/de\/wp-json\/wp\/v2\/media?parent=3823"}],"curies":[{"name":"wp","href":"https:\/\/api.w.org\/{rel}","templated":true}]}}