{"id":3885,"date":"2026-02-18T11:10:57","date_gmt":"2026-02-18T11:10:57","guid":{"rendered":"https:\/\/klassenlotterie.com\/?page_id=3885"},"modified":"2026-02-18T11:10:59","modified_gmt":"2026-02-18T11:10:59","slug":"osterziehung","status":"publish","type":"page","link":"https:\/\/klassenlotterie.com\/de\/kln\/neuigkeiten\/osterziehung\/","title":{"rendered":"Osterziehung"},"content":{"rendered":"\n<p>Erlebe \u00fcber 77 Jahre Tradition in einer neuen Dimension: Die 156. KLN startet mit unglaublichen 525 Millionengewinnen! Hier wird das Gl\u00fcck zum t\u00e4glichen Begleiter, denn jeden Tag verlosen wir mindestens eine Million Euro. Das gro\u00dfe Highlight? Im Finale warten 50 x 1 Million in Gold auf dich!<\/p>\n\n\n\n<p><strong>GOLZ-ZIEHUNGEN<\/strong><\/p>\n\n\n\n<ul class=\"wp-block-list\">\n<li>Osterziehung: 5.4.2026: 10 x 1 Million \u20ac in Gold<\/li>\n\n\n\n<li>Sommerziehung: 21.6.2026: 15 x 1 Million \u20ac in Gold<\/li>\n\n\n\n<li>Millionen-Finale: 30.9.2026: 50 x 1 Million \u20ac in Gold<\/li>\n<\/ul>\n\n\n\n<p><\/p>\n","protected":false},"excerpt":{"rendered":"<p>Erlebe \u00fcber 77 Jahre Tradition in einer neuen Dimension: Die<\/p>\n","protected":false},"author":2,"featured_media":3877,"parent":115,"menu_order":0,"comment_status":"closed","ping_status":"closed","template":"page-news.php","meta":{"footnotes":""},"class_list":["post-3885","page","type-page","status-publish","has-post-thumbnail","hentry"],"_links":{"self":[{"href":"https:\/\/klassenlotterie.com\/de\/wp-json\/wp\/v2\/pages\/3885","targetHints":{"allow":["GET"]}}],"collection":[{"href":"https:\/\/klassenlotterie.com\/de\/wp-json\/wp\/v2\/pages"}],"about":[{"href":"https:\/\/klassenlotterie.com\/de\/wp-json\/wp\/v2\/types\/page"}],"author":[{"embeddable":true,"href":"https:\/\/klassenlotterie.com\/de\/wp-json\/wp\/v2\/users\/2"}],"replies":[{"embeddable":true,"href":"https:\/\/klassenlotterie.com\/de\/wp-json\/wp\/v2\/comments?post=3885"}],"version-history":[{"count":1,"href":"https:\/\/klassenlotterie.com\/de\/wp-json\/wp\/v2\/pages\/3885\/revisions"}],"predecessor-version":[{"id":3886,"href":"https:\/\/klassenlotterie.com\/de\/wp-json\/wp\/v2\/pages\/3885\/revisions\/3886"}],"up":[{"embeddable":true,"href":"https:\/\/klassenlotterie.com\/de\/wp-json\/wp\/v2\/pages\/115"}],"wp:featuredmedia":[{"embeddable":true,"href":"https:\/\/klassenlotterie.com\/de\/wp-json\/wp\/v2\/media\/3877"}],"wp:attachment":[{"href":"https:\/\/klassenlotterie.com\/de\/wp-json\/wp\/v2\/media?parent=3885"}],"curies":[{"name":"wp","href":"https:\/\/api.w.org\/{rel}","templated":true}]}}