{"id":395,"date":"2019-09-24T11:51:01","date_gmt":"2019-09-24T11:51:01","guid":{"rendered":"https:\/\/qa.klassenlotterie.com\/?page_id=395"},"modified":"2020-07-22T13:14:57","modified_gmt":"2020-07-22T13:14:57","slug":"dethleffs-globetrotter-xl-i-wohnmobil","status":"publish","type":"page","link":"https:\/\/klassenlotterie.com\/de\/kln\/neuigkeiten\/dethleffs-globetrotter-xl-i-wohnmobil\/","title":{"rendered":"Dethleffs Globetrotter XL I Wohnmobil"},"content":{"rendered":"\n<p>Die Summe perfekter Details. Luxus bedeutet auch, nicht an Ideen zu sparen. Der Dethleffs Globetrotter XL I \u00f6ffnet das Tor zur mobilen Luxusklasse. Er bietet alles, was anspruchsvolle Reisemobilisten erwarten. Er vereint Qualit\u00e4t und Robustheit der Oberklasse mit der spielerischen Leichtigkeit des modernen Reisemobilbaus. Der komplett verrottungssichere Aufbau von Seitenwand, Dach und Boden wird innen erg\u00e4nzt durch Leichtbau-M\u00f6bel im zeitgem\u00e4\u00dfen Design. Die GourmetPlus-K\u00fcche, das hochwertig ausgestattete Raumbad und die gem\u00fctliche Sitzgruppe mit serienm\u00e4\u00dfigem Panorama-Seitenfenster suchen ihresgleichen.<\/p>\n\n\n\n<p> Am <em><strong>5. Februar 2021<\/strong><\/em> verlost KLN 60 Dethleffs Globetrotter XL I im Gesamtwert von 6,6 Millionen Euro (Wert pro Dethleffs Globetrotter XL I 110.000 Euro).<\/p>\n","protected":false},"excerpt":{"rendered":"<p>Die Summe perfekter Details. Luxus bedeutet auch, nicht an Ideen<\/p>\n","protected":false},"author":1,"featured_media":393,"parent":115,"menu_order":0,"comment_status":"closed","ping_status":"closed","template":"page-news.php","meta":{"footnotes":""},"class_list":["post-395","page","type-page","status-publish","has-post-thumbnail","hentry"],"_links":{"self":[{"href":"https:\/\/klassenlotterie.com\/de\/wp-json\/wp\/v2\/pages\/395","targetHints":{"allow":["GET"]}}],"collection":[{"href":"https:\/\/klassenlotterie.com\/de\/wp-json\/wp\/v2\/pages"}],"about":[{"href":"https:\/\/klassenlotterie.com\/de\/wp-json\/wp\/v2\/types\/page"}],"author":[{"embeddable":true,"href":"https:\/\/klassenlotterie.com\/de\/wp-json\/wp\/v2\/users\/1"}],"replies":[{"embeddable":true,"href":"https:\/\/klassenlotterie.com\/de\/wp-json\/wp\/v2\/comments?post=395"}],"version-history":[{"count":3,"href":"https:\/\/klassenlotterie.com\/de\/wp-json\/wp\/v2\/pages\/395\/revisions"}],"predecessor-version":[{"id":1230,"href":"https:\/\/klassenlotterie.com\/de\/wp-json\/wp\/v2\/pages\/395\/revisions\/1230"}],"up":[{"embeddable":true,"href":"https:\/\/klassenlotterie.com\/de\/wp-json\/wp\/v2\/pages\/115"}],"wp:featuredmedia":[{"embeddable":true,"href":"https:\/\/klassenlotterie.com\/de\/wp-json\/wp\/v2\/media\/393"}],"wp:attachment":[{"href":"https:\/\/klassenlotterie.com\/de\/wp-json\/wp\/v2\/media?parent=395"}],"curies":[{"name":"wp","href":"https:\/\/api.w.org\/{rel}","templated":true}]}}