{"id":399,"date":"2019-09-24T11:53:29","date_gmt":"2019-09-24T11:53:29","guid":{"rendered":"https:\/\/qa.klassenlotterie.com\/?page_id=399"},"modified":"2021-03-23T13:39:27","modified_gmt":"2021-03-23T13:39:27","slug":"kreuzfahrten","status":"publish","type":"page","link":"https:\/\/klassenlotterie.com\/de\/kln\/neuigkeiten\/kreuzfahrten\/","title":{"rendered":"Kreuzfahrten"},"content":{"rendered":"\n<p>Ahoi! Es erwarten Sie 350 Kreuzfahrten f\u00fcr 2 Personen im Wert pro Kreuzfahrt von 12.000 Euro!<\/p>\n\n\n\n<p>Der Sonne entgegen! Au\u00dfergew\u00f6hnliche Weltst\u00e4dte, herrliche Inseln oder anmutige Sandstr\u00e4nde, was gibt es Sch\u00f6neres als die Seele in fremden Gefilden baumeln zu lassen. Begeben Sie sich an Bord und lassen Sie sich verw\u00f6hnen.<\/p>\n","protected":false},"excerpt":{"rendered":"<p>Ahoi! Es erwarten Sie 350 Kreuzfahrten f\u00fcr 2 Personen im<\/p>\n","protected":false},"author":1,"featured_media":1440,"parent":115,"menu_order":0,"comment_status":"closed","ping_status":"closed","template":"page-news.php","meta":{"footnotes":""},"class_list":["post-399","page","type-page","status-publish","has-post-thumbnail","hentry"],"_links":{"self":[{"href":"https:\/\/klassenlotterie.com\/de\/wp-json\/wp\/v2\/pages\/399","targetHints":{"allow":["GET"]}}],"collection":[{"href":"https:\/\/klassenlotterie.com\/de\/wp-json\/wp\/v2\/pages"}],"about":[{"href":"https:\/\/klassenlotterie.com\/de\/wp-json\/wp\/v2\/types\/page"}],"author":[{"embeddable":true,"href":"https:\/\/klassenlotterie.com\/de\/wp-json\/wp\/v2\/users\/1"}],"replies":[{"embeddable":true,"href":"https:\/\/klassenlotterie.com\/de\/wp-json\/wp\/v2\/comments?post=399"}],"version-history":[{"count":2,"href":"https:\/\/klassenlotterie.com\/de\/wp-json\/wp\/v2\/pages\/399\/revisions"}],"predecessor-version":[{"id":1759,"href":"https:\/\/klassenlotterie.com\/de\/wp-json\/wp\/v2\/pages\/399\/revisions\/1759"}],"up":[{"embeddable":true,"href":"https:\/\/klassenlotterie.com\/de\/wp-json\/wp\/v2\/pages\/115"}],"wp:featuredmedia":[{"embeddable":true,"href":"https:\/\/klassenlotterie.com\/de\/wp-json\/wp\/v2\/media\/1440"}],"wp:attachment":[{"href":"https:\/\/klassenlotterie.com\/de\/wp-json\/wp\/v2\/media?parent=399"}],"curies":[{"name":"wp","href":"https:\/\/api.w.org\/{rel}","templated":true}]}}