{"id":44,"date":"2019-09-23T20:30:31","date_gmt":"2019-09-23T20:30:31","guid":{"rendered":"https:\/\/qa.klassenlotterie.com\/?page_id=44"},"modified":"2026-02-13T13:14:21","modified_gmt":"2026-02-13T13:14:21","slug":"millionenjoker","status":"publish","type":"page","link":"https:\/\/klassenlotterie.com\/de\/kln\/millionenjoker\/","title":{"rendered":"Maximieren Sie Ihr Gl\u00fcck: Der MillionenJoker"},"content":{"rendered":"\n<h2 class=\"wp-block-heading\">Maximieren Sie Ihr Gl\u00fcck: Der MillionenJoker<\/h2>\n\n\n\n<p>Der MillionenJoker ist das ultimative Upgrade f\u00fcr Ihr KLN-Los. Entscheiden Sie sich direkt beim Loskauf f\u00fcr diese Zusatzoption, um Ihre Aussichten auf den Millionengewinn massiv zu steigern. Die Teilnahme wird bequem auf Ihrem Los vermerkt und gilt verbindlich f\u00fcr die gesamte Dauer der Lotterie.<\/p>\n\n\n\n<p>Warum sich der Joker lohnt:<\/p>\n\n\n\n<ul class=\"wp-block-list\">\n<li>Chancen-Boost: Die Anzahl der Millionen-Preise steig von 220 auf \u00fcber 500 Millionengewinne.<\/li>\n\n\n\n<li>Extra-Chancen: Sie sichern sich pro Los 305 zus\u00e4tzliche Chancen auf jeweils 1 Million Euro.<\/li>\n\n\n\n<li>Beliebtheit: Aufgrund der enormen Gewinnmaximierung aktivieren die meisten Mitspieler den MillionenJoker direkt bei der Bestellung.<\/li>\n<\/ul>\n\n\n\n            <section class=\"contentFigure contentFigure--grid contentFigure--green \">\n            \t<div class=\"contentFigure__title\">305 \u00d7 1 Million \u20ac<\/div>\n\n            \t<div class=\"contentFigure__list\">\n            \t\t\n\t\t\t\t\t<div class=\"contentFigure__item contentFigureItem\">\n\t\t\t\t\t\t<div class=\"contentFigureItem__inner\">\n\t\t\t\t\t\t\t<span class=\"contentFigureItem__date\"><span>1. Klasse<\/span><span>3. April 2026<\/span><\/span>\n\n\t\t\t\t\t\t\t<span class=\"contentFigureItem__win\">20 \u00d7 1 Million \u20ac<\/span>\n\t\t\t\t\t\t<\/div>\n\t\t\t\t\t<\/div>\n\n\t\t\t\t\t<div class=\"contentFigure__item contentFigureItem\">\n\t\t\t\t\t\t<div class=\"contentFigureItem__inner\">\n\t\t\t\t\t\t\t<span class=\"contentFigureItem__date\"><span>2. Klasse<\/span><span>1. Mai 2026<\/span><\/span>\n\n\t\t\t\t\t\t\t<span class=\"contentFigureItem__win\">25 \u00d7 1 Million \u20ac<\/span>\n\t\t\t\t\t\t<\/div>\n\t\t\t\t\t<\/div>\n\n\t\t\t\t\t<div class=\"contentFigure__item contentFigureItem\">\n\t\t\t\t\t\t<div class=\"contentFigureItem__inner\">\n\t\t\t\t\t\t\t<span class=\"contentFigureItem__date\"><span>3. Klasse<\/span><span>5. Juni 2026<\/span><\/span>\n\n\t\t\t\t\t\t\t<span class=\"contentFigureItem__win\">40 \u00d7 1 Million \u20ac<\/span>\n\t\t\t\t\t\t<\/div>\n\t\t\t\t\t<\/div>\n\n\t\t\t\t\t<div class=\"contentFigure__item contentFigureItem\">\n\t\t\t\t\t\t<div class=\"contentFigureItem__inner\">\n\t\t\t\t\t\t\t<span class=\"contentFigureItem__date\"><span>4. Klasse<\/span><span>3. Juli 2026<\/span><\/span>\n\n\t\t\t\t\t\t\t<span class=\"contentFigureItem__win\">50 \u00d7 1 Million \u20ac<\/span>\n\t\t\t\t\t\t<\/div>\n\t\t\t\t\t<\/div>\n\n\t\t\t\t\t<div class=\"contentFigure__item contentFigureItem\">\n\t\t\t\t\t\t<div class=\"contentFigureItem__inner\">\n\t\t\t\t\t\t\t<span class=\"contentFigureItem__date\"><span>5. Klasse<\/span><span>7. August 2026<\/span><\/span>\n\n\t\t\t\t\t\t\t<span class=\"contentFigureItem__win\">70 \u00d7 1 Million \u20ac<\/span>\n\t\t\t\t\t\t<\/div>\n\t\t\t\t\t<\/div>\n\n\t\t\t\t\t<div class=\"contentFigure__item contentFigureItem\">\n\t\t\t\t\t\t<div class=\"contentFigureItem__inner\">\n\t\t\t\t\t\t\t<span class=\"contentFigureItem__date\"><span>6. Klasse<\/span><span>1. Sepember 2026<\/span><\/span>\n\n\t\t\t\t\t\t\t<span class=\"contentFigureItem__win\">100 \u00d7 1 Million \u20ac<\/span>\n\t\t\t\t\t\t<\/div>\n\t\t\t\t\t<\/div>\n\n            \t<\/div>\n            <\/section>\n\t\t\t\n\n\n<p>Dies entspricht einem Gesamtvolumen von insgesamt 305 Zusatzchancen auf einen Gewinn in H\u00f6he von 1 Million Euro.<\/p>\n\n\n\n<p>Die Teilnahme am MillionenJoker kostet je Klasse\n1,75 Euro f\u00fcr ein Sechzehntellos, 3,50 Euro f\u00fcr ein Achtellos, 7 Euro f\u00fcr ein\nViertellos, 14 Euro f\u00fcr ein halbes Los und 28 Euro f\u00fcr ein ganzes Los.<\/p>\n\n\n<a href=\"https:\/\/klassenlotterie.com\/de\/kln\/spiel\/\" class=\"contentBanner\" style=\"background-image: url('https:\/\/klassenlotterie.com\/wp-content\/uploads\/shared-1.jpg');\">\n\t\t\t\t<div class=\"contentBanner__media\" style=\"background-image: url('https:\/\/qa.klassenlotterie.com\/wp-content\/uploads\/KLN-logo.svg');\"><\/div>\n\t\t\t\t<div class=\"contentBanner__text\">\n\t\t\t\t\t<div class=\"contentBanner__title\">KLN<\/div>\n\t\t\t\t\t<div class=\"contentBanner__price contentBanner__price--medium\">1 MIO. \u20ac <\/div>\n\t\t\t\t\t<div class=\"contentBanner__description\">Jeden Tag Zu gewinnen<\/div>\n\t\t\t\t<\/div>\n\t\t\t<\/a>\n\n\n<p><\/p>\n","protected":false},"excerpt":{"rendered":"<p>Maximieren Sie Ihr Gl\u00fcck: Der MillionenJoker Der MillionenJoker ist das<\/p>\n","protected":false},"author":1,"featured_media":1675,"parent":26,"menu_order":0,"comment_status":"closed","ping_status":"closed","template":"","meta":{"footnotes":""},"class_list":["post-44","page","type-page","status-publish","has-post-thumbnail","hentry"],"_links":{"self":[{"href":"https:\/\/klassenlotterie.com\/de\/wp-json\/wp\/v2\/pages\/44","targetHints":{"allow":["GET"]}}],"collection":[{"href":"https:\/\/klassenlotterie.com\/de\/wp-json\/wp\/v2\/pages"}],"about":[{"href":"https:\/\/klassenlotterie.com\/de\/wp-json\/wp\/v2\/types\/page"}],"author":[{"embeddable":true,"href":"https:\/\/klassenlotterie.com\/de\/wp-json\/wp\/v2\/users\/1"}],"replies":[{"embeddable":true,"href":"https:\/\/klassenlotterie.com\/de\/wp-json\/wp\/v2\/comments?post=44"}],"version-history":[{"count":24,"href":"https:\/\/klassenlotterie.com\/de\/wp-json\/wp\/v2\/pages\/44\/revisions"}],"predecessor-version":[{"id":3864,"href":"https:\/\/klassenlotterie.com\/de\/wp-json\/wp\/v2\/pages\/44\/revisions\/3864"}],"up":[{"embeddable":true,"href":"https:\/\/klassenlotterie.com\/de\/wp-json\/wp\/v2\/pages\/26"}],"wp:featuredmedia":[{"embeddable":true,"href":"https:\/\/klassenlotterie.com\/de\/wp-json\/wp\/v2\/media\/1675"}],"wp:attachment":[{"href":"https:\/\/klassenlotterie.com\/de\/wp-json\/wp\/v2\/media?parent=44"}],"curies":[{"name":"wp","href":"https:\/\/api.w.org\/{rel}","templated":true}]}}