{"id":45,"date":"2019-09-23T20:34:27","date_gmt":"2019-09-23T20:34:27","guid":{"rendered":"https:\/\/qa.klassenlotterie.com\/?page_id=45"},"modified":"2026-02-13T13:31:15","modified_gmt":"2026-02-13T13:31:15","slug":"rentenjoker","status":"publish","type":"page","link":"https:\/\/klassenlotterie.com\/de\/kln\/rentenjoker\/","title":{"rendered":"RentenJoker"},"content":{"rendered":"\n<h1 class=\"wp-block-heading preheading Skip\"><em> <\/em>RentenJoker<\/h1>\n\n\n\n<p>Die sch\u00f6nsten Momente f\u00fcr die Rente! Jeden Monat 10-Jahres-Renten zu gewinnen:<\/p>\n\n\n\n<h2 class=\"wp-block-heading\">Mehr als 40 x 10-Jahres-Renten und \u00fcber 150.000 Geldgewinne\u00a0jeden Monat:<\/h2>\n\n\n\n            <section class=\"contentFigure contentFigure-- contentFigure--red \">\n            \t<div class=\"contentFigure__title\"><em><strong>Rentengewinne<\/strong><\/em><\/div>\n\n            \t<div class=\"contentFigure__list\">\n            \t\t\n\t\t\t\t\t<div class=\"contentFigure__item contentFigureItem\">\n\t\t\t\t\t\t<div class=\"contentFigureItem__inner\">\n\t\t\t\t\t\t\t<span class=\"contentFigureItem__date\"><span>Jeden Tag<\/span><span><\/span><\/span>\n\n\t\t\t\t\t\t\t<span class=\"contentFigureItem__win\">1\u00d7 1.000 \u20ac  <em>monatlich f\u00fcr 10 Jahre<\/em><\/span>\n\t\t\t\t\t\t<\/div>\n\t\t\t\t\t<\/div>\n\n\t\t\t\t\t<div class=\"contentFigure__item contentFigureItem\">\n\t\t\t\t\t\t<div class=\"contentFigureItem__inner\">\n\t\t\t\t\t\t\t<span class=\"contentFigureItem__date\"><span>Jede Woche<\/span><span><\/span><\/span>\n\n\t\t\t\t\t\t\t<span class=\"contentFigureItem__win\">2 \u00d7 2.500 \u20ac <em>monatlich f\u00fcr 10 Jahre<\/em><\/span>\n\t\t\t\t\t\t<\/div>\n\t\t\t\t\t<\/div>\n\n\t\t\t\t\t<div class=\"contentFigure__item contentFigureItem\">\n\t\t\t\t\t\t<div class=\"contentFigureItem__inner\">\n\t\t\t\t\t\t\t<span class=\"contentFigureItem__date\"><span>Jeden Monat<\/span><span><\/span><\/span>\n\n\t\t\t\t\t\t\t<span class=\"contentFigureItem__win\">3 \u00d7 5.000 \u20ac <em>monatlich f\u00fcr 10 Jahre<\/em><\/span>\n\t\t\t\t\t\t<\/div>\n\t\t\t\t\t<\/div>\n\n            \t<\/div>\n            <\/section>\n\t\t\t\n\n\n            <section class=\"contentFigure contentFigure-- contentFigure--red \">\n            \t<div class=\"contentFigure__title\"><strong><em>Geldgewinne<\/em><\/strong><\/div>\n\n            \t<div class=\"contentFigure__list\">\n            \t\t\n\t\t\t\t\t<div class=\"contentFigure__item contentFigureItem\">\n\t\t\t\t\t\t<div class=\"contentFigureItem__inner\">\n\t\t\t\t\t\t\t<span class=\"contentFigureItem__date\"><span>Jeden Tag<\/span><span><\/span><\/span>\n\n\t\t\t\t\t\t\t<span class=\"contentFigureItem__win\">5.000 x 20 \u20ac<\/span>\n\t\t\t\t\t\t<\/div>\n\t\t\t\t\t<\/div>\n\n\t\t\t\t\t<div class=\"contentFigure__item contentFigureItem\">\n\t\t\t\t\t\t<div class=\"contentFigureItem__inner\">\n\t\t\t\t\t\t\t<span class=\"contentFigureItem__date\"><span>Jede Woche<\/span><span><\/span><\/span>\n\n\t\t\t\t\t\t\t<span class=\"contentFigureItem__win\">1 x 50.000 \u20ac<\/span>\n\t\t\t\t\t\t<\/div>\n\t\t\t\t\t<\/div>\n\n\t\t\t\t\t<div class=\"contentFigure__item contentFigureItem\">\n\t\t\t\t\t\t<div class=\"contentFigureItem__inner\">\n\t\t\t\t\t\t\t<span class=\"contentFigureItem__date\"><span>Jeden Monat<\/span><span><\/span><\/span>\n\n\t\t\t\t\t\t\t<span class=\"contentFigureItem__win\">1 x 250.000 \u20ac\u00a0<\/span>\n\t\t\t\t\t\t<\/div>\n\t\t\t\t\t<\/div>\n\n            \t<\/div>\n            <\/section>\n\t\t\t\n\n\n            <section class=\"contentFigure contentFigure-- contentFigure--red \">\n            \t<div class=\"contentFigure__title\">Sonderziehung<\/div>\n\n            \t<div class=\"contentFigure__list\">\n            \t\t\n\t\t\t\t\t<div class=\"contentFigure__item contentFigureItem\">\n\t\t\t\t\t\t<div class=\"contentFigureItem__inner\">\n\t\t\t\t\t\t\t<span class=\"contentFigureItem__date\"><span><strong><strong>Oster<\/strong>-Sonderziehung <\/strong><\/span><span>15. April 2026<\/span><\/span>\n\n\t\t\t\t\t\t\t<span class=\"contentFigureItem__win\">1.000 \u00d7 1.000 \u20ac<\/span>\n\t\t\t\t\t\t<\/div>\n\t\t\t\t\t<\/div>\n\n            \t<\/div>\n            <\/section>\n\t\t\t\n\n\n<h2 class=\"wp-block-heading\"><strong>Ihre Altersvorsorge mit dem Extra-Kick: Flexibel und lukrativ<\/strong><\/h2>\n\n\n\n<p>Sichern Sie sich jeden Monat die Chance auf eine von \u00fcber 40 Sofort-Renten sowie mehr als 150.000 Geldgewinne. Sie haben die Wahl zwischen zwei attraktiven Varianten:<\/p>\n\n\n\n<p><strong>Der RentenJoker:<\/strong> F\u00fcr nur 5 \u20ac pro Monat spielen Sie um monatliche Renten mit einer Laufzeit von 10 Jahren.<\/p>\n\n\n\n<p><strong>Der RentenJoker PLUS:<\/strong> F\u00fcr 10 \u20ac pro Monat erhalten Sie zus\u00e4tzliche Chancen auf 3 Sofort-Renten von 1.000 \u20ac, 2.500 \u20ac und 5.000 \u20ac mit verdoppelter Sicherheit \u00fcber eine Laufzeit von 20 Jahren.<\/p>\n\n\n\n<p><strong>Maximale Freiheit:<\/strong> Sie k\u00f6nnen Ihre Gewinnchancen durch zus\u00e4tzliche Lose jederzeit erh\u00f6hen. Zudem bleiben Sie vollkommen flexibel: Ein Ein- oder Ausstieg ist monatlich problemlos m\u00f6glich.<\/p>\n\n\n\n<p>Au\u00dferdem gibt es in den gro\u00dfen <strong>OSTERGELD-<\/strong> und <strong>URLAUBSGELD-<\/strong>Sonderziehungen im April und Juni im RentenJoker jeweils<strong>1.000 x 1.000 \u20ac&nbsp;zus\u00e4tzlich zu gewinnen!<\/strong><\/p>\n\n\n\n\n","protected":false},"excerpt":{"rendered":"<p>RentenJoker Die sch\u00f6nsten Momente f\u00fcr die Rente! Jeden Monat 10-Jahres-Renten<\/p>\n","protected":false},"author":1,"featured_media":1673,"parent":26,"menu_order":0,"comment_status":"closed","ping_status":"closed","template":"","meta":{"footnotes":""},"class_list":["post-45","page","type-page","status-publish","has-post-thumbnail","hentry"],"_links":{"self":[{"href":"https:\/\/klassenlotterie.com\/de\/wp-json\/wp\/v2\/pages\/45","targetHints":{"allow":["GET"]}}],"collection":[{"href":"https:\/\/klassenlotterie.com\/de\/wp-json\/wp\/v2\/pages"}],"about":[{"href":"https:\/\/klassenlotterie.com\/de\/wp-json\/wp\/v2\/types\/page"}],"author":[{"embeddable":true,"href":"https:\/\/klassenlotterie.com\/de\/wp-json\/wp\/v2\/users\/1"}],"replies":[{"embeddable":true,"href":"https:\/\/klassenlotterie.com\/de\/wp-json\/wp\/v2\/comments?post=45"}],"version-history":[{"count":34,"href":"https:\/\/klassenlotterie.com\/de\/wp-json\/wp\/v2\/pages\/45\/revisions"}],"predecessor-version":[{"id":3867,"href":"https:\/\/klassenlotterie.com\/de\/wp-json\/wp\/v2\/pages\/45\/revisions\/3867"}],"up":[{"embeddable":true,"href":"https:\/\/klassenlotterie.com\/de\/wp-json\/wp\/v2\/pages\/26"}],"wp:featuredmedia":[{"embeddable":true,"href":"https:\/\/klassenlotterie.com\/de\/wp-json\/wp\/v2\/media\/1673"}],"wp:attachment":[{"href":"https:\/\/klassenlotterie.com\/de\/wp-json\/wp\/v2\/media?parent=45"}],"curies":[{"name":"wp","href":"https:\/\/api.w.org\/{rel}","templated":true}]}}