{"id":89,"date":"2019-09-23T21:20:16","date_gmt":"2019-09-23T21:20:16","guid":{"rendered":"https:\/\/qa.klassenlotterie.com\/?page_id=89"},"modified":"2021-03-17T12:01:09","modified_gmt":"2021-03-17T12:01:09","slug":"haeufige-fragen","status":"publish","type":"page","link":"https:\/\/klassenlotterie.com\/de\/kln\/haeufige-fragen\/","title":{"rendered":"H\u00e4ufige Fragen"},"content":{"rendered":"\n<h2 class=\"wp-block-heading\">Wir sind hier, um zu helfen\u2026<\/h2>\n\n\n\n<p>H\u00e4ufig gestelle Fragen ansehen<strong>.<\/strong><\/p>\n\n\n<div class=\"faqItem\" id=\"editor-content_7049\"><input id=\"faq-7049\" class=\"faqItem__input\" type=\"checkbox\"><label for=\"faq-7049\" class=\"faqItem__label\">Was ist &#8222;KlassenLotterie&#8220;? <\/label><div class=\"faqItem__value\"><p><br>Das Spiel \u201eKlassenLotterieNord \u201c (im Folgenden \u201eKLN-Spiel\u201c) wird von EU Lotto Ltd. veranstaltet. EU Lotto ist ein staatlich lizenzierter Buchmacher mit Sitz in Gibraltar (EU), dessen Hauptgesch\u00e4ft die Annahme von Wetten auf den Ausgang von Lotterien ist. EU Lotto h\u00e4lt u.a. eine Gl\u00fccksspiellizenz ausgestellt von der gibraltarischen Regierung. EU Lotto vermittelt keine Spielscheine staatlicher Lotterien, sondern veranstaltet Wetten auf den Ausgang von Lotterien. Eine Wette auf den Ausgang von folgenden Lotterien wird im Folgenden als \u201eLos\u201c bezeichnet.<\/p><\/div><\/div>\n\n<div class=\"faqItem\" id=\"editor-content_3071\"><input id=\"faq-3071\" class=\"faqItem__input\" type=\"checkbox\"><label for=\"faq-3071\" class=\"faqItem__label\">Was bedeutet eigentlich &#8222;Klassenlotterie&#8220;? <\/label><div class=\"faqItem__value\"><p><br>Eine Klassenlotterie ist in mehrere Spielabschnitte eingeteilt \u2013 die so genannten Klassen. Jede Lotterie besteht aus sechs Klassen. Jede Klasse dauert genau einen Monat. Eine Lotterie dauert also genau sechs Monate.<br><br>Pro Jahr startet das KLN-Spiel zwei Mal jeweils am 1. April und am 1. Oktober.<br><br>Die Anzahl der Gewinne und die Gewinnsummen steigen von Klasse zu Klasse.<br><br>Zur Teilnahme an dem Spiel wird nur ein Los bzw. ein Los-Anteil des KLN-Spiels ben\u00f6tigt.\u00a0<br><br>Wichtiger Hinweis: Lose sind unter allen Umst\u00e4nden vor Spielstart zu bezahlen, denn nur ein bezahltes Los ist ein gewinnberechtigtes Los\u00a0und nimmt teil.<br><br>Das Los gilt exakt einen Monat lang, das bedeutet, es muss f\u00fcr die n\u00e4chste Klasse erneut bezahlt werden. Bitte wenden Sie sich f\u00fcr ein Folgelos an Ihren Losverkauf.<\/p><\/div><\/div>\n\n<div class=\"faqItem\" id=\"editor-content_6807\"><input id=\"faq-6807\" class=\"faqItem__input\" type=\"checkbox\"><label for=\"faq-6807\" class=\"faqItem__label\">Was bedeutet eigentlich &#8222;Klassenlotto&#8220;? Worin unterscheidet sich das KLN-Spiel von Lotto oder Toto?<\/label><div class=\"faqItem__value\"><p><br>Garantiertes Gl\u00fcck: die Anzahl und die H\u00f6he der Gewinne sind immer garantiert. Sie sind unabh\u00e4ngig von der Zahl der verkauften Lose. <br><br>F\u00fcr jedes neue Gewinnspiel werden Gewinnsumme, Einzelgewinne und Zahl der Lose in einem Gewinnplan exakt festgelegt.<\/p><\/div><\/div>\n\n<div class=\"faqItem\" id=\"editor-content_4753\"><input id=\"faq-4753\" class=\"faqItem__input\" type=\"checkbox\"><label for=\"faq-4753\" class=\"faqItem__label\">Wie kann ich mitspielen? <\/label><div class=\"faqItem__value\"><p><br>Ein g\u00fcltiges Los kann schon morgen Ihr Millionengewinn sein. Bei den Losen haben Sie die Wahl zwischen ganzen Losen (160 Euro pro Klasse\/Monat), halben Losen (80 Euro pro Klasse\/Monat), Viertellosen (40 Euro pro Klasse\/Monat), Achtellosen (20 Euro pro Klasse\/Monat) und Sechzehntellosen (10 Euro pro Klasse\/Monat). <br><br>Jeder Mitspieler kann sich beim Kauf eines Loses zus\u00e4tzlich entscheiden, ob er an der Spielerg\u00e4nzung MillionenJoker teilnehmen m\u00f6chte. Beim MillionenJoker werden 230 Gewinne mit einer Gesamtgewinnsumme von 230 Millionen Euro verlost. Die Teilnahme kostet je Klasse 28 Euro f\u00fcr ein ganzes Los, 14 Euro f\u00fcr ein halbes Los, 7 Euro f\u00fcr ein Viertellos, 3,50 Euro f\u00fcr ein Achtellos und 1,75 Euro f\u00fcr ein Sechzehntellos.<br><br>F\u00fcr nur 5 Euro extra ist die Mitwirkung am Zusatzspiel RentenJoker m\u00f6glich.<br><br>Sobald eine Klasse zu Ende gespielt wurde, entscheiden Sie selbst, ob Sie weiterspielen m\u00f6chten oder nicht. Ihr Los nimmt erst an den folgenden Ziehungen gewinnberechtigt teil, wenn Sie Ihren Spieleinsatz rechtzeitig und in voller H\u00f6he\u00a0bezahlt haben.<br><br>Grandiose Gl\u00fcckslose: um alle Gewinnchancen auf einen von vielen Preisen zu nutzen, sollten Sie immer dabei sein und bis zur letzten Klasse mitspielen.<\/p><\/div><\/div>\n\n<div class=\"faqItem\" id=\"editor-content_5541\"><input id=\"faq-5541\" class=\"faqItem__input\" type=\"checkbox\"><label for=\"faq-5541\" class=\"faqItem__label\">Was kann ich gewinnen?<\/label><div class=\"faqItem__value\"><p><br>Zahlen sagen mehr als Worte: Werfen Sie einen umfassenden Blick auf den Gewinnplan des KLN-Spiels. Alle ver\u00f6ffentlichten Gewinne werden in jedem Fall ausgespielt. Dies wird Ihnen dank einer europ\u00e4ischen Lizenz garantiert. Die Gesamtgewinnsumme betr\u00e4gt aktuell \u00fcber 1,6 Milliarden Euro.<br><br>In jeder Klasse werden t\u00e4glich 1 x 1 Million Euro oder 100 x 10.000 Euro verlost. Zus\u00e4tzlich erfolgen die w\u00f6chentlichen Hauptziehungen, bei denen viele weitere hohe Geldgewinne ausgesch\u00fcttet werden.<br><br> Hoch, h\u00f6her, Jackpot: Sollte der Jackpot nicht geknackt werden, wird dieser auf die n\u00e4chste Klasse \u00fcbertragen. Au\u00dferdem erfolgen monatliche Sachgewinnziehungen (Traumreisen, Autos, H\u00e4user), \u00a0zus\u00e4tzliche Ziehungen (Gold-, Urlaubsgeldziehung etc.) sowie Verlosungen von insgesamt 300 steuerfreien Extra-Einkommen \u00e0 3.000 Euro monatlich f\u00fcr ein Jahr und 300 Kreuzfahrten \u00e0 12.000 Euro f\u00fcr 2 Personen. Zum Abschluss geht es dann in den 4 gro\u00dfen Hauptziehungen und dem MillionenFinale in der 6. Klasse um das richtig gro\u00dfe Geld. In der 6. Klasse werden 889.678 Gewinne im Gesamtwert von 963.330.000 Euro plus Jackpot ausgespielt!<br><br>Jeden Monat erh\u00f6ht sich die Zahl der Geldgewinne, was bedeutet, dass sich die Gesamtgewinnsumme pro Klasse stets vergr\u00f6\u00dfert.<br><br>Nutzen Sie also alle Chancen auf einen Millionengewinn und steigen Sie gleich in der 1. Klasse ein. <br><br>F\u00fcr nur 5 Euro extra haben Sie beim RentenJoker \u00fcberdies die Chance auf 10 unbeschwerte Jahre mit bis zu 5.000 Euro monatlich.<br><br>Durch die Teilnahme an der Spielerg\u00e4nzung MillionenJoker ergeben sich weitere 230 Zusatzchancen auf einen aufsehenerregenden Gewinn in H\u00f6he von 1 Million Euro.<br><br>(Alle Angaben gelten f\u00fcr das 143. KLN-Spiel &#8211; 1. Oktober 2019 \u2013 31. M\u00e4rz 2020)<br><br><em>Wahrscheinlichkeit von Gewinn und Verlust<\/em><br><br>Die Wahrscheinlichkeit, mit einem Los des Hauptspiels im Verlauf des 143. KLN-Spiels einen Gewinn mindestens in H\u00f6he des Lospreises f\u00fcr eine Klasse zu erzielen, betr\u00e4gt 1 : 1,84. Die Wahrscheinlichkeit, mit einem RentenJoker-Los im Verlauf des Spiels eine 10-Jahres-Rente zu gewinnen, betr\u00e4gt 1 : 10.000. Bei den von EU Lotto veranstalteten Spielen handelt es sich um Gl\u00fccksspiele. Das maximale Verlustrisiko ist der Spieleinsatz.<\/p><\/div><\/div>\n\n<div class=\"faqItem\" id=\"editor-content_5447\"><input id=\"faq-5447\" class=\"faqItem__input\" type=\"checkbox\"><label for=\"faq-5447\" class=\"faqItem__label\">Welches Los ist empfehlenswert?<\/label><div class=\"faqItem__value\"><p><br>Der Einsatz bestimmt den Gewinn. Daher erm\u00f6glichen wir die Teilnahme an unserem Spiel mit ganzen Losen (1\/1), halben Losen (1\/2), Viertellosen (1\/4), Achtellosen (1\/8) und Sechzehntellosen (1\/16). <br><br>Sie haben die Wahl, ob Sie mit einem, mehreren Losen oder einer Kombination spielen m\u00f6chten. Je nach Auswahl erh\u00f6ht sich Ihr Anteil an einem Gewinn bzw. die Trefferchance. Schon mit einer Losnummer, gespielt \u00fcber alle 6 Klassen, haben Sie eine Trefferchance von \u00fcber 54 %. Bei 3 Losen mit unterschiedlichen Endziffern, gespielt \u00fcber alle 6 Klassen, steigen Ihre Chancen auf \u00fcber 91 %.<br><br>Gewinnen kann so einfach sein: je gr\u00f6\u00dfer Ihr Losanteil, desto h\u00f6her ist Ihr Anteil am m\u00f6glichen Gewinn. Gewinnen Sie mit einem ganzen Los 1 Million Euro, so erhalten Sie mit einem Viertellos 250.000 Euro (1\/4 von 1 Million Euro) oder mit einem Achtellos 125.000 Euro (1\/8 von 1 Million Euro).<br><br>Lospreise pro Klasse<br>1\/1-Los        1\/2-Los     1\/4-Los     1\/8-Los     1\/16-Los<br>160 Euro    80 Euro     40 Euro     20 Euro     10 Euro<br><br>Lospreise inkl. MillionenJoker pro Klasse<br>1\/1-Los        1\/2-Los     1\/4-Los     1\/8-Los     1\/16-Los<br>188 Euro    94 Euro     47 Euro     23,50 Euro  11,75 Euro<\/p><\/div><\/div>\n\n<div class=\"faqItem\" id=\"editor-content_7047\"><input id=\"faq-7047\" class=\"faqItem__input\" type=\"checkbox\"><label for=\"faq-7047\" class=\"faqItem__label\">Ich spiele mit einem Losanteil. Wie werden Sachgewinne und das Extra-Einkommen ermittelt?<\/label><div class=\"faqItem__value\"><p><br>Ganz oder gar nicht: Selbstverst\u00e4ndlich erhalten Sie den Sachgewinn komplett bzw. das Extra-Einkommen in voller H\u00f6he, sofern Sie gewonnen haben.<br><br>Voraussetzung hierf\u00fcr ist der Buchstabe, den Sie am Ende Ihrer Losnummer sehen. Dieser muss mit dem gezogenen Buchstaben \u00fcbereinstimmen. F\u00fcr jeden Sachgewinn wird eine 7-stellige Gewinnnummer gezogen. <br><br>Sollte es sich bei der Losnummer um ein ganzes Los (1\/1-Los) handeln, steht der Gewinner sofort fest. Sollte die Losnummer in 1\/2-, 1\/4-, 1\/8- oder 1\/16-Teilung ausgegeben worden sein, wird der Gewinner durch eine zus\u00e4tzliche Ziehung eines Buchstabens ermittelt: Bei einem Los in 1\/2-Teilung ist dies der Buchstabe A oder B, bei 1\/4-Teilung A, B, C oder D, bei 1\/8-Teilung A, B, C, D, E, F, G oder H und bei 1\/16-Teilung A, B, C, D, E, F, G, H, I, J, K, L, M, N, O oder P. Ganze Lose tragen stets den Buchstaben A.<\/p><\/div><\/div>\n\n<div class=\"faqItem\" id=\"editor-content_6819\"><input id=\"faq-6819\" class=\"faqItem__input\" type=\"checkbox\"><label for=\"faq-6819\" class=\"faqItem__label\">Wie werden die Gewinnzahlen ermittelt?<\/label><div class=\"faqItem__value\"><p><br>Wer Gewinne ernten m\u00f6chte, sollte Vertrauen s\u00e4en. Die Gewinnnummern der KLN-Spiele entsprechen den Ziehungsergebnissen staatlicher Lotterien in Deutschland. Bei den Jackpot-Ziehungen der 1. bis 5. Klasse wird zun\u00e4chst eine Vorziehung durchgef\u00fchrt. Dabei wird eine Ziffer aus den Ziffern 0 bis 2 gezogen. Wird die 0 gezogen, so wird direkt im Anschluss eine 7-stellige Gewinnnummer ermittelt, auf die der Jackpot-Gewinn entf\u00e4llt. Wird eine der Ziffern 1 oder 2 gezogen, so wird der in der Jackpot-Ziehung zur Verlosung stehende Gewinn auf die Jackpot-Ziehung der Folgeklasse \u00fcbertragen und dem dort zur Verlosung stehenden Gewinn aufgeschlagen. In der 6. Klasse wird die Gewinnnummer ohne Vorziehung ermittelt. <br><br>In den Sachgewinnziehungen werden Reisen, Autos und H\u00e4user verlost. F\u00fcr jeden dieser Gewinne wird eine 7-stellige Gewinnnummer gezogen. Handelt es sich bei dieser Losnummer um ein ganzes Los, steht der Gewinner sofort fest. Werden einzelne Abschnitte des Loses gespielt, wird der Gewinner durch die zus\u00e4tzliche Ziehung eines Buchstabens ermittelt. Deshalb ist hinter jeder Losnummer stets ein Buchstabe zur Kennzeichnung des Losabschnitts sichtbar. Die Gewinnnummern der Extra-Einkommen werden wie die Sachgewinne einschlie\u00dflich eines Buchstabens ermittelt, somit muss der Gewinner nicht mit anderen Spielteilnehmern teilen.<\/p><\/div><\/div>\n\n<div class=\"faqItem\" id=\"editor-content_6802\"><input id=\"faq-6802\" class=\"faqItem__input\" type=\"checkbox\"><label for=\"faq-6802\" class=\"faqItem__label\">Kann ich in einem bereits laufenden Spiel mitspielen?<\/label><div class=\"faqItem__value\"><p><br>Sie haben jederzeit die M\u00f6glichkeit, in ein bereits gestartetes Spiel einzusteigen. Je fr\u00fcher Sie jedoch einsteigen, desto h\u00f6her sind Ihre Chancen auf tolle Gewinne.<br><br>Noch besser: Sie verpassen erst gar nicht den Start der Lotterie. Start einer Lotterie ist immer der 1. April und 1. Oktober eines Jahres.<br><br>Kaufen Sie im sp\u00e4teren Verlauf einer Lotterie ein Los, so ist der Lospreis leider auch f\u00fcr die vorhergehenden Klassen zu zahlen. Warum? F\u00fcr s\u00e4mtliche im Spiel befindlichen Lose sind die Spieleins\u00e4tze f\u00fcr alle Klassen zu bezahlen, da ansonsten die im Gewinnplan garantierten Gewinnsummen nicht ausgesch\u00fcttet werden k\u00f6nnten.<br><br>Wie im Hauptspiel k\u00f6nnen Sie nat\u00fcrlich auch beim RentenJoker in eine laufende Lotterie einsteigen. Im Gegensatz zum Hauptspiel brauchen Sie bereits gespielte Vorklassen nicht nachzahlen. So sind Sie jederzeit flexibel in der Wahl Ihres Spieleinstiegs.<\/p><\/div><\/div>\n\n<div class=\"faqItem\" id=\"editor-content_2987\"><input id=\"faq-2987\" class=\"faqItem__input\" type=\"checkbox\"><label for=\"faq-2987\" class=\"faqItem__label\">Wie erfahre ich von meinem Gewinn?<\/label><div class=\"faqItem__value\"><p><br>Auf unserer Online-Seite haben Sie jederzeit die M\u00f6glichkeit, sich \u00fcber alle Gewinne zu informieren. Dar\u00fcber hinaus steht Ihnen die monatliche Gewinnliste zum Abruf zur Verf\u00fcgung.<br><br>Sie k\u00f6nnen sich nat\u00fcrlich auch jederzeit selbst \u00fcber den Gewinnzahlen-Abruf auf der Startseite informieren.<\/p><\/div><\/div>\n\n<div class=\"faqItem\" id=\"editor-content_8120\"><input id=\"faq-8120\" class=\"faqItem__input\" type=\"checkbox\"><label for=\"faq-8120\" class=\"faqItem__label\">Muss ich meinen Gewinn versteuern? <\/label><div class=\"faqItem__value\"><p><br>Dies h\u00e4ngt von den jeweiligen Steuergesetzen Ihres Heimatlandes ab. Bitte informieren Sie sich bei den entsprechenden Steuerbeh\u00f6rden.<\/p><\/div><\/div>\n\n<div class=\"faqItem\" id=\"editor-content_9689\"><input id=\"faq-9689\" class=\"faqItem__input\" type=\"checkbox\"><label for=\"faq-9689\" class=\"faqItem__label\">Ist ein Mehrfachgewinn mit einer Losnummer m\u00f6glich?<\/label><div class=\"faqItem__value\"><p><br>Hopp oder Topp! Nat\u00fcrlich ist ein Mehrfachgewinn m\u00f6glich. Jede Losnummer, die einmal gewonnen hat, bleibt im Spiel und ist f\u00fcr kommende Ziehungen erneut gewinnberechtigt.<br><br>Nur die Losnummern, die in den 4 gro\u00dfen Hauptziehungen der 6. Klasse gewinnen, scheiden am Tag vor der jeweils n\u00e4chsten gro\u00dfen Haupt- bzw. der Superziehung aus der Lotterie aus. <br><br>Das ist aber l\u00e4ngst nicht alles, denn wenn Sie zu den Gewinnern geh\u00f6ren, haben Sie die M\u00f6glichkeit, \u00fcber ein Anschlusslos die 6. Klasse bis zum Ende zu spielen. Somit sichern Sie Ihre Chancen auf die Gro\u00dfgewinne der 6. Klasse und einen sagenhaften Jackpot.<\/p><\/div><\/div>\n\n<div class=\"faqItem\" id=\"editor-content_7167\"><input id=\"faq-7167\" class=\"faqItem__input\" type=\"checkbox\"><label for=\"faq-7167\" class=\"faqItem__label\">Wer kann an dem KLN-Spiel teilnehmen?<\/label><div class=\"faqItem__value\"><p><br>Leider k\u00f6nnen Spieler innerhalb Deutschlands nicht teilnehmen.<\/p><\/div><\/div>\n\n\n<div style=\"height:21px\" aria-hidden=\"true\" class=\"wp-block-spacer\"><\/div>\n\n\n\n<p>Ben\u00f6tigst du Hilfe? Kontaktiere uns.<\/p>\n","protected":false},"excerpt":{"rendered":"<p>Wir sind hier, um zu helfen\u2026 H\u00e4ufig gestelle Fragen ansehen.<\/p>\n","protected":false},"author":1,"featured_media":1679,"parent":26,"menu_order":0,"comment_status":"closed","ping_status":"closed","template":"page-contact.php","meta":{"footnotes":""},"class_list":["post-89","page","type-page","status-publish","has-post-thumbnail","hentry"],"_links":{"self":[{"href":"https:\/\/klassenlotterie.com\/de\/wp-json\/wp\/v2\/pages\/89","targetHints":{"allow":["GET"]}}],"collection":[{"href":"https:\/\/klassenlotterie.com\/de\/wp-json\/wp\/v2\/pages"}],"about":[{"href":"https:\/\/klassenlotterie.com\/de\/wp-json\/wp\/v2\/types\/page"}],"author":[{"embeddable":true,"href":"https:\/\/klassenlotterie.com\/de\/wp-json\/wp\/v2\/users\/1"}],"replies":[{"embeddable":true,"href":"https:\/\/klassenlotterie.com\/de\/wp-json\/wp\/v2\/comments?post=89"}],"version-history":[{"count":4,"href":"https:\/\/klassenlotterie.com\/de\/wp-json\/wp\/v2\/pages\/89\/revisions"}],"predecessor-version":[{"id":991,"href":"https:\/\/klassenlotterie.com\/de\/wp-json\/wp\/v2\/pages\/89\/revisions\/991"}],"up":[{"embeddable":true,"href":"https:\/\/klassenlotterie.com\/de\/wp-json\/wp\/v2\/pages\/26"}],"wp:featuredmedia":[{"embeddable":true,"href":"https:\/\/klassenlotterie.com\/de\/wp-json\/wp\/v2\/media\/1679"}],"wp:attachment":[{"href":"https:\/\/klassenlotterie.com\/de\/wp-json\/wp\/v2\/media?parent=89"}],"curies":[{"name":"wp","href":"https:\/\/api.w.org\/{rel}","templated":true}]}}